{"id":864,"date":"2018-10-15T11:40:32","date_gmt":"2018-10-15T09:40:32","guid":{"rendered":"https:\/\/www.capson.fr\/?post_type=product&#038;p=864"},"modified":"2020-06-10T14:44:42","modified_gmt":"2020-06-10T12:44:42","slug":"pa653u","status":"publish","type":"product","link":"https:\/\/www.capson.fr\/?product=pa653u","title":{"rendered":"PA653U"},"content":{"rendered":"<div id=\"page\" class=\"off-canvas-wrapper\">\n<div class=\"off-canvas-wrapper-inner\" data-off-canvas-wrapper=\"\">\n<div class=\"off-canvas-content\" data-off-canvas-content=\"\">\n<section class=\"row\">\n<div class=\"column\">\n<div id=\"tab-container\">\n<div id=\"tab-content\">\n<section id=\"overview\">\n<div class=\"row\">\n<div class=\"column medium-6\">\n<p>Ce projecteur LCD compact \u00e0 6&nbsp;500 lumen et dot\u00e9 de la r\u00e9solution WUXGA se d\u00e9marque non seulement de la concurrence gr\u00e2ce \u00e0 sa technologie unique de traitement de la couleur, mais aussi gr\u00e2ce \u00e0 ses incroyables options d&rsquo;installation, au d\u00e9calage de l&rsquo;objectif (\u00ab&nbsp;lens shift&nbsp;\u00bb) motoris\u00e9, \u00e0 la fonction mise au point et zoom, qui facilitent le param\u00e9trage. L&rsquo;interface HDBaseT unique permet la configuration en cha\u00eene boucl\u00e9e sur plusieurs projecteurs via des c\u00e2bles r\u00e9seau \u00e9conomiques reli\u00e9s \u00e0 une source unique afin de r\u00e9duire les frais d&rsquo;installation. Comme sur un couteau suisse, les fonctions essentielles sont nombreuses&nbsp;: gestion du protocole des droits d&rsquo;auteur le plus r\u00e9cent pour lire des contenus en 4K et en Ultra Blu-ray, lampe longue dur\u00e9e et filtre \u00e0 dur\u00e9e de vie allong\u00e9e pour profiter d&rsquo;un co\u00fbt total de possession ultra-attractif.<\/p>\n<p>Tous ces atouts font du PA653U de NEC un vid\u00e9oprojecteur parfaitement adapt\u00e9 aux utilisations dans les salles de r\u00e9union, de cours et de s\u00e9minaires dans les entreprises ou les \u00e9tablissements d&rsquo;enseignement sup\u00e9rieur<\/p>\n<\/div>\n<\/div>\n<\/section>\n<section class=\"awards\"><\/section>\n<\/div>\n<\/div>\n<\/div>\n<\/section>\n<\/div>\n<\/div>\n<\/div>\n<div id=\"privacyHint\" class=\"privacy-hint is-visible\">\n<div class=\"privacy-hint__row\">\n<div class=\"privacy-hint__column privacy-hint__column--action\">\n<div class=\"jsFpBulletPointMore\">&nbsp;<\/div>\n<\/div>\n<\/div>\n<\/div>\n","protected":false},"excerpt":{"rendered":"<p>Si votre activit\u00e9 professionnelle exige une exceptionnelle qualit\u00e9 de visualisation, des couleurs ultra-brillantes et un contraste dynamique saisissant, le vid\u00e9oprojecteur PA653U de NEC est fait pour vous.<\/p>\n<ul>\n<li>Projecteur 3LCD &#8211; 1080p<\/li>\n<li>Luminosit\u00e9 : 6500 ANSI lumens<\/li>\n<li>R\u00e9solution : WUXGA &#8211; WUXGA (1920 x 1200) (natif) &#8211; 4096 x 2160 (redimensionnement)<\/li>\n<li>Dur\u00e9e de vie de la lampe : Jusqu&rsquo;\u00e0 4000 heures &#8211; jusqu&rsquo;\u00e0 5000 heures (mode \u00e9conomique)<\/li>\n<li>Interfaces vid\u00e9o : VGA, HDMI, DisplayPort, HDBaseT<\/li>\n<li>Modes vid\u00e9o : 1080-24p, 1080-60i, 480-60p, 720-60p, 1080-50i, 720-50p, 576-50p, 1080-50p, 1080-60p, 1080-30p, 1080-25p, 576-50i, 480-50i, 4K<\/li>\n<li>Taille d&rsquo;image : 101.6 cm &#8211; 1270 cm<\/li>\n<\/ul>\n<div class=\"jsFpBulletPointMore\">&nbsp;<\/div>\n","protected":false},"featured_media":865,"template":"","meta":{"ngg_post_thumbnail":0},"product_cat":[25,24],"product_tag":[],"_links":{"self":[{"href":"https:\/\/www.capson.fr\/index.php?rest_route=\/wp\/v2\/product\/864"}],"collection":[{"href":"https:\/\/www.capson.fr\/index.php?rest_route=\/wp\/v2\/product"}],"about":[{"href":"https:\/\/www.capson.fr\/index.php?rest_route=\/wp\/v2\/types\/product"}],"version-history":[{"count":4,"href":"https:\/\/www.capson.fr\/index.php?rest_route=\/wp\/v2\/product\/864\/revisions"}],"predecessor-version":[{"id":874,"href":"https:\/\/www.capson.fr\/index.php?rest_route=\/wp\/v2\/product\/864\/revisions\/874"}],"wp:featuredmedia":[{"embeddable":true,"href":"https:\/\/www.capson.fr\/index.php?rest_route=\/wp\/v2\/media\/865"}],"wp:attachment":[{"href":"https:\/\/www.capson.fr\/index.php?rest_route=%2Fwp%2Fv2%2Fmedia&parent=864"}],"wp:term":[{"taxonomy":"product_cat","embeddable":true,"href":"https:\/\/www.capson.fr\/index.php?rest_route=%2Fwp%2Fv2%2Fproduct_cat&post=864"},{"taxonomy":"product_tag","embeddable":true,"href":"https:\/\/www.capson.fr\/index.php?rest_route=%2Fwp%2Fv2%2Fproduct_tag&post=864"}],"curies":[{"name":"wp","href":"https:\/\/api.w.org\/{rel}","templated":true}]}}