{"id":850,"date":"2018-07-30T10:40:19","date_gmt":"2018-07-30T08:40:19","guid":{"rendered":"https:\/\/www.capson.fr\/?post_type=product&#038;p=850"},"modified":"2018-07-30T10:40:20","modified_gmt":"2018-07-30T08:40:20","slug":"bpa-2120","status":"publish","type":"product","link":"https:\/\/www.capson.fr\/?product=bpa-2120","title":{"rendered":"BPA 2120"},"content":{"rendered":"<p><span class=\"fontstyle0\">Le BPA est un amplificateur bridgeable d\u2019une hauteur 2U et qui s\u2019int\u00e8gre dans les baies 19\u2019\u2019. En mode veille, sa consommation \u00e9lectrique est extr\u00eamement faible soit 0.9 W par canal. L\u2019amplificateur int\u00e8gre un transformateur isol\u00e9 pour la distribution de lignes haut-parleurs 100V, 50V, 8 Ohms ou 70V, 35V 8 Ohms, ainsi que des entr\u00e9es ligne audio avec prise XLR sym\u00e9trique et connecteurs phoenix. Puissance 2x120W.<\/span><\/p>\n","protected":false},"excerpt":{"rendered":"<p>Le BPA est un amplificateur bridgeable d\u2019une hauteur 2U et qui s\u2019int\u00e8gre dans les baies 19\u2019\u2019. En mode veille, sa consommation \u00e9lectrique est extr\u00eamement faible soit 0.9 W par canal. L\u2019amplificateur int\u00e8gre un transformateur isol\u00e9 pour la distribution de lignes haut-parleurs 100V, 50V, 8 Ohms ou 70V, 35V 8 Ohms, ainsi que des entr\u00e9es ligne [&hellip;]<\/p>\n","protected":false},"featured_media":852,"template":"","meta":{"ngg_post_thumbnail":0},"product_cat":[19],"product_tag":[],"_links":{"self":[{"href":"https:\/\/www.capson.fr\/index.php?rest_route=\/wp\/v2\/product\/850"}],"collection":[{"href":"https:\/\/www.capson.fr\/index.php?rest_route=\/wp\/v2\/product"}],"about":[{"href":"https:\/\/www.capson.fr\/index.php?rest_route=\/wp\/v2\/types\/product"}],"version-history":[{"count":1,"href":"https:\/\/www.capson.fr\/index.php?rest_route=\/wp\/v2\/product\/850\/revisions"}],"predecessor-version":[{"id":853,"href":"https:\/\/www.capson.fr\/index.php?rest_route=\/wp\/v2\/product\/850\/revisions\/853"}],"wp:featuredmedia":[{"embeddable":true,"href":"https:\/\/www.capson.fr\/index.php?rest_route=\/wp\/v2\/media\/852"}],"wp:attachment":[{"href":"https:\/\/www.capson.fr\/index.php?rest_route=%2Fwp%2Fv2%2Fmedia&parent=850"}],"wp:term":[{"taxonomy":"product_cat","embeddable":true,"href":"https:\/\/www.capson.fr\/index.php?rest_route=%2Fwp%2Fv2%2Fproduct_cat&post=850"},{"taxonomy":"product_tag","embeddable":true,"href":"https:\/\/www.capson.fr\/index.php?rest_route=%2Fwp%2Fv2%2Fproduct_tag&post=850"}],"curies":[{"name":"wp","href":"https:\/\/api.w.org\/{rel}","templated":true}]}}