{"id":840,"date":"2018-07-30T09:04:50","date_gmt":"2018-07-30T07:04:50","guid":{"rendered":"https:\/\/www.capson.fr\/?post_type=product&#038;p=840"},"modified":"2018-07-30T09:04:51","modified_gmt":"2018-07-30T07:04:51","slug":"pmd-500d-marantz","status":"publish","type":"product","link":"https:\/\/www.capson.fr\/?product=pmd-500d-marantz","title":{"rendered":"PMD 500D MARANTZ"},"content":{"rendered":"<p><span class=\"fontstyle0\">Le lecteur multim\u00e9dia PMD-500D compatible avec les supports CD, DVD, SD\/SDHC et USB r\u00e9pond \u00e0 toutes les exigences pour les installations commerciales. La possibilit\u00e9 de lire plusieurs formats de m\u00e9dia coupl\u00e9e avec plusieurs configurations de sortie audio \/ vid\u00e9o, et le contr\u00f4le RS-232C assure au PMD-500D une extr\u00eame polyvalence.<\/span><\/p>\n","protected":false},"excerpt":{"rendered":"<p>Le lecteur multim\u00e9dia PMD-500D compatible avec les supports CD, DVD, SD\/SDHC et USB r\u00e9pond \u00e0 toutes les exigences pour les installations commerciales. La possibilit\u00e9 de lire plusieurs formats de m\u00e9dia coupl\u00e9e avec plusieurs configurations de sortie audio \/ vid\u00e9o, et le contr\u00f4le RS-232C assure au PMD-500D une extr\u00eame polyvalence.<\/p>\n","protected":false},"featured_media":842,"template":"","meta":{"ngg_post_thumbnail":0},"product_cat":[21],"product_tag":[],"_links":{"self":[{"href":"https:\/\/www.capson.fr\/index.php?rest_route=\/wp\/v2\/product\/840"}],"collection":[{"href":"https:\/\/www.capson.fr\/index.php?rest_route=\/wp\/v2\/product"}],"about":[{"href":"https:\/\/www.capson.fr\/index.php?rest_route=\/wp\/v2\/types\/product"}],"version-history":[{"count":1,"href":"https:\/\/www.capson.fr\/index.php?rest_route=\/wp\/v2\/product\/840\/revisions"}],"predecessor-version":[{"id":843,"href":"https:\/\/www.capson.fr\/index.php?rest_route=\/wp\/v2\/product\/840\/revisions\/843"}],"wp:featuredmedia":[{"embeddable":true,"href":"https:\/\/www.capson.fr\/index.php?rest_route=\/wp\/v2\/media\/842"}],"wp:attachment":[{"href":"https:\/\/www.capson.fr\/index.php?rest_route=%2Fwp%2Fv2%2Fmedia&parent=840"}],"wp:term":[{"taxonomy":"product_cat","embeddable":true,"href":"https:\/\/www.capson.fr\/index.php?rest_route=%2Fwp%2Fv2%2Fproduct_cat&post=840"},{"taxonomy":"product_tag","embeddable":true,"href":"https:\/\/www.capson.fr\/index.php?rest_route=%2Fwp%2Fv2%2Fproduct_tag&post=840"}],"curies":[{"name":"wp","href":"https:\/\/api.w.org\/{rel}","templated":true}]}}