{"id":825,"date":"2018-05-09T08:45:42","date_gmt":"2018-05-09T06:45:42","guid":{"rendered":"https:\/\/www.capson.fr\/?post_type=product&#038;p=825"},"modified":"2020-06-17T11:23:10","modified_gmt":"2020-06-17T09:23:10","slug":"machine-a-danser","status":"publish","type":"product","link":"https:\/\/www.capson.fr\/?product=machine-a-danser","title":{"rendered":"Machine \u00e0 danser"},"content":{"rendered":"<p><span style=\"margin: 0px; color: #1f497d; font-family: 'Calibri','sans-serif'; font-size: 11pt;\">La machine \u00e0 danser nous permet de r\u00e9pondre parfaitement \u00e0 vos attente pour votre soir\u00e9e, elle sera personnalis\u00e9e et tout \u00e0 fait en mesure de g\u00e9rer l\u2019animation en fonction des diff\u00e9rentes phases de votre \u00e9v\u00e8nement. Pour cela, si vous \u00eates int\u00e9ress\u00e9, nous vous conseillons de r\u00e9server au plus t\u00f4t la machine \u00e0 danser pour votre \u00e9v\u00e8nement, sachant qu\u2019il arrive que nous ne puissions pas satisfaire toute les demandes d\u2019une m\u00eame date.<\/span><\/p>\n<p><span style=\"margin: 0px; color: #1f497d; font-family: 'Calibri','sans-serif'; font-size: 11pt;\">Vous nous retournerez alors le document renseign\u00e9, avec vos choix de musique et toutes vos exigences, musique de d\u00e9but, cocktail, repas, danse, chants, Quizz, etc\u2026<\/span><\/p>\n<p><span style=\"margin: 0px; color: #1f497d; font-family: 'Calibri','sans-serif'; font-size: 11pt;\">Il n\u2019y a pas de contrainte de temps, heure d\u2019arriv\u00e9e et heure de d\u00e9part, c\u2019est vous qui g\u00e9rez avec une extr\u00eame simplicit\u00e9 et autant de souplesse.<\/span><\/p>\n<p><span style=\"margin: 0px; color: #1f497d; font-family: 'Calibri','sans-serif'; font-size: 11pt;\">Bien \u00e9videmment cette machine peut \u00eatre compl\u00e9t\u00e9e par de l\u2019animation lumi\u00e8re, machine \u00e0 fum\u00e9e et autre. <\/span><\/p>\n","protected":false},"excerpt":{"rendered":"<p>La machine \u00e0 danser nous permet de r\u00e9pondre parfaitement \u00e0 vos attente pour votre soir\u00e9e, elle sera personnalis\u00e9e et tout \u00e0 fait en mesure de g\u00e9rer l\u2019animation en fonction des diff\u00e9rentes phases de votre \u00e9v\u00e8nement. Pour cela, si vous \u00eates int\u00e9ress\u00e9, nous vous conseillons de r\u00e9server au plus t\u00f4t la machine \u00e0 danser pour votre [&hellip;]<\/p>\n","protected":false},"featured_media":15258,"template":"","meta":{"ngg_post_thumbnail":0},"product_cat":[48],"product_tag":[],"_links":{"self":[{"href":"https:\/\/www.capson.fr\/index.php?rest_route=\/wp\/v2\/product\/825"}],"collection":[{"href":"https:\/\/www.capson.fr\/index.php?rest_route=\/wp\/v2\/product"}],"about":[{"href":"https:\/\/www.capson.fr\/index.php?rest_route=\/wp\/v2\/types\/product"}],"version-history":[{"count":2,"href":"https:\/\/www.capson.fr\/index.php?rest_route=\/wp\/v2\/product\/825\/revisions"}],"predecessor-version":[{"id":15259,"href":"https:\/\/www.capson.fr\/index.php?rest_route=\/wp\/v2\/product\/825\/revisions\/15259"}],"wp:featuredmedia":[{"embeddable":true,"href":"https:\/\/www.capson.fr\/index.php?rest_route=\/wp\/v2\/media\/15258"}],"wp:attachment":[{"href":"https:\/\/www.capson.fr\/index.php?rest_route=%2Fwp%2Fv2%2Fmedia&parent=825"}],"wp:term":[{"taxonomy":"product_cat","embeddable":true,"href":"https:\/\/www.capson.fr\/index.php?rest_route=%2Fwp%2Fv2%2Fproduct_cat&post=825"},{"taxonomy":"product_tag","embeddable":true,"href":"https:\/\/www.capson.fr\/index.php?rest_route=%2Fwp%2Fv2%2Fproduct_tag&post=825"}],"curies":[{"name":"wp","href":"https:\/\/api.w.org\/{rel}","templated":true}]}}