{"id":795,"date":"2018-04-06T14:44:56","date_gmt":"2018-04-06T12:44:56","guid":{"rendered":"https:\/\/www.capson.fr\/?post_type=product&#038;p=795"},"modified":"2018-04-06T14:47:58","modified_gmt":"2018-04-06T12:47:58","slug":"ewampbt","status":"publish","type":"product","link":"https:\/\/www.capson.fr\/?product=ewampbt","title":{"rendered":"EWAMPBT"},"content":{"rendered":"<p>ECLER ESSENTIALS eWAMPBT est un amplificateur mural compact st\u00e9r\u00e9o comprenant un lecteur multim\u00e9dia int\u00e9gr\u00e9 ( USB et micro SD), un tuner FM et un r\u00e9cepteur BT sans fil, ainsi que deux entr\u00e9es&nbsp; AUX suppl\u00e9mentaires. T\u00e9l\u00e9commande infrarouge et bo\u00eetier mural inclus.<\/p>\n","protected":false},"excerpt":{"rendered":"<p>Amplificateur mural compact st\u00e9r\u00e9o comprenant un lecteur multim\u00e9dia<\/p>\n","protected":false},"featured_media":796,"template":"","meta":{"ngg_post_thumbnail":0},"product_cat":[17,19],"product_tag":[],"_links":{"self":[{"href":"https:\/\/www.capson.fr\/index.php?rest_route=\/wp\/v2\/product\/795"}],"collection":[{"href":"https:\/\/www.capson.fr\/index.php?rest_route=\/wp\/v2\/product"}],"about":[{"href":"https:\/\/www.capson.fr\/index.php?rest_route=\/wp\/v2\/types\/product"}],"version-history":[{"count":2,"href":"https:\/\/www.capson.fr\/index.php?rest_route=\/wp\/v2\/product\/795\/revisions"}],"predecessor-version":[{"id":799,"href":"https:\/\/www.capson.fr\/index.php?rest_route=\/wp\/v2\/product\/795\/revisions\/799"}],"wp:featuredmedia":[{"embeddable":true,"href":"https:\/\/www.capson.fr\/index.php?rest_route=\/wp\/v2\/media\/796"}],"wp:attachment":[{"href":"https:\/\/www.capson.fr\/index.php?rest_route=%2Fwp%2Fv2%2Fmedia&parent=795"}],"wp:term":[{"taxonomy":"product_cat","embeddable":true,"href":"https:\/\/www.capson.fr\/index.php?rest_route=%2Fwp%2Fv2%2Fproduct_cat&post=795"},{"taxonomy":"product_tag","embeddable":true,"href":"https:\/\/www.capson.fr\/index.php?rest_route=%2Fwp%2Fv2%2Fproduct_tag&post=795"}],"curies":[{"name":"wp","href":"https:\/\/api.w.org\/{rel}","templated":true}]}}