{"id":785,"date":"2018-03-21T15:58:13","date_gmt":"2018-03-21T14:58:13","guid":{"rendered":"https:\/\/www.capson.fr\/?post_type=product&#038;p=785"},"modified":"2018-03-21T16:05:36","modified_gmt":"2018-03-21T15:05:36","slug":"785","status":"publish","type":"product","link":"https:\/\/www.capson.fr\/?product=785","title":{"rendered":"CLICKSHARE  CSE 200"},"content":{"rendered":"<p>La cr\u00e9ativit\u00e9 est une qualit\u00e9 essentielle au sein d\u2019une entreprise. Gr\u00e2ce \u00e0 ClickShare, vos id\u00e9es b\u00e9n\u00e9ficient de l\u2019attention qu\u2019elles m\u00e9ritent. Ce syst\u00e8me de pr\u00e9sentation sans fil vous permet de partager le contenu de votre ordinateur portable ou appareil mobile directement sur l\u2019\u00e9cran de pr\u00e9sentation, en toute simplicit\u00e9. Pas de c\u00e2bles, pas d\u2019installation, pas d\u2019attente.<\/p>\n<h3>Branchez-vous et faites la diff\u00e9rence<\/h3>\n<p>Le CSE-200 offre l\u2019exp\u00e9rience ClickShare aux petites et moyennes salles de r\u00e9union. Tout le monde peut se connecter en un clic et partager imm\u00e9diatement du contenu, m\u00eame les invit\u00e9s. Aucune formation n\u2019est n\u00e9cessaire. Il suffit de brancher un p\u00e9riph\u00e9rique USB (le ClickShare Button) sur un PC ou un Mac et de cliquer sur le bouton pour afficher le contenu de l\u2019ordinateur sur le grand \u00e9cran de la salle de r\u00e9union. Gr\u00e2ce \u00e0 l\u2019application ClickShare, vous pouvez aussi partager le contenu de votre t\u00e9l\u00e9phone mobile ou de votre tablette.<\/p>\n<h3>Encourager la collaboration<\/h3>\n<p>Le CSE-200 a \u00e9t\u00e9 cr\u00e9\u00e9 pour les d\u00e9ploiements en entreprise et offre des fonctions de s\u00e9curit\u00e9 avanc\u00e9es, un plus grand nombre d\u2019options de connectivit\u00e9, notamment la prise en charge d\u2019AirPlay et de Google Cast pour le contenu non&nbsp;HDCP, et une capacit\u00e9 de gestion centrale. En permettant \u00e0 2&nbsp;personnes de partager simultan\u00e9ment du contenu, le CSE-200 garantit une connectivit\u00e9 directe avec l\u2019\u00e9cran central et favorise la collaboration. Pour plus de simplicit\u00e9, les fonctions de s\u00e9curit\u00e9 du CSE-200 peuvent \u00eatre param\u00e9tr\u00e9es sur l\u2019un des trois niveaux pr\u00e9d\u00e9finis, selon les besoins et la politique de l\u2019entreprise. Et cerise sur le g\u00e2teau, l\u2019API du dispositif permet d\u2019int\u00e9grer en toute simplicit\u00e9 le syst\u00e8me au r\u00e9seau de l\u2019entreprise.<\/p>\n","protected":false},"excerpt":{"rendered":"<p>La cr\u00e9ativit\u00e9 est une qualit\u00e9 essentielle au sein d\u2019une entreprise. Gr\u00e2ce \u00e0 ClickShare, vos id\u00e9es b\u00e9n\u00e9ficient de l\u2019attention qu\u2019elles m\u00e9ritent. Ce syst\u00e8me de pr\u00e9sentation sans fil vous permet de partager le contenu de votre ordinateur portable ou appareil mobile directement sur l\u2019\u00e9cran de pr\u00e9sentation, en toute simplicit\u00e9. Pas de c\u00e2bles, pas d\u2019installation, pas d\u2019attente.<\/p>\n<h3>&nbsp;<\/h3>\n","protected":false},"featured_media":786,"template":"","meta":{"ngg_post_thumbnail":0},"product_cat":[30,24],"product_tag":[],"_links":{"self":[{"href":"https:\/\/www.capson.fr\/index.php?rest_route=\/wp\/v2\/product\/785"}],"collection":[{"href":"https:\/\/www.capson.fr\/index.php?rest_route=\/wp\/v2\/product"}],"about":[{"href":"https:\/\/www.capson.fr\/index.php?rest_route=\/wp\/v2\/types\/product"}],"version-history":[{"count":2,"href":"https:\/\/www.capson.fr\/index.php?rest_route=\/wp\/v2\/product\/785\/revisions"}],"predecessor-version":[{"id":790,"href":"https:\/\/www.capson.fr\/index.php?rest_route=\/wp\/v2\/product\/785\/revisions\/790"}],"wp:featuredmedia":[{"embeddable":true,"href":"https:\/\/www.capson.fr\/index.php?rest_route=\/wp\/v2\/media\/786"}],"wp:attachment":[{"href":"https:\/\/www.capson.fr\/index.php?rest_route=%2Fwp%2Fv2%2Fmedia&parent=785"}],"wp:term":[{"taxonomy":"product_cat","embeddable":true,"href":"https:\/\/www.capson.fr\/index.php?rest_route=%2Fwp%2Fv2%2Fproduct_cat&post=785"},{"taxonomy":"product_tag","embeddable":true,"href":"https:\/\/www.capson.fr\/index.php?rest_route=%2Fwp%2Fv2%2Fproduct_tag&post=785"}],"curies":[{"name":"wp","href":"https:\/\/api.w.org\/{rel}","templated":true}]}}