{"id":781,"date":"2018-03-21T15:51:41","date_gmt":"2018-03-21T14:51:41","guid":{"rendered":"https:\/\/www.capson.fr\/?post_type=product&#038;p=781"},"modified":"2018-03-21T15:59:23","modified_gmt":"2018-03-21T14:59:23","slug":"clickshare-cs-100","status":"publish","type":"product","link":"https:\/\/www.capson.fr\/?product=clickshare-cs-100","title":{"rendered":"CLICKSHARE CS 100"},"content":{"rendered":"<h3>Le partage est un besoin fondamental<\/h3>\n<p>Le CS-100 fait entrer l\u2019exp\u00e9rience ClickShare dans les petites salles de r\u00e9union o\u00f9 le partage de contenu \u00e0 partir d\u2019un ordinateur portable ou d\u2019un appareil mobile est essentiel. Tout le monde peut se connecter en un clic et partager imm\u00e9diatement du contenu, m\u00eame les invit\u00e9s. Aucune formation n\u2019est n\u00e9cessaire. Il suffit de brancher un p\u00e9riph\u00e9rique USB (le ClickShare Button) sur un PC ou un Mac et de cliquer sur le bouton pour afficher le contenu de l\u2019ordinateur sur le grand \u00e9cran de la salle de r\u00e9union. Gr\u00e2ce \u00e0 l\u2019application ClickShare, vous pouvez aussi partager le contenu de votre t\u00e9l\u00e9phone mobile ou de votre tablette.<\/p>\n<h3>Un mod\u00e8le autonome<\/h3>\n<p>Le CS-100 est un mod\u00e8le autonome \u00e9quip\u00e9 d\u2019une sortie HDMI qui permet jusqu\u2019\u00e0 8&nbsp;utilisateurs connect\u00e9s de partager du contenu \u00e0 tour de r\u00f4le. Le CS-100 est muni des fonctionnalit\u00e9s de s\u00e9curit\u00e9 standard de ClickShare, dont le cryptage, la gestion d\u2019identifiants, le protocole HTTPS et la possibilit\u00e9 de masquer le SSID du r\u00e9seau sans fil de la Base&nbsp;Unit.<\/p>\n","protected":false},"excerpt":{"rendered":"<p>Pour r\u00e9ussir vos r\u00e9unions, tout est question de confiance. La confiance dans vos id\u00e9es, dans vos pr\u00e9sentations, mais aussi dans la technologie qui \u00e9quipe la salle de r\u00e9union. C\u2019est pourquoi Barco a cr\u00e9\u00e9 ClickShare. Gr\u00e2ce \u00e0 ce syst\u00e8me de pr\u00e9sentation sans fil, vous pouvez partager le contenu de votre ordinateur portable ou appareil mobile directement sur l\u2019\u00e9cran de pr\u00e9sentation, en toute simplicit\u00e9. Pas de c\u00e2bles, pas d\u2019installation, pas d\u2019attente.<\/p>\n<h3>&nbsp;<\/h3>\n","protected":false},"featured_media":789,"template":"","meta":{"ngg_post_thumbnail":0},"product_cat":[30,24],"product_tag":[],"_links":{"self":[{"href":"https:\/\/www.capson.fr\/index.php?rest_route=\/wp\/v2\/product\/781"}],"collection":[{"href":"https:\/\/www.capson.fr\/index.php?rest_route=\/wp\/v2\/product"}],"about":[{"href":"https:\/\/www.capson.fr\/index.php?rest_route=\/wp\/v2\/types\/product"}],"version-history":[{"count":1,"href":"https:\/\/www.capson.fr\/index.php?rest_route=\/wp\/v2\/product\/781\/revisions"}],"predecessor-version":[{"id":784,"href":"https:\/\/www.capson.fr\/index.php?rest_route=\/wp\/v2\/product\/781\/revisions\/784"}],"wp:featuredmedia":[{"embeddable":true,"href":"https:\/\/www.capson.fr\/index.php?rest_route=\/wp\/v2\/media\/789"}],"wp:attachment":[{"href":"https:\/\/www.capson.fr\/index.php?rest_route=%2Fwp%2Fv2%2Fmedia&parent=781"}],"wp:term":[{"taxonomy":"product_cat","embeddable":true,"href":"https:\/\/www.capson.fr\/index.php?rest_route=%2Fwp%2Fv2%2Fproduct_cat&post=781"},{"taxonomy":"product_tag","embeddable":true,"href":"https:\/\/www.capson.fr\/index.php?rest_route=%2Fwp%2Fv2%2Fproduct_tag&post=781"}],"curies":[{"name":"wp","href":"https:\/\/api.w.org\/{rel}","templated":true}]}}