{"id":775,"date":"2018-03-21T14:14:55","date_gmt":"2018-03-21T13:14:55","guid":{"rendered":"https:\/\/www.capson.fr\/?post_type=product&#038;p=775"},"modified":"2018-03-21T14:57:13","modified_gmt":"2018-03-21T13:57:13","slug":"uapg2","status":"publish","type":"product","link":"https:\/\/www.capson.fr\/?product=uapg2","title":{"rendered":"UAPG2"},"content":{"rendered":"<h2><big>Processeur Audio Num\u00e9rique Extensible<\/big><\/h2>\n<p>Con\u00e7u pour les applications commerciales, l\u2019<strong>UAPG2<\/strong>&nbsp;est un processeur audio universel extensible avec&nbsp;<strong>DSP<\/strong>&nbsp;pour les installations de moyenne taille et multizones. Gr\u00e2ce \u00e0 son puissant traitement du signal num\u00e9rique, l\u2019UAPG2 s\u2019adapte parfaitement aux environnements n\u00e9cessitant un niveau \u00e9lev\u00e9 de qualit\u00e9 audio. Son port Ethernet permet de connecter et piloter l\u2019UAPG2 via un r\u00e9seau IP ou directement depuis un ordinateur.<\/p>\n<div><strong>Qualit\u00e9 de son<\/strong><\/div>\n<div>Une excellente qualit\u00e9 de son avec une faible latence est obtenue gr\u00e2ce \u00e0 l\u2019association des convertisseurs 24 bits A\/D et D\/A, des fr\u00e9quences d\u2019\u00e9chantillonnage de 48\/96 kHz et du processeur ADSP21371 (266 MHz SIMD SHARC Core, d\u2019une performance maximale de 1596 MFLOPS).<\/div>\n<div>&nbsp;<\/div>\n<div>\n<div><strong>L\u2019UAPG2 se configure et se g\u00e8re tr\u00e8s facilement \u00e0 l\u2019aide d\u2019un PC (GUI)<\/strong><\/div>\n<div>Le logiciel de l\u2019UAPG2 fournit tous les outils n\u00e9cessaires \u00e0 l\u2019installation et au contr\u00f4le du mat\u00e9riel et des \u00e9l\u00e9ments logiciels de l\u2019UAPG2.<\/div>\n<div>&nbsp;<\/div>\n<div>\n<div><strong>Biblioth\u00e8que impressionnante d\u2019outils de traitement du signal<\/strong><\/div>\n<div>L\u2019UAPG2 est un syst\u00e8me complet qui int\u00e8gre, en un seul boitier, les fonctions de pr\u00e9amplificateur, compresseur limiteur, \u00e9galiseur ainsi que matri\u00e7age et d\u00e9lai. Les caract\u00e9ristiques telles que le contr\u00f4le automatique de gain,&nbsp;le feedback killer, les mixeurs automatiques de microphone et m\u00e9langeurs ainsi que la d\u00e9tection automatique de bruit font \u00e9galement partie des fonctions de l\u2019UAPG2 DSP.<\/div>\n<div>&nbsp;<\/div>\n<div>Le traitement interne de signaux audio peut \u00eatre librement configur\u00e9 en fonction de l\u2019application du client. Les installateurs peuvent choisir la\/les caract\u00e9ristique(s) de traitement audio qu\u2019ils souhaitent appliquer sur les diff\u00e9rentes entr\u00e9es et sorties depuis la librairie de leur PC, en utilisant le logiciel fourni avec l\u2019UAPG2.&nbsp;D\u00e8s que le processus de configuration est accompli, ce dernier peut \u00eatre charg\u00e9 dans l\u2019UAPG2. Toutes les configurations peuvent \u00eatre conserv\u00e9es sur un ordinateur et charg\u00e9es dans l\u2019UAPG2 d\u00e8s que n\u00e9cessaire.<\/div>\n<div>&nbsp;<\/div>\n<div>\n<div><strong>Pr\u00e9 configuration<\/strong><\/div>\n<div>L\u2019UAPG2 inclut deux types de r\u00e9glages pr\u00e9d\u00e9finis :<\/div>\n<ul>\n<li>16 jeux de param\u00e8tres pr\u00e9d\u00e9finis : on peut appliquer diff\u00e9rentes valeurs aux param\u00e8tres d\u2019une m\u00eame configuration, tels que niveaux, gains, EQ, etc&#8230; qui peuvent \u00eatre r\u00e9tablis soit \u00e0 partir du logiciel, soit \u00e0 partir des t\u00e9l\u00e9commandes ou entr\u00e9es de contr\u00f4le.<\/li>\n<li>32 configurations pr\u00e9d\u00e9finies : elles permettent \u00e0 des configurations compl\u00e8tement diff\u00e9rentes d\u2019\u00eatre r\u00e9tablies. Exemple : un h\u00f4tel ayant des salles de r\u00e9union modulables.<\/li>\n<\/ul>\n<div><strong>Lecteur de messages<\/strong><\/div>\n<div>Un lecteur de messages incorpor\u00e9 dans l\u2019UAPG2 permet de diffuser tout type de messages. Un seul message par UAPG2 peut \u00eatre diffus\u00e9 \u00e0 la fois. Avec sa m\u00e9moire de 100 Mo, les capacit\u00e9s de stockage suivantes sont disponibles dans le format WAV :&nbsp;<\/div>\n<div>36 minutes de messages audio \u00e0 48 kHz, 8 bits.<\/div>\n<div>18 minutes de messages audio \u00e0 48 kHz, 16 bits.<\/div>\n<div>&nbsp;<\/div>\n<div>\n<div><strong>Programmateur d\u2019\u00e9v\u00e9nements<\/strong><\/div>\n<div>Le programmateur permet de planifier des \u00e9v\u00e9nements (changement de r\u00e9glages, lecture de messages, ouverture\/fermeture de la sortie logique (TTL) ou changement des composants d\u2019ajustement). Jusqu\u2019\u00e0 128 \u00e9v\u00e9nements diff\u00e9rents peuvent \u00eatre programm\u00e9s. Jusqu\u2019\u00e0 100 \u00e9v\u00e9nements peuvent \u00eatre d\u00e9finis dans une m\u00eame liste.<\/div>\n<div>&nbsp;<\/div>\n<div>\n<div><strong>Entr\u00e9es de contr\u00f4le<\/strong><\/div>\n<div>L\u2019UAPG2 a 16 entr\u00e9es de contr\u00f4le (0 \u00e0 5 VDC) logiques (TTL) ou analogiques. Chaque contr\u00f4le peut \u00eatre associ\u00e9 \u00e0 n\u2019importe quelle fonction de traitement audio variable de l\u2019UAPG2 (niveau d\u2019entr\u00e9e, niveau de sortie, \u00e9galisation, routing, mute, by-pass, changement de r\u00e9glages \u2026). Plusieurs param\u00e8tres (valeurs min et max, variation positive ou n\u00e9gative, lin\u00e9aire, logarithmique ou anti-logarithmique) peuvent \u00eatre programm\u00e9s pour chacune de ces commandes.<\/div>\n<div>&nbsp;<\/div>\n<div>\n<div><strong>8 sorties logiques (GPIOs)<\/strong><\/div>\n<div>Chaque UAPG2 est \u00e9quip\u00e9 de 8 sorties logiques (contact de rail commun). Chacune de ces sorties mat\u00e9rielles peut \u00eatre associ\u00e9e \u00e0 n\u2019importe quelle fonction logicielle ou LED, exig\u00e9e par le designer du syst\u00e8me. Les sorties logiques peuvent \u00eatre utilis\u00e9es pour permettre \u00e0 l\u2019UAPG2 de contr\u00f4ler les \u00e9quipements externes.<\/div>\n<div>&nbsp;<\/div>\n<div>\n<div><strong>Interface liaison s\u00e9rie RS232 pour contr\u00f4le externe<\/strong><\/div>\n<div>L\u2019UAPG2 peut \u00eatre contr\u00f4l\u00e9 \u00e0 partir d\u2019\u00e9quipements tiers comme Vity, AMX, Crestron ou Vity room Controller via son port de s\u00e9rie RS232 ou le r\u00e9seau IP.<\/div>\n<div>&nbsp;<\/div>\n<div>\n<div><strong>Interface liaison s\u00e9rie RS232 pour contr\u00f4le externe<\/strong><\/div>\n<div>L\u2019UAPG2 peut \u00eatre contr\u00f4l\u00e9 \u00e0 partir d\u2019\u00e9quipements tiers comme Vity, AMX, Crestron ou Vity room Controller via son port de s\u00e9rie RS232 ou le r\u00e9seau IP.<\/div>\n<div>&nbsp;<\/div>\n<div>\n<div>\n<div>&nbsp;<\/div>\n<\/div>\n<\/div>\n<\/div>\n<\/div>\n<\/div>\n<\/div>\n<\/div>\n<\/div>\n<\/div>\n<\/div>\n","protected":false},"excerpt":{"rendered":"<h2><big>UAPG2 &#8211; Processeur Audio Num\u00e9rique Extensible<\/big><\/h2>\n<p>L\u2019<strong>UAPG2<\/strong>&nbsp;est un processeur audio universel extensible avec&nbsp;<strong>DSP<\/strong>&nbsp;pour les installations de moyenne taille et multizones. Gr\u00e2ce \u00e0 son puissant traitement du signal num\u00e9rique, l\u2019UAPG2 s\u2019adapte parfaitement aux environnements n\u00e9cessitant un niveau \u00e9lev\u00e9 de qualit\u00e9 audio.&nbsp;<\/p>\n","protected":false},"featured_media":779,"template":"","meta":{"ngg_post_thumbnail":0},"product_cat":[42],"product_tag":[],"_links":{"self":[{"href":"https:\/\/www.capson.fr\/index.php?rest_route=\/wp\/v2\/product\/775"}],"collection":[{"href":"https:\/\/www.capson.fr\/index.php?rest_route=\/wp\/v2\/product"}],"about":[{"href":"https:\/\/www.capson.fr\/index.php?rest_route=\/wp\/v2\/types\/product"}],"version-history":[{"count":2,"href":"https:\/\/www.capson.fr\/index.php?rest_route=\/wp\/v2\/product\/775\/revisions"}],"predecessor-version":[{"id":780,"href":"https:\/\/www.capson.fr\/index.php?rest_route=\/wp\/v2\/product\/775\/revisions\/780"}],"wp:featuredmedia":[{"embeddable":true,"href":"https:\/\/www.capson.fr\/index.php?rest_route=\/wp\/v2\/media\/779"}],"wp:attachment":[{"href":"https:\/\/www.capson.fr\/index.php?rest_route=%2Fwp%2Fv2%2Fmedia&parent=775"}],"wp:term":[{"taxonomy":"product_cat","embeddable":true,"href":"https:\/\/www.capson.fr\/index.php?rest_route=%2Fwp%2Fv2%2Fproduct_cat&post=775"},{"taxonomy":"product_tag","embeddable":true,"href":"https:\/\/www.capson.fr\/index.php?rest_route=%2Fwp%2Fv2%2Fproduct_tag&post=775"}],"curies":[{"name":"wp","href":"https:\/\/api.w.org\/{rel}","templated":true}]}}