{"id":761,"date":"2018-03-21T09:24:53","date_gmt":"2018-03-21T08:24:53","guid":{"rendered":"https:\/\/www.capson.fr\/?post_type=product&#038;p=761"},"modified":"2018-03-21T09:24:53","modified_gmt":"2018-03-21T08:24:53","slug":"tx-lc2","status":"publish","type":"product","link":"https:\/\/www.capson.fr\/?product=tx-lc2","title":{"rendered":"TX-LC2"},"content":{"rendered":"<p>Le TX-LC2 permet de m\u00e9langer deux sources audio asym\u00e9triques de niveau ligne pour obtenir un signal audio sym\u00e9trique ou asym\u00e9trique en sortie.<\/p>\n<p>Les circuits d&rsquo;entr\u00e9e sont au niveau ligne (-10 dBV) dot\u00e9s d&rsquo;une imp\u00e9dance \u00e9lev\u00e9e et isol\u00e9s les uns des autres. Vous pouvez ainsi utiliser ce module pour sommer une source st\u00e9r\u00e9o asym\u00e9trique sans affecter la s\u00e9paration st\u00e9r\u00e9o. Le signal st\u00e9r\u00e9o envoy\u00e9 \u00e0 l&rsquo;entr\u00e9e du TX-LC2 ressort en mono. Le gain des signaux cumul\u00e9s est r\u00e9glable de -10 \u00e0 +10 dB (r\u00e9f. +4 dBu).<\/p>\n<p>Le TX-LC2 permet \u00e9galement de r\u00e9duire deux sources s\u00e9par\u00e9es en un seul signal. Le m\u00e9lange des deux signaux se fait par un amplificateur sommateur actif.<\/p>\n<p>L&rsquo;imp\u00e9dance de l&rsquo;\u00e9tage de sortie est de 150 \u03a9 en sym\u00e9triques et est con\u00e7ue pour alimenter des lignes sym\u00e9triques ou asym\u00e9triques. Le TX-LC2 fonctionne en utilisant une alimentation 24 Vcc, et il peut aussi fonctionner sous 12 Vcc avec une r\u00e9duction de la capacit\u00e9 de surcharge.<\/p>\n<p>Les connecteurs d&rsquo;entr\u00e9e du TX-LC2 lui conf\u00e8rent une grande simplicit\u00e9 d&rsquo;utilisation. L&rsquo;ampleur de la plage de r\u00e9glage du gain est parfaitement adapt\u00e9e aux cas o\u00f9 il faut r\u00e9duire une source st\u00e9r\u00e9o asym\u00e9trique en un signal mono sym\u00e9trique, tout particuli\u00e8rement pour les appareils domestiques \u00e0 faible niveau de sortie, comme certaines t\u00e9l\u00e9visions.<\/p>\n<p>Le TX-LC2 peut \u00eatre utilis\u00e9 seul ou en combinaison avec d&rsquo;autres accessoires et modules RDL pour constituer un syst\u00e8me audio\/vid\u00e9o complet.<\/p>\n","protected":false},"excerpt":{"rendered":"<p>Le TX-LC2 permet de m\u00e9langer deux sources audio asym\u00e9triques de niveau ligne pour obtenir un signal audio sym\u00e9trique ou asym\u00e9trique en sortie.<\/p>\n","protected":false},"featured_media":762,"template":"","meta":{"ngg_post_thumbnail":0},"product_cat":[30,24],"product_tag":[],"_links":{"self":[{"href":"https:\/\/www.capson.fr\/index.php?rest_route=\/wp\/v2\/product\/761"}],"collection":[{"href":"https:\/\/www.capson.fr\/index.php?rest_route=\/wp\/v2\/product"}],"about":[{"href":"https:\/\/www.capson.fr\/index.php?rest_route=\/wp\/v2\/types\/product"}],"version-history":[{"count":1,"href":"https:\/\/www.capson.fr\/index.php?rest_route=\/wp\/v2\/product\/761\/revisions"}],"predecessor-version":[{"id":764,"href":"https:\/\/www.capson.fr\/index.php?rest_route=\/wp\/v2\/product\/761\/revisions\/764"}],"wp:featuredmedia":[{"embeddable":true,"href":"https:\/\/www.capson.fr\/index.php?rest_route=\/wp\/v2\/media\/762"}],"wp:attachment":[{"href":"https:\/\/www.capson.fr\/index.php?rest_route=%2Fwp%2Fv2%2Fmedia&parent=761"}],"wp:term":[{"taxonomy":"product_cat","embeddable":true,"href":"https:\/\/www.capson.fr\/index.php?rest_route=%2Fwp%2Fv2%2Fproduct_cat&post=761"},{"taxonomy":"product_tag","embeddable":true,"href":"https:\/\/www.capson.fr\/index.php?rest_route=%2Fwp%2Fv2%2Fproduct_tag&post=761"}],"curies":[{"name":"wp","href":"https:\/\/api.w.org\/{rel}","templated":true}]}}