{"id":756,"date":"2018-03-21T09:15:06","date_gmt":"2018-03-21T08:15:06","guid":{"rendered":"https:\/\/www.capson.fr\/?post_type=product&#038;p=756"},"modified":"2018-03-21T09:33:28","modified_gmt":"2018-03-21T08:33:28","slug":"tx-70a","status":"publish","type":"product","link":"https:\/\/www.capson.fr\/?product=tx-70a","title":{"rendered":"TX 70A"},"content":{"rendered":"<div class=\"product_heading\">\n<h1 id=\"pb\">Interface 25 V, 70 V, 100 V &#8211; sortie niveau ligne<\/h1>\n<p>&nbsp;<\/p>\n<\/div>\n<h3 class=\"bullets\">Caract\u00e9ristiques :<\/h3>\n<ul class=\"bullets\">\n<li>Adapter une ligne de haut parleur de 100\/70\/25 volts en n&rsquo;importe quelle entr\u00e9e audio niveau ligne asym\u00e9trique<\/li>\n<li>Un potentiom\u00e8tre r\u00e9glable ajuste le niveau de sortie pour diverses tensions d&rsquo;entr\u00e9e \/ ou niveau de puissance<\/li>\n<li>R\u00e9ponse en fr\u00e9quence : 20 Hz \u00e0 20 kHz (+\/- 0,5 dB)<\/li>\n<li>DHT : &lt; 0,05% (1 kHz)<\/li>\n<\/ul>\n","protected":false},"excerpt":{"rendered":"<h1 id=\"pb\">Interface 25 V, 70 V, 100 V &#8211; sortie niveau ligne<\/h1>\n<p>Adapter une ligne de haut parleur de 100\/70\/25 volts en n&rsquo;importe quelle entr\u00e9e audio niveau ligne asym\u00e9trique<\/p>\n","protected":false},"featured_media":758,"template":"","meta":{"ngg_post_thumbnail":0},"product_cat":[30,24],"product_tag":[],"_links":{"self":[{"href":"https:\/\/www.capson.fr\/index.php?rest_route=\/wp\/v2\/product\/756"}],"collection":[{"href":"https:\/\/www.capson.fr\/index.php?rest_route=\/wp\/v2\/product"}],"about":[{"href":"https:\/\/www.capson.fr\/index.php?rest_route=\/wp\/v2\/types\/product"}],"version-history":[{"count":2,"href":"https:\/\/www.capson.fr\/index.php?rest_route=\/wp\/v2\/product\/756\/revisions"}],"predecessor-version":[{"id":765,"href":"https:\/\/www.capson.fr\/index.php?rest_route=\/wp\/v2\/product\/756\/revisions\/765"}],"wp:featuredmedia":[{"embeddable":true,"href":"https:\/\/www.capson.fr\/index.php?rest_route=\/wp\/v2\/media\/758"}],"wp:attachment":[{"href":"https:\/\/www.capson.fr\/index.php?rest_route=%2Fwp%2Fv2%2Fmedia&parent=756"}],"wp:term":[{"taxonomy":"product_cat","embeddable":true,"href":"https:\/\/www.capson.fr\/index.php?rest_route=%2Fwp%2Fv2%2Fproduct_cat&post=756"},{"taxonomy":"product_tag","embeddable":true,"href":"https:\/\/www.capson.fr\/index.php?rest_route=%2Fwp%2Fv2%2Fproduct_tag&post=756"}],"curies":[{"name":"wp","href":"https:\/\/api.w.org\/{rel}","templated":true}]}}