{"id":749,"date":"2018-03-20T16:03:21","date_gmt":"2018-03-20T15:03:21","guid":{"rendered":"https:\/\/www.capson.fr\/?post_type=product&#038;p=749"},"modified":"2018-03-20T16:03:21","modified_gmt":"2018-03-20T15:03:21","slug":"tp70p","status":"publish","type":"product","link":"https:\/\/www.capson.fr\/?product=tp70p","title":{"rendered":"TP70P"},"content":{"rendered":"<h4>Kit extendeur 70m&nbsp;HDMI HdBaseT<\/h4>\n<p>Produit d\u2019entr\u00e9e de gamme, le TP70P est un Extendeur HDBT, 4K, HDCP 2.2, signal garanti 70m, HDMI InfraRouge bi-directionnel, 12V PoC.<\/p>\n<p>Ce pack emetteur-r\u00e9cepteur fonctionne en point-\u00e0-point. On peut l&rsquo;utiliser comme Stand Alone, ou avec un Video projecteur compatible HDBaseT.<\/p>\n<p>Avec sa facilit\u00e9 de prise en main, il permet le transport &nbsp;du signal HDMI sur de longues distances, comme dans des salles de r\u00e9union.&nbsp;<\/p>\n<p>La technologie HDBT permet la transmission du signal HDMI avec audio embedd\u00e9 et le d\u00e9port de signaux infra rouge bi-directionels.<\/p>\n<p>L&rsquo;alimentation du r\u00e9cepteur est faite par l&rsquo;\u00e9metteur.<\/p>\n<p>TP70P est un extendeur \u00e9metteur\/r\u00e9cepteur HDMI HdBaseT signal garanti 70 m. Supporte 4K, d\u00e9port InfraRouge bi-directionnel. Alimentation r\u00e9cepteur par \u00e9metteur<\/p>\n<ul>\n<li style=\"list-style-type: none\">\n<ul>\n<li>Sortie 1080p sur 70m<\/li>\n<\/ul>\n<\/li>\n<\/ul>\n<ul>\n<li style=\"list-style-type: none\">\n<ul>\n<li>Sortie 4K (4:2:0 60Hz) sur 40m&nbsp;<\/li>\n<\/ul>\n<\/li>\n<\/ul>\n<ul>\n<li style=\"list-style-type: none\">\n<ul>\n<li>HDMI 1.4 HDCP 1.4&nbsp;<\/li>\n<\/ul>\n<\/li>\n<\/ul>\n<ul>\n<li style=\"list-style-type: none\">\n<ul>\n<li>PoC (Power over cable)&nbsp;<\/li>\n<\/ul>\n<\/li>\n<\/ul>\n<ul>\n<li style=\"list-style-type: none\">\n<ul>\n<li>CEC&nbsp;<\/li>\n<\/ul>\n<\/li>\n<\/ul>\n<ul>\n<li style=\"list-style-type: none\">\n<ul>\n<li>D\u00e9port infra rouge<\/li>\n<\/ul>\n<\/li>\n<\/ul>\n<p>Ce produit est compatible avec le Rack&nbsp;plateau 1 U avec 3 d\u00e9coupes&nbsp;<strong><a title=\"RACKTP70 Rack plateau 1 U avec 3 d\u00e9coupes\" href=\"https:\/\/www.altimium.com\/rack-tp70.html\" target=\"_blank\" rel=\"noopener\">RACK.TP70<\/a><\/strong>.<\/p>\n<h2>&nbsp;<\/h2>\n<h4>Composition<\/h4>\n<p>&nbsp;<\/p>\n<p><strong>Entr\u00e9e&nbsp;<\/strong><\/p>\n<p>1 HDMI&nbsp; &nbsp;&nbsp;<img decoding=\"async\" title=\"TP70P Kit extendeur 70 metres HDMI HdBaseT\" src=\"https:\/\/www.altimium.com\/media\/wysiwyg\/1487977570_HDMI.png\" alt=\"TP70P Kit extendeur 70 metres HDMI HdBaseT\" width=\"42\" height=\"43\"><\/p>\n<p>&nbsp;<\/p>\n<p><strong>Sortie&nbsp;<\/strong><\/p>\n<p>1 HDMI&nbsp; &nbsp;&nbsp;<img decoding=\"async\" title=\"TP70P Kit extendeur 70 metres HDMI HdBaseT\" src=\"https:\/\/www.altimium.com\/media\/wysiwyg\/1487977570_HDMI_1.png\" alt=\"TP70P Kit extendeur 70 metres HDMI HdBaseT\" width=\"42\" height=\"43\"><\/p>\n","protected":false},"excerpt":{"rendered":"<p>Produit d\u2019entr\u00e9e de gamme, le TP70P est un Extendeur HDBT, 4K, HDCP 2.2, signal garanti 70m, HDMI InfraRouge bi-directionnel, 12V PoC.<\/p>\n","protected":false},"featured_media":750,"template":"","meta":{"ngg_post_thumbnail":0},"product_cat":[30,24],"product_tag":[],"_links":{"self":[{"href":"https:\/\/www.capson.fr\/index.php?rest_route=\/wp\/v2\/product\/749"}],"collection":[{"href":"https:\/\/www.capson.fr\/index.php?rest_route=\/wp\/v2\/product"}],"about":[{"href":"https:\/\/www.capson.fr\/index.php?rest_route=\/wp\/v2\/types\/product"}],"version-history":[{"count":1,"href":"https:\/\/www.capson.fr\/index.php?rest_route=\/wp\/v2\/product\/749\/revisions"}],"predecessor-version":[{"id":752,"href":"https:\/\/www.capson.fr\/index.php?rest_route=\/wp\/v2\/product\/749\/revisions\/752"}],"wp:featuredmedia":[{"embeddable":true,"href":"https:\/\/www.capson.fr\/index.php?rest_route=\/wp\/v2\/media\/750"}],"wp:attachment":[{"href":"https:\/\/www.capson.fr\/index.php?rest_route=%2Fwp%2Fv2%2Fmedia&parent=749"}],"wp:term":[{"taxonomy":"product_cat","embeddable":true,"href":"https:\/\/www.capson.fr\/index.php?rest_route=%2Fwp%2Fv2%2Fproduct_cat&post=749"},{"taxonomy":"product_tag","embeddable":true,"href":"https:\/\/www.capson.fr\/index.php?rest_route=%2Fwp%2Fv2%2Fproduct_tag&post=749"}],"curies":[{"name":"wp","href":"https:\/\/api.w.org\/{rel}","templated":true}]}}