{"id":740,"date":"2018-03-20T14:05:19","date_gmt":"2018-03-20T13:05:19","guid":{"rendered":"https:\/\/www.capson.fr\/?post_type=product&#038;p=740"},"modified":"2018-03-20T14:40:32","modified_gmt":"2018-03-20T13:40:32","slug":"screenup-cinema-500153","status":"publish","type":"product","link":"https:\/\/www.capson.fr\/?product=screenup-cinema-500153","title":{"rendered":"SCREEN&rsquo;UP CINEMA 500153"},"content":{"rendered":"<p><b>\u00c9cran Screen&rsquo; Up Meeting \u00e9lectrique 4 : 3<\/b>&nbsp;<\/p>\n<p>Cet \u00e9cran est \u00e9quip\u00e9 d&rsquo;un moteur tubulaire silencieux et tr\u00e8s robuste.&nbsp;<\/p>\n<p>Sa toile blanc mat avec bordures noires et dos occultant assure un rendu&nbsp;<br \/>\ncolorim\u00e9trique fin et \u00e9quilibr\u00e9, ainsi qu&rsquo;un excellent contraste.&nbsp;<\/p>\n<p>Id\u00e9al pour les salles de r\u00e9unions de petite, moyenne et grande taille.&nbsp;<\/p>\n<p>Interrupteur fourni.<\/p>\n","protected":false},"excerpt":{"rendered":"<p><b>\u00c9cran Screen&rsquo;Up Meeting \u00e9lectrique 4:3<\/b><\/p>\n<p>Taille image (HxL) en cm :&nbsp;&nbsp;271 x 362<\/p>\n<p>Blanc mat.<\/p>\n","protected":false},"featured_media":743,"template":"","meta":{"ngg_post_thumbnail":0},"product_cat":[26,28],"product_tag":[],"_links":{"self":[{"href":"https:\/\/www.capson.fr\/index.php?rest_route=\/wp\/v2\/product\/740"}],"collection":[{"href":"https:\/\/www.capson.fr\/index.php?rest_route=\/wp\/v2\/product"}],"about":[{"href":"https:\/\/www.capson.fr\/index.php?rest_route=\/wp\/v2\/types\/product"}],"version-history":[{"count":1,"href":"https:\/\/www.capson.fr\/index.php?rest_route=\/wp\/v2\/product\/740\/revisions"}],"predecessor-version":[{"id":744,"href":"https:\/\/www.capson.fr\/index.php?rest_route=\/wp\/v2\/product\/740\/revisions\/744"}],"wp:featuredmedia":[{"embeddable":true,"href":"https:\/\/www.capson.fr\/index.php?rest_route=\/wp\/v2\/media\/743"}],"wp:attachment":[{"href":"https:\/\/www.capson.fr\/index.php?rest_route=%2Fwp%2Fv2%2Fmedia&parent=740"}],"wp:term":[{"taxonomy":"product_cat","embeddable":true,"href":"https:\/\/www.capson.fr\/index.php?rest_route=%2Fwp%2Fv2%2Fproduct_cat&post=740"},{"taxonomy":"product_tag","embeddable":true,"href":"https:\/\/www.capson.fr\/index.php?rest_route=%2Fwp%2Fv2%2Fproduct_tag&post=740"}],"curies":[{"name":"wp","href":"https:\/\/api.w.org\/{rel}","templated":true}]}}