{"id":723,"date":"2018-03-19T16:25:15","date_gmt":"2018-03-19T15:25:15","guid":{"rendered":"https:\/\/www.capson.fr\/?post_type=product&#038;p=723"},"modified":"2018-03-19T17:14:06","modified_gmt":"2018-03-19T16:14:06","slug":"mat-hdbt-44e","status":"publish","type":"product","link":"https:\/\/www.capson.fr\/?product=mat-hdbt-44e","title":{"rendered":"MAT HDBT 44E"},"content":{"rendered":"<h2>MAT.HDBT44E&nbsp;<\/h2>\n<p>&nbsp;<\/p>\n<h4>Matrice HDBaseT&nbsp;hybride 44 + 3 R\u00e9cepteurs<\/h4>\n<p>MAT.HDBT44E est une matrice HDBaseT avec&nbsp;4 entr\u00e9es HDMI, 3 sorties HDBT, 1 sortie HDMI avec desembeddage audio sur RCA et 3 R\u00e9cepteurs fournis.<\/p>\n<p>Ce pack comporte 3 r\u00e9cepteurs HDBT TP70R, qui sont directement aliment\u00e9s par la matrice. Elle supporte une r\u00e9solution maximale de 4K 4:2:0 60 Hz (sortie HDMI 8m et HDBT 40 m), et 1080P 60 Hz (sortie HDMI 15 m et HDBT 70 m).<\/p>\n<p>La gestion d&rsquo;EDID est int\u00e9gr\u00e9e. Pilotable en RS232 ou via t\u00e9l\u00e9commande (fournie), TCP\/IP, interface utilisateur int\u00e9gr\u00e9e (GUI). La t\u00e9l\u00e9commande infrarouge permet de piloter MAT.HDBT44E via une liaison sans fil.<\/p>\n<h4>Une matrice hybride<\/h4>\n<p>Une matrice hybride permet de rentrer un signal HDMI \/ HDBaseT et de le d\u00e9porter facilement via un extendeur.<\/p>\n<p>Produit tr\u00e8s int\u00e9ressant en terme d\u2019\u00e9conomie et de facilit\u00e9 de c\u00e2blage, MAT.HDBT** est une solution de plus en plus utilis\u00e9e.<\/p>\n<p>Les sorties HDMI en miroir permettent soit un retour local, soit de l\u2019envoi DATA sur de la visio ou sur un enregistreur num\u00e9rique (streaming).&nbsp; Chaque sortie poss\u00e8de un audio desembedd\u00e9 distinct, ainsi que la possibilit\u00e9 d\u2019ins\u00e9rer un RS232.<\/p>\n<p>&nbsp;<\/p>\n<h4><strong>Une \u00ab&nbsp;matrice RS-232&nbsp;\u00bb<\/strong><\/h4>\n<p>Dans une situation de pilotage ou de s\u00e9lection d\u2019appareil via RS-232, il est possible de r\u00e9injecter cette commande sur le r\u00e9cepteur HDBaseT d\u00e9port\u00e9.<\/p>\n<p>Servant en quelque sorte de \u00ab&nbsp;matrice RS-232&nbsp;\u00bb, cela permet de piloter le vid\u00e9oprojecteur ou l\u2019\u00e9cran.<\/p>\n<p>En rentrant sur le port ETHERNET depuis l\u2019automate, on peut piloter jusqu\u2019\u00e0 xxx RS-232.<\/p>\n<p>Les sorties HDBaseT alimentent les r\u00e9cepteurs, ce qui \u00e9vite d\u2019avoir \u00e0 alimenter les r\u00e9cepteurs en 220 V.<\/p>\n<h4><strong>Autres fonctionnalit\u00e9s&nbsp;<\/strong><\/h4>\n<p>La fonctionnalit\u00e9 AFV&nbsp;(Audio Follow Video) est int\u00e9gr\u00e9e dans la MAT.HDBT**, ce qui permet de dissocier le son de la vid\u00e9o.<\/p>\n<p>La matrice est \u00e9galement d\u00e9clin\u00e9e en 44, en 66, en 88, en 44 \u00e9conomique (3 r\u00e9cepteurs fournis) et en 88 \u00e9conomique (7 r\u00e9cepteurs fournis).<\/p>\n<p>Composition<\/p>\n<p><strong>Entr\u00e9es<\/strong><\/p>\n<p>4 HDMI&nbsp; &nbsp; &nbsp; &nbsp; &nbsp;<img decoding=\"async\" title=\"MAT.HDBT44E\" src=\"https:\/\/www.altimium.com\/media\/wysiwyg\/1487977570_HDMI_1.png\" alt=\"MAT.HDBT44E\" width=\"43\" height=\"43\">&nbsp;<img decoding=\"async\" title=\"MAT.HDBT44E\" src=\"https:\/\/www.altimium.com\/media\/wysiwyg\/1487977570_HDMI_1.png\" alt=\"MAT.HDBT44E\" width=\"43\" height=\"43\">&nbsp;<img decoding=\"async\" title=\"MAT.HDBT44E\" src=\"https:\/\/www.altimium.com\/media\/wysiwyg\/1487977570_HDMI_1.png\" alt=\"MAT.HDBT44E\" width=\"43\" height=\"43\">&nbsp;<img decoding=\"async\" title=\"MAT.HDBT44E\" src=\"https:\/\/www.altimium.com\/media\/wysiwyg\/1487977570_HDMI_1.png\" alt=\"MAT.HDBT44E\" width=\"43\" height=\"43\"><\/p>\n<p><strong>Sorties<\/strong><\/p>\n<p>3 HDBaseT&nbsp; &nbsp;<img decoding=\"async\" title=\"MAT.HDBT44E\" src=\"https:\/\/www.altimium.com\/media\/wysiwyg\/1487977590_Lan_1.png\" alt=\"MAT.HDBT44E\" width=\"42\" height=\"43\">&nbsp;<img decoding=\"async\" title=\"MAT.HDBT44E\" src=\"https:\/\/www.altimium.com\/media\/wysiwyg\/1487977590_Lan_1.png\" alt=\"MAT.HDBT44E\" width=\"42\" height=\"43\">&nbsp;<img decoding=\"async\" title=\"MAT.HDBT44E\" src=\"https:\/\/www.altimium.com\/media\/wysiwyg\/1487977590_Lan_1.png\" alt=\"MAT.HDBT44E\" width=\"42\" height=\"43\"><\/p>\n<p>1 HDMI&nbsp; &nbsp; &nbsp; &nbsp; &nbsp;<img decoding=\"async\" title=\"MAT.HDBT44E\" src=\"https:\/\/www.altimium.com\/media\/wysiwyg\/1487977570_HDMI_1.png\" alt=\"MAT.HDBT44E\" width=\"43\" height=\"43\"><\/p>\n<p>&nbsp;<\/p>\n<p>&nbsp;<\/p>\n","protected":false},"excerpt":{"rendered":"<h4>Matrice HDBaseT&nbsp;hybride 44 + 3 R\u00e9cepteurs<\/h4>\n<p>MAT.HDBT44E est une matrice HDBaseT avec&nbsp;4 entr\u00e9es HDMI, 3 sorties HDBT, 1 sortie HDMI avec desembeddage audio sur RCA et 3 R\u00e9cepteurs fournis<\/p>\n<p>Elle supporte une r\u00e9solution maximale de 4K 4:2:0 60 Hz (sortie HDMI 8m et HDBT 40 m), et 1080P 60 Hz (sortie HDMI 15 m et HDBT 70 m).<\/p>\n<p>&nbsp;<\/p>\n","protected":false},"featured_media":724,"template":"","meta":{"ngg_post_thumbnail":0},"product_cat":[31],"product_tag":[],"_links":{"self":[{"href":"https:\/\/www.capson.fr\/index.php?rest_route=\/wp\/v2\/product\/723"}],"collection":[{"href":"https:\/\/www.capson.fr\/index.php?rest_route=\/wp\/v2\/product"}],"about":[{"href":"https:\/\/www.capson.fr\/index.php?rest_route=\/wp\/v2\/types\/product"}],"version-history":[{"count":1,"href":"https:\/\/www.capson.fr\/index.php?rest_route=\/wp\/v2\/product\/723\/revisions"}],"predecessor-version":[{"id":726,"href":"https:\/\/www.capson.fr\/index.php?rest_route=\/wp\/v2\/product\/723\/revisions\/726"}],"wp:featuredmedia":[{"embeddable":true,"href":"https:\/\/www.capson.fr\/index.php?rest_route=\/wp\/v2\/media\/724"}],"wp:attachment":[{"href":"https:\/\/www.capson.fr\/index.php?rest_route=%2Fwp%2Fv2%2Fmedia&parent=723"}],"wp:term":[{"taxonomy":"product_cat","embeddable":true,"href":"https:\/\/www.capson.fr\/index.php?rest_route=%2Fwp%2Fv2%2Fproduct_cat&post=723"},{"taxonomy":"product_tag","embeddable":true,"href":"https:\/\/www.capson.fr\/index.php?rest_route=%2Fwp%2Fv2%2Fproduct_tag&post=723"}],"curies":[{"name":"wp","href":"https:\/\/api.w.org\/{rel}","templated":true}]}}