{"id":719,"date":"2018-03-19T15:59:44","date_gmt":"2018-03-19T14:59:44","guid":{"rendered":"https:\/\/www.capson.fr\/?post_type=product&#038;p=719"},"modified":"2018-03-19T17:16:43","modified_gmt":"2018-03-19T16:16:43","slug":"mat-hdmi88a-4k","status":"publish","type":"product","link":"https:\/\/www.capson.fr\/?product=mat-hdmi88a-4k","title":{"rendered":"MAT HDMI 88 A 4K"},"content":{"rendered":"<p>&nbsp;8 entr\u00e9es HDMI, 8 sorties HDMI + SPDIF&nbsp; Supporte en entr\u00e9e HDMI 2.0 et HDCP2.2, 4K 60Hz &amp; 1080P&nbsp;<img decoding=\"async\" src=\"https:\/\/www.altimium.com\/media\/wysiwyg\/1080.png\" width=\"42\" height=\"43\"><\/p>\n<p>&nbsp;Sortie HDMI : compatible HDMI 1.4 et&nbsp;<img decoding=\"async\" src=\"https:\/\/www.altimium.com\/media\/wysiwyg\/hdcp1.4.png\" width=\"42\" height=\"43\">&nbsp;HDCP1.4, 2560&#215;1080 60Hz<\/p>\n<p><img decoding=\"async\" src=\"https:\/\/www.altimium.com\/media\/wysiwyg\/edid.png\" width=\"42\" height=\"43\">&nbsp;&nbsp;Gestion&nbsp;&nbsp;EDID&nbsp;via Dip-Switch<\/p>\n<p><strong>&nbsp;Pilotable<\/strong><\/p>\n<p>par IR,<\/p>\n<p><img loading=\"lazy\" decoding=\"async\" src=\"https:\/\/www.altimium.com\/media\/wysiwyg\/RS232.png\" width=\"42\" height=\"43\">&nbsp;RS-232,<\/p>\n<p>&nbsp;<img loading=\"lazy\" decoding=\"async\" src=\"https:\/\/www.altimium.com\/media\/wysiwyg\/tcpip.png\" width=\"42\" height=\"43\">&nbsp;par&nbsp;TCP\/IP<\/p>\n<p>&nbsp;ou bouton en fa\u00e7ade<\/p>\n<p>Utilisation&nbsp;: Particuli\u00e8rement recommand\u00e9 pour Salle de r\u00e9union de grande taille avec Visio retour d\u2019\u00e9cran.<\/p>\n","protected":false},"excerpt":{"rendered":"<h4>Matrice HDMI 8&#215;8, HDCP 2.2 audio desembedd\u00e9 TCP\/IP<\/h4>\n<p>La MAT.HDMI88-4K est une matrice 8 entr\u00e9es HDMI vers 8 sorties HDMI + sortie SPDIF.<\/p>\n<p>Pilotable en IP ou RS232, compatible en sortie HDMI 1.4 &amp; HDCP 1.4.<\/p>\n<p>Accepte les signaux d&rsquo;entr\u00e9e HDMI 2.0 &amp; HDCP 2.2.<\/p>\n<p>Possibilit\u00e9 de configurer les EDID via Dip-Switch<\/p>\n<p>Matrice 8&#215;8 HDMI, 4K, HDCP 2.2, audio desembedd\u00e9, TCP\/IP<\/p>\n","protected":false},"featured_media":721,"template":"","meta":{"ngg_post_thumbnail":0},"product_cat":[31],"product_tag":[],"_links":{"self":[{"href":"https:\/\/www.capson.fr\/index.php?rest_route=\/wp\/v2\/product\/719"}],"collection":[{"href":"https:\/\/www.capson.fr\/index.php?rest_route=\/wp\/v2\/product"}],"about":[{"href":"https:\/\/www.capson.fr\/index.php?rest_route=\/wp\/v2\/types\/product"}],"version-history":[{"count":2,"href":"https:\/\/www.capson.fr\/index.php?rest_route=\/wp\/v2\/product\/719\/revisions"}],"predecessor-version":[{"id":734,"href":"https:\/\/www.capson.fr\/index.php?rest_route=\/wp\/v2\/product\/719\/revisions\/734"}],"wp:featuredmedia":[{"embeddable":true,"href":"https:\/\/www.capson.fr\/index.php?rest_route=\/wp\/v2\/media\/721"}],"wp:attachment":[{"href":"https:\/\/www.capson.fr\/index.php?rest_route=%2Fwp%2Fv2%2Fmedia&parent=719"}],"wp:term":[{"taxonomy":"product_cat","embeddable":true,"href":"https:\/\/www.capson.fr\/index.php?rest_route=%2Fwp%2Fv2%2Fproduct_cat&post=719"},{"taxonomy":"product_tag","embeddable":true,"href":"https:\/\/www.capson.fr\/index.php?rest_route=%2Fwp%2Fv2%2Fproduct_tag&post=719"}],"curies":[{"name":"wp","href":"https:\/\/api.w.org\/{rel}","templated":true}]}}