{"id":715,"date":"2018-03-19T15:18:11","date_gmt":"2018-03-19T14:18:11","guid":{"rendered":"https:\/\/www.capson.fr\/?post_type=product&#038;p=715"},"modified":"2018-03-19T17:14:21","modified_gmt":"2018-03-19T16:14:21","slug":"matf12","status":"publish","type":"product","link":"https:\/\/www.capson.fr\/?product=matf12","title":{"rendered":"MATF12"},"content":{"rendered":"<h4>Matrice Flexible 12 ports Entr\u00e9es\/Sorties 1080P<\/h4>\n<p>La <strong>MATF12<\/strong> est une matrice flexible de 12 slots au format Modulo 1.<\/p>\n<p>Elle permet la configuration la plus adapt\u00e9e \u00e0 votre solution AudioVisuelle.<\/p>\n<p>Vous pouvez choisir le nombre d&rsquo;entr\u00e9es ou de sortie que vous souhaitez, la matrice s&rsquo;adaptera automatiquement en fonction des cartes E\/S mises dans le chassis.<\/p>\n<p>Chaque sortie peut \u00eatre scal\u00e9e ind\u00e9pendamment l&rsquo;une de l&rsquo;autre (de 800&#215;600 \u00e0 1920&#215;1200, ou auto).<\/p>\n<p>Elle peut \u00eatre compos\u00e9e de plusieurs types de cartes entr\u00e9es \/ sorties : HDBT (RS232 + Audio), HDMI (RS232 + Audio), HD-SDI, DVI, et VGA+audio.<\/p>\n<p>Elle supporte une r\u00e9solution maximale 1080P 60 Hz (sortie HDMI 15 m\u00e8tres et HDBT 70 m\u00e8tres) sur un seul c\u00e2ble CAT5e\/6\/6A.<\/p>\n","protected":false},"excerpt":{"rendered":"<p>A la diff\u00e9rence des Matrices HDBaseT, HDMI, hybrides ou modulaires, les matrices flexibles permettent de r\u00e9aliser des configurations les plus adapt\u00e9es possibles.<\/p>\n<p>Gr\u00e2ce \u00e0 leur syst\u00e8me de slots, et non de cartes, il est possible de r\u00e9aliser tout type d\u2019installation selon les besoins&nbsp;: utiliser 8 entr\u00e9es\/4 sorties, 4 entr\u00e9es\/8 sorties, laisser vierge pour une utilisation future\u2026<\/p>\n<p>Etant Modulo 1, la gamme des MATF est tr\u00e8s flexible en termes d\u2019utilisation.<\/p>\n","protected":false},"featured_media":716,"template":"","meta":{"ngg_post_thumbnail":0},"product_cat":[31],"product_tag":[],"_links":{"self":[{"href":"https:\/\/www.capson.fr\/index.php?rest_route=\/wp\/v2\/product\/715"}],"collection":[{"href":"https:\/\/www.capson.fr\/index.php?rest_route=\/wp\/v2\/product"}],"about":[{"href":"https:\/\/www.capson.fr\/index.php?rest_route=\/wp\/v2\/types\/product"}],"version-history":[{"count":1,"href":"https:\/\/www.capson.fr\/index.php?rest_route=\/wp\/v2\/product\/715\/revisions"}],"predecessor-version":[{"id":717,"href":"https:\/\/www.capson.fr\/index.php?rest_route=\/wp\/v2\/product\/715\/revisions\/717"}],"wp:featuredmedia":[{"embeddable":true,"href":"https:\/\/www.capson.fr\/index.php?rest_route=\/wp\/v2\/media\/716"}],"wp:attachment":[{"href":"https:\/\/www.capson.fr\/index.php?rest_route=%2Fwp%2Fv2%2Fmedia&parent=715"}],"wp:term":[{"taxonomy":"product_cat","embeddable":true,"href":"https:\/\/www.capson.fr\/index.php?rest_route=%2Fwp%2Fv2%2Fproduct_cat&post=715"},{"taxonomy":"product_tag","embeddable":true,"href":"https:\/\/www.capson.fr\/index.php?rest_route=%2Fwp%2Fv2%2Fproduct_tag&post=715"}],"curies":[{"name":"wp","href":"https:\/\/api.w.org\/{rel}","templated":true}]}}