{"id":679,"date":"2018-03-19T09:10:53","date_gmt":"2018-03-19T08:10:53","guid":{"rendered":"https:\/\/www.capson.fr\/?post_type=product&#038;p=679"},"modified":"2018-03-19T09:12:18","modified_gmt":"2018-03-19T08:12:18","slug":"eplayer","status":"publish","type":"product","link":"https:\/\/www.capson.fr\/?product=eplayer","title":{"rendered":"EPLAYER"},"content":{"rendered":"<p><span class=\"fontstyle0\">L\u2019ePLAYER1 ECLER ESSENTIALS est un lecteur audio compact \u00e0 sortie st\u00e9r\u00e9o qui peut lire de la musique depuis un support de stockage local<br \/>\n(USB, carte SD), des flux re\u00e7us par Internet ou partage num\u00e9rique (compatible DLNA et Airplay).<br \/>\nIl offre un port Ethernet, une connexion wi-fi, des lecteurs USB et de carte SD, un \u00e9cran LCD et des commandes en fa\u00e7ade<\/span><\/p>\n","protected":false},"excerpt":{"rendered":"<p><span class=\"fontstyle0\">lecteur audio compact \u00e0 sortie st\u00e9r\u00e9o qui peut lire de la musique depuis un support de stockage local (USB, carte SD), des flux re\u00e7us par Internet ou partage num\u00e9rique (compatible DLNA et Airplay).<br \/>\n<\/span><\/p>\n","protected":false},"featured_media":681,"template":"","meta":{"ngg_post_thumbnail":0},"product_cat":[21],"product_tag":[],"_links":{"self":[{"href":"https:\/\/www.capson.fr\/index.php?rest_route=\/wp\/v2\/product\/679"}],"collection":[{"href":"https:\/\/www.capson.fr\/index.php?rest_route=\/wp\/v2\/product"}],"about":[{"href":"https:\/\/www.capson.fr\/index.php?rest_route=\/wp\/v2\/types\/product"}],"version-history":[{"count":1,"href":"https:\/\/www.capson.fr\/index.php?rest_route=\/wp\/v2\/product\/679\/revisions"}],"predecessor-version":[{"id":682,"href":"https:\/\/www.capson.fr\/index.php?rest_route=\/wp\/v2\/product\/679\/revisions\/682"}],"wp:featuredmedia":[{"embeddable":true,"href":"https:\/\/www.capson.fr\/index.php?rest_route=\/wp\/v2\/media\/681"}],"wp:attachment":[{"href":"https:\/\/www.capson.fr\/index.php?rest_route=%2Fwp%2Fv2%2Fmedia&parent=679"}],"wp:term":[{"taxonomy":"product_cat","embeddable":true,"href":"https:\/\/www.capson.fr\/index.php?rest_route=%2Fwp%2Fv2%2Fproduct_cat&post=679"},{"taxonomy":"product_tag","embeddable":true,"href":"https:\/\/www.capson.fr\/index.php?rest_route=%2Fwp%2Fv2%2Fproduct_tag&post=679"}],"curies":[{"name":"wp","href":"https:\/\/api.w.org\/{rel}","templated":true}]}}