{"id":662,"date":"2018-03-15T11:42:23","date_gmt":"2018-03-15T10:42:23","guid":{"rendered":"https:\/\/www.capson.fr\/?post_type=product&#038;p=662"},"modified":"2021-03-31T14:44:30","modified_gmt":"2021-03-31T12:44:30","slug":"vxs1","status":"publish","type":"product","link":"https:\/\/www.capson.fr\/?product=vxs1","title":{"rendered":"VXS1"},"content":{"rendered":"<p>Enceinte YAMAHA \u00e9quip\u00e9e d&rsquo;un haut-parleur large bande 1,5 pouces, \u00e0 utiliser avec le caisson de graves VXS 3S<\/p>\n<p>Puissance 10W pgm, dispersion 170\u00b0x170\u00b0, disponible en noir ou blanc.<\/p>\n","protected":false},"excerpt":{"rendered":"<p>Enceinte YAMAHA \u00e9quip\u00e9e d&rsquo;un haut-parleur large bande 1,5 pouces<\/p>\n","protected":false},"featured_media":664,"template":"","meta":{"ngg_post_thumbnail":0},"product_cat":[38],"product_tag":[],"_links":{"self":[{"href":"https:\/\/www.capson.fr\/index.php?rest_route=\/wp\/v2\/product\/662"}],"collection":[{"href":"https:\/\/www.capson.fr\/index.php?rest_route=\/wp\/v2\/product"}],"about":[{"href":"https:\/\/www.capson.fr\/index.php?rest_route=\/wp\/v2\/types\/product"}],"version-history":[{"count":2,"href":"https:\/\/www.capson.fr\/index.php?rest_route=\/wp\/v2\/product\/662\/revisions"}],"predecessor-version":[{"id":15351,"href":"https:\/\/www.capson.fr\/index.php?rest_route=\/wp\/v2\/product\/662\/revisions\/15351"}],"wp:featuredmedia":[{"embeddable":true,"href":"https:\/\/www.capson.fr\/index.php?rest_route=\/wp\/v2\/media\/664"}],"wp:attachment":[{"href":"https:\/\/www.capson.fr\/index.php?rest_route=%2Fwp%2Fv2%2Fmedia&parent=662"}],"wp:term":[{"taxonomy":"product_cat","embeddable":true,"href":"https:\/\/www.capson.fr\/index.php?rest_route=%2Fwp%2Fv2%2Fproduct_cat&post=662"},{"taxonomy":"product_tag","embeddable":true,"href":"https:\/\/www.capson.fr\/index.php?rest_route=%2Fwp%2Fv2%2Fproduct_tag&post=662"}],"curies":[{"name":"wp","href":"https:\/\/api.w.org\/{rel}","templated":true}]}}