{"id":658,"date":"2018-03-14T11:33:20","date_gmt":"2018-03-14T10:33:20","guid":{"rendered":"https:\/\/www.capson.fr\/?post_type=product&#038;p=658"},"modified":"2018-03-19T15:22:56","modified_gmt":"2018-03-19T14:22:56","slug":"diva8","status":"publish","type":"product","link":"https:\/\/www.capson.fr\/?product=diva8","title":{"rendered":"DIVA8"},"content":{"rendered":"<p><strong>DIVA8M<\/strong> est une <strong>matrice Maitre<\/strong> pour sonorisation <strong>Public Address et de S\u00e9curit\u00e9 EN 54-16<\/strong> pour des installations de petite et de moyenne tailles. DIVA8M&nbsp;permet de couvrir jusqu\u2019\u00e0 8 zones de diffusion et int\u00e8gre&nbsp;: le DSP, une matrice, un lecteur de messages num\u00e9riques, un micro pompier surveill\u00e9, la surveillance des amplificateurs et la surveillance des lignes HP.&nbsp;<\/p>\n","protected":false},"excerpt":{"rendered":"<p><strong>DIVA8M<\/strong> est une <strong>matrice Maitre<\/strong> pour sonorisation <strong>Public Address et de S\u00e9curit\u00e9 EN 54-16<\/strong> pour des installations de petite et de moyenne tailles. DIVA8M&nbsp;permet de couvrir jusqu\u2019\u00e0 8 zones de diffusion et int\u00e8gre&nbsp;: le DSP, une matrice, un lecteur de messages num\u00e9riques, un micro pompier surveill\u00e9, la surveillance des amplificateurs et la surveillance des lignes HP.&nbsp;<\/p>\n<ul>\n<li>Conformit\u00e9&nbsp;: Sonorisation de S\u00e9curit\u00e9 EN 54-16<\/li>\n<li>Module contr\u00f4leur 8 zones avec contr\u00f4le de volume individuel par zone<\/li>\n<li>Compatibilit\u00e9 pupitres&nbsp;: 1 x PSS-G2 ou jusqu\u2019\u00e0 8 x PSM<\/li>\n<li>2 canaux audio parole et musique pour l\u2019ensemble d\u2019un syst\u00e8me DIVA8 + DIVA8S<\/li>\n<li>Fonctionne avec amplificateur de secours<\/li>\n<li>5 entr\u00e9es audio (2 x ligne, 1 micro\/ligne, 1 PSS ou PSM, 1 micro Pompier)<\/li>\n<li>2 x 1000 Watt charge maximum<\/li>\n<li>Surveillance renforc\u00e9e des lignes haut-parleurs pour les installations en zones A\/B<\/li>\n<li>9 entr\u00e9es d\u2019alarme surveill\u00e9es rendent possible un param\u00e9trage pr\u00e9programm\u00e9 des \u00e9v\u00e9nements<\/li>\n<li>8 sorties avec doublement de ligne A\/B<\/li>\n<li>8 entr\u00e9es contr\u00f4le logiques<\/li>\n<li>Interface Ethernet pour configuration, contr\u00f4le, diagnostique et Log-in<\/li>\n<li>Contr\u00f4le des syst\u00e8mes tiers<\/li>\n<li>Jusqu\u2019\u00e0 45 mn de messages num\u00e9riques pr\u00e9-enregistr\u00e9s directement dans le DIVA8M en fichiers Wave \u00e0 partir d\u2019un PC.<\/li>\n<li>Enregistrement des 999 derniers d\u00e9fauts<\/li>\n<li>Ecran couleur en face avant<\/li>\n<\/ul>\n","protected":false},"featured_media":659,"template":"","meta":{"ngg_post_thumbnail":0},"product_cat":[42,47],"product_tag":[],"_links":{"self":[{"href":"https:\/\/www.capson.fr\/index.php?rest_route=\/wp\/v2\/product\/658"}],"collection":[{"href":"https:\/\/www.capson.fr\/index.php?rest_route=\/wp\/v2\/product"}],"about":[{"href":"https:\/\/www.capson.fr\/index.php?rest_route=\/wp\/v2\/types\/product"}],"version-history":[{"count":1,"href":"https:\/\/www.capson.fr\/index.php?rest_route=\/wp\/v2\/product\/658\/revisions"}],"predecessor-version":[{"id":661,"href":"https:\/\/www.capson.fr\/index.php?rest_route=\/wp\/v2\/product\/658\/revisions\/661"}],"wp:featuredmedia":[{"embeddable":true,"href":"https:\/\/www.capson.fr\/index.php?rest_route=\/wp\/v2\/media\/659"}],"wp:attachment":[{"href":"https:\/\/www.capson.fr\/index.php?rest_route=%2Fwp%2Fv2%2Fmedia&parent=658"}],"wp:term":[{"taxonomy":"product_cat","embeddable":true,"href":"https:\/\/www.capson.fr\/index.php?rest_route=%2Fwp%2Fv2%2Fproduct_cat&post=658"},{"taxonomy":"product_tag","embeddable":true,"href":"https:\/\/www.capson.fr\/index.php?rest_route=%2Fwp%2Fv2%2Fproduct_tag&post=658"}],"curies":[{"name":"wp","href":"https:\/\/api.w.org\/{rel}","templated":true}]}}