{"id":651,"date":"2018-03-14T10:57:18","date_gmt":"2018-03-14T09:57:18","guid":{"rendered":"https:\/\/www.capson.fr\/?post_type=product&#038;p=651"},"modified":"2018-03-19T15:23:23","modified_gmt":"2018-03-19T14:23:23","slug":"ida8","status":"publish","type":"product","link":"https:\/\/www.capson.fr\/?product=ida8","title":{"rendered":"IDA8"},"content":{"rendered":"<p>La&nbsp;<strong>matrice maitre IDA8C<\/strong>&nbsp;permet de couvrir jusqu\u2019\u00e0&nbsp;<strong>8 zones de diffusion<\/strong>&nbsp;et int\u00e8gre&nbsp;: le DSP, le contr\u00f4le matriciel, un lecteur de messages num\u00e9riques, un micro pompier surveill\u00e9, la surveillance des amplificateurs avec commutation automatique sur ampli de secours et la surveillance des lignes HP.<\/p>\n<p>&nbsp;<\/p>\n","protected":false},"excerpt":{"rendered":"<p>La&nbsp;<strong>matrice maitre IDA8C<\/strong>&nbsp;permet de couvrir jusqu\u2019\u00e0&nbsp;<strong>8 zones de diffusion<\/strong>&nbsp;et int\u00e8gre&nbsp;: le DSP, le contr\u00f4le matriciel, un lecteur de messages num\u00e9riques, un micro pompier surveill\u00e9, la surveillance des amplificateurs avec commutation automatique sur ampli de secours et la surveillance des lignes HP.<\/p>\n<p>Une matrice IDA8C peut recevoir jusqu\u2019\u00e0 4 pupitres de s\u00e9curit\u00e9 PSS-AS, 8 amplificateurs surveill\u00e9s ainsi que 2 amplificateurs de secours. IDA8C peut effectuer des appels dans 8 zones diff\u00e9rentes, soit 16 lignes de haut-parleurs (A\/B). Chaque module dispose de 2 emplacements pour l\u2019ajout de cartes optionnelles 4 entr\u00e9es ou 4 sorties audio 0 dB ou 4 canaux audio.&nbsp;<\/p>\n<p>Les matrices Esclaves IDA8SAB permettre d\u2019\u00e9tendre les capacit\u00e9s d\u2019un syst\u00e8me IDA8<strong>. Un syst\u00e8me IDA8<\/strong> peut comprendre 1 matrice Maitre et 31 matrices Esclaves, soit un total de <strong>256 zones<\/strong>. Les syst\u00e8mes IDA8 peuvent \u00eatre reli\u00e9s entre eux, \u00e9tendant ainsi la capacit\u00e9 totale \u00e0 8192 zones. La liaison entre matrices est faite en cuivre ou fibre optique (via les cartes r\u00e9seau NET-C1 ou NET-C3).<\/p>\n","protected":false},"featured_media":653,"template":"","meta":{"ngg_post_thumbnail":0},"product_cat":[42,47],"product_tag":[],"_links":{"self":[{"href":"https:\/\/www.capson.fr\/index.php?rest_route=\/wp\/v2\/product\/651"}],"collection":[{"href":"https:\/\/www.capson.fr\/index.php?rest_route=\/wp\/v2\/product"}],"about":[{"href":"https:\/\/www.capson.fr\/index.php?rest_route=\/wp\/v2\/types\/product"}],"version-history":[{"count":1,"href":"https:\/\/www.capson.fr\/index.php?rest_route=\/wp\/v2\/product\/651\/revisions"}],"predecessor-version":[{"id":654,"href":"https:\/\/www.capson.fr\/index.php?rest_route=\/wp\/v2\/product\/651\/revisions\/654"}],"wp:featuredmedia":[{"embeddable":true,"href":"https:\/\/www.capson.fr\/index.php?rest_route=\/wp\/v2\/media\/653"}],"wp:attachment":[{"href":"https:\/\/www.capson.fr\/index.php?rest_route=%2Fwp%2Fv2%2Fmedia&parent=651"}],"wp:term":[{"taxonomy":"product_cat","embeddable":true,"href":"https:\/\/www.capson.fr\/index.php?rest_route=%2Fwp%2Fv2%2Fproduct_cat&post=651"},{"taxonomy":"product_tag","embeddable":true,"href":"https:\/\/www.capson.fr\/index.php?rest_route=%2Fwp%2Fv2%2Fproduct_tag&post=651"}],"curies":[{"name":"wp","href":"https:\/\/api.w.org\/{rel}","templated":true}]}}