{"id":635,"date":"2018-03-14T10:32:01","date_gmt":"2018-03-14T09:32:01","guid":{"rendered":"https:\/\/www.capson.fr\/?post_type=product&#038;p=635"},"modified":"2018-03-14T10:32:01","modified_gmt":"2018-03-14T09:32:01","slug":"terraiex","status":"publish","type":"product","link":"https:\/\/www.capson.fr\/?product=terraiex","title":{"rendered":"TERRAIEX"},"content":{"rendered":"<p><strong>TERRA-IEX<\/strong>&nbsp;est un terminal IP pour encoder et d\u00e9coder. C&rsquo;est la solution id\u00e9ale pour encoder une source audio et l&rsquo;envoyer sur un r\u00e9seau IP. Le boitier permet \u00e9galement de d\u00e9coder deux flux mono simultan\u00e9ment.<\/p>\n<p>\u2022 2 entr\u00e9es mic\/ligne sym\u00e9triques<br \/>\n\u2022 2 sorties lignes sym\u00e9triques ind\u00e9pendantes<br \/>\n\u2022 1 sortie mini-jack<br \/>\n\u2022 1 port USB pour cl\u00e9 m\u00e9moire USB<br \/>\n\u2022 1 \u00e9metteur\/r\u00e9cepteur SPDIF \u2013 en option<br \/>\n\u2022 Entr\u00e9es audio : niveau maximum + 5 dB, bande passante 20 Hz &#8211; 20 kHz<br \/>\n\u2022 Sorties audio : niveau maximum + 5 dB, bande passante 20 Hz &#8211; 20 kHz<br \/>\n\u2022 Interface r\u00e9seau incluant POE<br \/>\n\u2022 Alimentation : 24 VDC (si POE non disponible)<br \/>\n\u2022 Encodage\/d\u00e9codage G.711, G.722 ou MP3<br \/>\n\u2022 R\u00e9cepteur IR \u2013 en option<br \/>\n\u2022 LED : Power &amp; Status<br \/>\n\u2022 3 entr\u00e9es contact<br \/>\n\u2022 1 sortie relais<br \/>\n\u2022 1 port RS232<\/p>\n","protected":false},"excerpt":{"rendered":"<p><strong>TERRA-IEX<\/strong>&nbsp;est un terminal IP pour encoder et d\u00e9coder. C&rsquo;est la solution id\u00e9ale pour encoder une source audio et l&rsquo;envoyer sur un r\u00e9seau IP. Le boitier permet \u00e9galement de d\u00e9coder deux flux mono simultan\u00e9ment.<\/p>\n","protected":false},"featured_media":641,"template":"","meta":{"ngg_post_thumbnail":0},"product_cat":[47],"product_tag":[],"_links":{"self":[{"href":"https:\/\/www.capson.fr\/index.php?rest_route=\/wp\/v2\/product\/635"}],"collection":[{"href":"https:\/\/www.capson.fr\/index.php?rest_route=\/wp\/v2\/product"}],"about":[{"href":"https:\/\/www.capson.fr\/index.php?rest_route=\/wp\/v2\/types\/product"}],"version-history":[{"count":1,"href":"https:\/\/www.capson.fr\/index.php?rest_route=\/wp\/v2\/product\/635\/revisions"}],"predecessor-version":[{"id":642,"href":"https:\/\/www.capson.fr\/index.php?rest_route=\/wp\/v2\/product\/635\/revisions\/642"}],"wp:featuredmedia":[{"embeddable":true,"href":"https:\/\/www.capson.fr\/index.php?rest_route=\/wp\/v2\/media\/641"}],"wp:attachment":[{"href":"https:\/\/www.capson.fr\/index.php?rest_route=%2Fwp%2Fv2%2Fmedia&parent=635"}],"wp:term":[{"taxonomy":"product_cat","embeddable":true,"href":"https:\/\/www.capson.fr\/index.php?rest_route=%2Fwp%2Fv2%2Fproduct_cat&post=635"},{"taxonomy":"product_tag","embeddable":true,"href":"https:\/\/www.capson.fr\/index.php?rest_route=%2Fwp%2Fv2%2Fproduct_tag&post=635"}],"curies":[{"name":"wp","href":"https:\/\/api.w.org\/{rel}","templated":true}]}}