{"id":622,"date":"2018-03-14T09:38:51","date_gmt":"2018-03-14T08:38:51","guid":{"rendered":"https:\/\/www.capson.fr\/?post_type=product&#038;p=622"},"modified":"2018-03-14T09:54:08","modified_gmt":"2018-03-14T08:54:08","slug":"tsip","status":"publish","type":"product","link":"https:\/\/www.capson.fr\/?product=tsip","title":{"rendered":"TSIP"},"content":{"rendered":"<ul>\n<li>Le TSIP peut g\u00e9rer 2 lignes 100 V ind\u00e9pendantes surveill\u00e9es (120 W)<\/li>\n<li>Pilotable par r\u00e9seau IP<\/li>\n<li>Lecteur de messages audio int\u00e9gr\u00e9 au format MP3 ou WAVE PCM<\/li>\n<li>Fonction intercom<\/li>\n<li>R\u00e9gulation automatique de niveau<\/li>\n<li>Entr\u00e9es Audio<br \/>\n&#8211; 1 entr\u00e9e mixte 0 dB sym\u00e9trique ou microphone \u00e9lectret 2 fils<br \/>\n&#8211; 1 entr\u00e9e mixte 0 dB sym\u00e9trique ou microphone sym\u00e9trique&nbsp;avec alimentation fant\u00f4me<\/li>\n<li>Sorties Audio<br \/>\n&#8211; 1 sortie sym\u00e9trique 0 dB<br \/>\n&#8211; 1 sortie HP 8 \u03a9 \/ 4 W<br \/>\n&#8211; 2 sorties ligne 100 V surveill\u00e9es<\/li>\n<li>Sorties ligne 100 V<br \/>\n&#8211; 2 amplificateurs classe D 120 W<br \/>\n&#8211; Configuration 2 lignes ind\u00e9pendantes ou 1 ligne mode A\/B<br \/>\n&#8211; Basculement automatique de secours entre les 2 amplis<\/li>\n<li>Entr\u00e9es \/ sorties logiques<br \/>\n&#8211; 1 port RS232<br \/>\n&#8211; 1 entr\u00e9e contact sec ou surveill\u00e9e<br \/>\n&#8211; 1 entr\u00e9e contact UGA \/ 24 V<br \/>\n&#8211; 2 sorties relais 30 VDC 2 A, commun, NO et NC.<\/li>\n<\/ul>\n","protected":false},"excerpt":{"rendered":"<p>Le <strong>TSIP est une matrice audio compacte pilotable par r\u00e9seau IP<\/strong>. Elle permet de g\u00e9rer et surveiller deux lignes de haut-parleurs de 120 Watt ainsi qu&rsquo;une sortie audio O dB. D\u2019une hauteur de 2U, elle int\u00e8gre deux amplificateurs 100 V 120 W, un lecteur de messages audio au format MP3 ou Wave PCM, et la r\u00e9gulation automatique de niveau.<\/p>\n","protected":false},"featured_media":626,"template":"","meta":{"ngg_post_thumbnail":0},"product_cat":[47,19],"product_tag":[],"_links":{"self":[{"href":"https:\/\/www.capson.fr\/index.php?rest_route=\/wp\/v2\/product\/622"}],"collection":[{"href":"https:\/\/www.capson.fr\/index.php?rest_route=\/wp\/v2\/product"}],"about":[{"href":"https:\/\/www.capson.fr\/index.php?rest_route=\/wp\/v2\/types\/product"}],"version-history":[{"count":1,"href":"https:\/\/www.capson.fr\/index.php?rest_route=\/wp\/v2\/product\/622\/revisions"}],"predecessor-version":[{"id":627,"href":"https:\/\/www.capson.fr\/index.php?rest_route=\/wp\/v2\/product\/622\/revisions\/627"}],"wp:featuredmedia":[{"embeddable":true,"href":"https:\/\/www.capson.fr\/index.php?rest_route=\/wp\/v2\/media\/626"}],"wp:attachment":[{"href":"https:\/\/www.capson.fr\/index.php?rest_route=%2Fwp%2Fv2%2Fmedia&parent=622"}],"wp:term":[{"taxonomy":"product_cat","embeddable":true,"href":"https:\/\/www.capson.fr\/index.php?rest_route=%2Fwp%2Fv2%2Fproduct_cat&post=622"},{"taxonomy":"product_tag","embeddable":true,"href":"https:\/\/www.capson.fr\/index.php?rest_route=%2Fwp%2Fv2%2Fproduct_tag&post=622"}],"curies":[{"name":"wp","href":"https:\/\/api.w.org\/{rel}","templated":true}]}}