{"id":606,"date":"2018-03-12T18:56:24","date_gmt":"2018-03-12T17:56:24","guid":{"rendered":"https:\/\/www.capson.fr\/?post_type=product&#038;p=606"},"modified":"2018-03-14T10:38:55","modified_gmt":"2018-03-14T09:38:55","slug":"hma120","status":"publish","type":"product","link":"https:\/\/www.capson.fr\/?product=hma120","title":{"rendered":"HMA120"},"content":{"rendered":"<p><span class=\"fontstyle0\">Le HMA 120 est un amplificateur avec pr\u00e9amli, d&rsquo;une puissance de 120W en ligne 100V.<br \/>\nIl est \u00e9quip\u00e9 d&rsquo;une sortie 70V et dune sortie 4 Ohms.<br \/>\nIl est dot\u00e9 d&rsquo;un lecteur m\u00e9dia player pouvant lire les cartes SD et les cl\u00e9s USB.<br \/>\nLe pr\u00e9amplificateur du HMA 120 est \u00e9quip\u00e9 de deux entr\u00e9es microphones sur bornes, et<br \/>\nde trois entr\u00e9es AUX sur prise RCA, l&rsquo;entr\u00e9e N\u00b03 est disponible en face avant par fiche<br \/>\nJack 3,5mm st\u00e9r\u00e9o.<br \/>\nL&rsquo;amplificateur HMA 120 poss\u00e8de un syst\u00e8me d&rsquo;auto stand-by et d&rsquo;une d\u00e9tection<br \/>\nautomatique de mise en service sur pr\u00e9sence d&rsquo;une modulation.<br \/>\nRichement \u00e9quip\u00e9, le HMA 120 vous propose \u00e9galement de raccorder une extension de<br \/>\nsonorisation \u00e0 sa sortie AUX, ou une t\u00e9l\u00e9commande de volume d\u00e9port\u00e9e.<br \/>\nIl se pr\u00e9sente sous format 1\/2 19\u00a0\u00bb de 2 unit\u00e9s de haut, un syst\u00e8me de montage en rack<br \/>\n19\u00a0\u00bb peut \u00eatre fourni en option.<br \/>\nL&rsquo;amplificateur HMA 120 est une solution simple et efficace, tr\u00e8s peu encombrante et<br \/>\npeu on\u00e9reuse, pour toutes vos sonorisation de Bars, restaurants, Cabinets m\u00e9dicaux ou<br \/>\ndentaires, commerces, stations services, attente musicale..<\/span><\/p>\n","protected":false},"excerpt":{"rendered":"<p><span class=\"fontstyle0\">Le HMA 120 est un amplificateur avec pr\u00e9amli, d&rsquo;une puissance de 120W en ligne 100V.<\/span><\/p>\n","protected":false},"featured_media":608,"template":"","meta":{"ngg_post_thumbnail":0},"product_cat":[19],"product_tag":[],"_links":{"self":[{"href":"https:\/\/www.capson.fr\/index.php?rest_route=\/wp\/v2\/product\/606"}],"collection":[{"href":"https:\/\/www.capson.fr\/index.php?rest_route=\/wp\/v2\/product"}],"about":[{"href":"https:\/\/www.capson.fr\/index.php?rest_route=\/wp\/v2\/types\/product"}],"version-history":[{"count":1,"href":"https:\/\/www.capson.fr\/index.php?rest_route=\/wp\/v2\/product\/606\/revisions"}],"predecessor-version":[{"id":609,"href":"https:\/\/www.capson.fr\/index.php?rest_route=\/wp\/v2\/product\/606\/revisions\/609"}],"wp:featuredmedia":[{"embeddable":true,"href":"https:\/\/www.capson.fr\/index.php?rest_route=\/wp\/v2\/media\/608"}],"wp:attachment":[{"href":"https:\/\/www.capson.fr\/index.php?rest_route=%2Fwp%2Fv2%2Fmedia&parent=606"}],"wp:term":[{"taxonomy":"product_cat","embeddable":true,"href":"https:\/\/www.capson.fr\/index.php?rest_route=%2Fwp%2Fv2%2Fproduct_cat&post=606"},{"taxonomy":"product_tag","embeddable":true,"href":"https:\/\/www.capson.fr\/index.php?rest_route=%2Fwp%2Fv2%2Fproduct_tag&post=606"}],"curies":[{"name":"wp","href":"https:\/\/api.w.org\/{rel}","templated":true}]}}