{"id":602,"date":"2018-03-12T18:54:23","date_gmt":"2018-03-12T17:54:23","guid":{"rendered":"https:\/\/www.capson.fr\/?post_type=product&#038;p=602"},"modified":"2018-03-12T18:54:23","modified_gmt":"2018-03-12T17:54:23","slug":"ca40","status":"publish","type":"product","link":"https:\/\/www.capson.fr\/?product=ca40","title":{"rendered":"CA40"},"content":{"rendered":"<p>Amplificateur st\u00e9r\u00e9o de taille r\u00e9duite avec fonction de contr\u00f4le et de t\u00e9l\u00e9commandes.<\/p>\n<p>Puissance 2x20W sous 4 ohms, alimentation externe 24Vcc. Arret automatique. Id\u00e9la pour les installations qui n\u00e9cessitent des commandes d\u00e9port\u00e9es, salle de cours, salles de r\u00e9unions&#8230;<\/p>\n","protected":false},"excerpt":{"rendered":"<p>Amplificateur st\u00e9r\u00e9o de taille r\u00e9duite avec fonction de contr\u00f4le et de t\u00e9l\u00e9commandes.<\/p>\n<p>Puissance 2x20W sous 4 ohms, alimentation externe 24Vcc<\/p>\n","protected":false},"featured_media":604,"template":"","meta":{"ngg_post_thumbnail":0},"product_cat":[19],"product_tag":[],"_links":{"self":[{"href":"https:\/\/www.capson.fr\/index.php?rest_route=\/wp\/v2\/product\/602"}],"collection":[{"href":"https:\/\/www.capson.fr\/index.php?rest_route=\/wp\/v2\/product"}],"about":[{"href":"https:\/\/www.capson.fr\/index.php?rest_route=\/wp\/v2\/types\/product"}],"version-history":[{"count":1,"href":"https:\/\/www.capson.fr\/index.php?rest_route=\/wp\/v2\/product\/602\/revisions"}],"predecessor-version":[{"id":605,"href":"https:\/\/www.capson.fr\/index.php?rest_route=\/wp\/v2\/product\/602\/revisions\/605"}],"wp:featuredmedia":[{"embeddable":true,"href":"https:\/\/www.capson.fr\/index.php?rest_route=\/wp\/v2\/media\/604"}],"wp:attachment":[{"href":"https:\/\/www.capson.fr\/index.php?rest_route=%2Fwp%2Fv2%2Fmedia&parent=602"}],"wp:term":[{"taxonomy":"product_cat","embeddable":true,"href":"https:\/\/www.capson.fr\/index.php?rest_route=%2Fwp%2Fv2%2Fproduct_cat&post=602"},{"taxonomy":"product_tag","embeddable":true,"href":"https:\/\/www.capson.fr\/index.php?rest_route=%2Fwp%2Fv2%2Fproduct_tag&post=602"}],"curies":[{"name":"wp","href":"https:\/\/api.w.org\/{rel}","templated":true}]}}