{"id":586,"date":"2018-03-12T17:30:16","date_gmt":"2018-03-12T16:30:16","guid":{"rendered":"https:\/\/www.capson.fr\/?post_type=product&#038;p=586"},"modified":"2018-03-12T17:30:16","modified_gmt":"2018-03-12T16:30:16","slug":"cdt7","status":"publish","type":"product","link":"https:\/\/www.capson.fr\/?product=cdt7","title":{"rendered":"CDT7"},"content":{"rendered":"<p><span class=\"fontstyle0\">Lecteur multim\u00e9dia Formats MP3 \/ WMA, Compatible CD, CD-R, CD-RW<br \/>\nM\u00e9moires USB et SD\/SDHC jusqu\u2019\u00e0 16 Gb<br \/>\nTuner FM \/ AM, 10 pr\u00e9s\u00e9lections, RS 232, Sorties XLR sym\u00e9triques, Boutons lumineux d\u00e9brayables<br \/>\nAlimentation 24 V, T\u00e9l\u00e9commande<\/span><\/p>\n","protected":false},"excerpt":{"rendered":"<p>Lecteur multim\u00e9dia Formats MP3 \/ WMA, Compatible CD, CD-R, CD-RW M\u00e9moires USB et SD\/SDHC jusqu\u2019\u00e0 16 Gb Tuner FM \/ AM, 10 pr\u00e9s\u00e9lections, RS 232, Sorties XLR sym\u00e9triques, Boutons lumineux d\u00e9brayables Alimentation 24 V, T\u00e9l\u00e9commande<\/p>\n","protected":false},"featured_media":587,"template":"","meta":{"ngg_post_thumbnail":0},"product_cat":[21],"product_tag":[],"_links":{"self":[{"href":"https:\/\/www.capson.fr\/index.php?rest_route=\/wp\/v2\/product\/586"}],"collection":[{"href":"https:\/\/www.capson.fr\/index.php?rest_route=\/wp\/v2\/product"}],"about":[{"href":"https:\/\/www.capson.fr\/index.php?rest_route=\/wp\/v2\/types\/product"}],"version-history":[{"count":1,"href":"https:\/\/www.capson.fr\/index.php?rest_route=\/wp\/v2\/product\/586\/revisions"}],"predecessor-version":[{"id":589,"href":"https:\/\/www.capson.fr\/index.php?rest_route=\/wp\/v2\/product\/586\/revisions\/589"}],"wp:featuredmedia":[{"embeddable":true,"href":"https:\/\/www.capson.fr\/index.php?rest_route=\/wp\/v2\/media\/587"}],"wp:attachment":[{"href":"https:\/\/www.capson.fr\/index.php?rest_route=%2Fwp%2Fv2%2Fmedia&parent=586"}],"wp:term":[{"taxonomy":"product_cat","embeddable":true,"href":"https:\/\/www.capson.fr\/index.php?rest_route=%2Fwp%2Fv2%2Fproduct_cat&post=586"},{"taxonomy":"product_tag","embeddable":true,"href":"https:\/\/www.capson.fr\/index.php?rest_route=%2Fwp%2Fv2%2Fproduct_tag&post=586"}],"curies":[{"name":"wp","href":"https:\/\/api.w.org\/{rel}","templated":true}]}}