{"id":571,"date":"2018-02-26T18:29:41","date_gmt":"2018-02-26T17:29:41","guid":{"rendered":"https:\/\/www.capson.fr\/?post_type=product&#038;p=571"},"modified":"2018-02-26T18:29:41","modified_gmt":"2018-02-26T17:29:41","slug":"pm4250","status":"publish","type":"product","link":"https:\/\/www.capson.fr\/?product=pm4250","title":{"rendered":"PM4250"},"content":{"rendered":"<p>L\u2019amplificateur PM 4250 utilise des \u00e9tages d\u2019amplification en <strong>Classe D<\/strong>, il permet la gestion de 4 canaux au maximum le nombre de canaux et leur puissance d\u00e9pendra de la programmation. Puissance 4 x 250W sous 4 ohms, 2 x 500W en ligne 100V.<\/p>\n<p>L\u2019amplificateur est \u00e9quip\u00e9 d\u2019une alimentation \u00e0 d\u00e9coupage, assurant un fonctionnement normal sur des tensions comprises entre 100 et 240 Volts (\u00b110%),<\/p>\n<p>Le produit poss\u00e8de huit entr\u00e9es sym\u00e9triques sur bornier \u00e0 vis et permet l\u2019ajout de cartes audio num\u00e9riques (Dante, AVB).<\/p>\n<p>&nbsp;<\/p>\n","protected":false},"excerpt":{"rendered":"<p>L\u2019amplificateur PM 4250 utilise des \u00e9tages d\u2019amplification en <strong>Classe D<\/strong>, il permet la gestion de 4 canaux au maximum le nombre de canaux et leur puissance d\u00e9pendra de la programmation. Puissance 4 x 250W sous 4 ohms, 2 x 500W en ligne 100V.<\/p>\n","protected":false},"featured_media":572,"template":"","meta":{"ngg_post_thumbnail":0},"product_cat":[19],"product_tag":[],"_links":{"self":[{"href":"https:\/\/www.capson.fr\/index.php?rest_route=\/wp\/v2\/product\/571"}],"collection":[{"href":"https:\/\/www.capson.fr\/index.php?rest_route=\/wp\/v2\/product"}],"about":[{"href":"https:\/\/www.capson.fr\/index.php?rest_route=\/wp\/v2\/types\/product"}],"version-history":[{"count":1,"href":"https:\/\/www.capson.fr\/index.php?rest_route=\/wp\/v2\/product\/571\/revisions"}],"predecessor-version":[{"id":574,"href":"https:\/\/www.capson.fr\/index.php?rest_route=\/wp\/v2\/product\/571\/revisions\/574"}],"wp:featuredmedia":[{"embeddable":true,"href":"https:\/\/www.capson.fr\/index.php?rest_route=\/wp\/v2\/media\/572"}],"wp:attachment":[{"href":"https:\/\/www.capson.fr\/index.php?rest_route=%2Fwp%2Fv2%2Fmedia&parent=571"}],"wp:term":[{"taxonomy":"product_cat","embeddable":true,"href":"https:\/\/www.capson.fr\/index.php?rest_route=%2Fwp%2Fv2%2Fproduct_cat&post=571"},{"taxonomy":"product_tag","embeddable":true,"href":"https:\/\/www.capson.fr\/index.php?rest_route=%2Fwp%2Fv2%2Fproduct_tag&post=571"}],"curies":[{"name":"wp","href":"https:\/\/api.w.org\/{rel}","templated":true}]}}