{"id":567,"date":"2018-02-25T16:34:24","date_gmt":"2018-02-25T15:34:24","guid":{"rendered":"https:\/\/www.capson.fr\/?post_type=product&#038;p=567"},"modified":"2018-02-25T16:34:24","modified_gmt":"2018-02-25T15:34:24","slug":"mx391c","status":"publish","type":"product","link":"https:\/\/www.capson.fr\/?product=mx391c","title":{"rendered":"MX391C"},"content":{"rendered":"<p>Micro \u00e0 effet de surface miniature avec c\u00e2ble solidaire de 4m et connecteur TA4F. Il int\u00e8gre le nouveau pr\u00e9ampli d\u00e9tachable RK100PK immunis\u00e9 contre les interf\u00e9rences dues aux GSM ; son gain de 12db est modifiable \u00e0 0dB. Couleur noire. Cardio\u00efde.<\/p>\n<p>Cette gamme de micros se destine au broadcast, au th\u00e9\u00e2tre, aux lieux de cultes ainsi qu\u2019\u00e0 la conf\u00e9rence.<\/p>\n","protected":false},"excerpt":{"rendered":"<p><span style=\"display: inline !important; float: none; background-color: transparent; color: #333333; cursor: text; font-family: Georgia,'Times New Roman','Bitstream Charter',Times,serif; font-size: 16px; font-style: normal; font-variant: normal; font-weight: 400; letter-spacing: normal; orphans: 2; text-align: left; text-decoration: none; text-indent: 0px; text-transform: none; -webkit-text-stroke-width: 0px; white-space: normal; word-spacing: 0px;\">Micro \u00e0 effet de surface miniature avec c\u00e2ble solidaire de 4m et connecteur TA4F. Il int\u00e8gre le nouveau pr\u00e9ampli d\u00e9tachable RK100PK immunis\u00e9 contre les interf\u00e9rences dues aux GSM ; son gain de 12db est modifiable \u00e0 0dB. Couleur noire. Cardio\u00efde.<\/span><\/p>\n","protected":false},"featured_media":569,"template":"","meta":{"ngg_post_thumbnail":0},"product_cat":[45],"product_tag":[],"_links":{"self":[{"href":"https:\/\/www.capson.fr\/index.php?rest_route=\/wp\/v2\/product\/567"}],"collection":[{"href":"https:\/\/www.capson.fr\/index.php?rest_route=\/wp\/v2\/product"}],"about":[{"href":"https:\/\/www.capson.fr\/index.php?rest_route=\/wp\/v2\/types\/product"}],"version-history":[{"count":1,"href":"https:\/\/www.capson.fr\/index.php?rest_route=\/wp\/v2\/product\/567\/revisions"}],"predecessor-version":[{"id":570,"href":"https:\/\/www.capson.fr\/index.php?rest_route=\/wp\/v2\/product\/567\/revisions\/570"}],"wp:featuredmedia":[{"embeddable":true,"href":"https:\/\/www.capson.fr\/index.php?rest_route=\/wp\/v2\/media\/569"}],"wp:attachment":[{"href":"https:\/\/www.capson.fr\/index.php?rest_route=%2Fwp%2Fv2%2Fmedia&parent=567"}],"wp:term":[{"taxonomy":"product_cat","embeddable":true,"href":"https:\/\/www.capson.fr\/index.php?rest_route=%2Fwp%2Fv2%2Fproduct_cat&post=567"},{"taxonomy":"product_tag","embeddable":true,"href":"https:\/\/www.capson.fr\/index.php?rest_route=%2Fwp%2Fv2%2Fproduct_tag&post=567"}],"curies":[{"name":"wp","href":"https:\/\/api.w.org\/{rel}","templated":true}]}}