{"id":559,"date":"2018-02-25T11:01:23","date_gmt":"2018-02-25T10:01:23","guid":{"rendered":"https:\/\/www.capson.fr\/?post_type=product&#038;p=559"},"modified":"2018-02-25T11:01:23","modified_gmt":"2018-02-25T10:01:23","slug":"blx24sm58m177","status":"publish","type":"product","link":"https:\/\/www.capson.fr\/?product=blx24sm58m177","title":{"rendered":"BLX24SM58M177"},"content":{"rendered":"<p>Syst\u00e8me complet simple pour chanteurs et animateurs.<br \/>\nCompos\u00e9 d&rsquo;un r\u00e9cepteur BLX4E, d&rsquo;un \u00e9metteur main BLX2 \u00e9quip\u00e9 d\u2019une capsule dynamique cardio\u00efde SM58 et d\u2019une pince micro WA371.<\/p>\n<p>Premier pas vers la technologie d\u2019excellence Shure, les syst\u00e8mes sans fil BLX sont propos\u00e9s dans un large \u00e9ventail de configurations avec r\u00e9cepteur simple, double ou rackable, permettant de r\u00e9pondre \u00e0 de multiples applications.<br \/>\nIls d\u00e9livrent une excellente qualit\u00e9 audio gr\u00e2ce \u00e0 une r\u00e9ponse en fr\u00e9quence proche de la version filaire et offrent jusqu\u2019\u00e0 12 fr\u00e9quences compatibles par bande. Les ensembles avec r\u00e9cepteur BLX4 se caract\u00e9risent par leur facilit\u00e9 et rapidit\u00e9 de mise en \u0153uvre gr\u00e2ce \u00e0 leurs antennes int\u00e9gr\u00e9es. Les r\u00e9cepteurs rackables BLX4R avec leurs antennes d\u00e9tachables permettent l\u2019utilisation de d\u00e9ports d\u2019antennes et de distributeur d\u2019antennes et sont adapt\u00e9s \u00e0 l\u2019installation fixe \u00e9conomique.<br \/>\nQuel que soit l\u2019environnement, la fonction QuickScan trouvera la meilleure fr\u00e9quence possible assurant une transmission stable.<\/p>\n","protected":false},"excerpt":{"rendered":"<p><span style=\"display: inline !important; float: none; background-color: transparent; color: #333333; cursor: text; font-family: Georgia,'Times New Roman','Bitstream Charter',Times,serif; font-size: 16px; font-style: normal; font-variant: normal; font-weight: 400; letter-spacing: normal; orphans: 2; text-align: left; text-decoration: none; text-indent: 0px; text-transform: none; -webkit-text-stroke-width: 0px; white-space: normal; word-spacing: 0px;\">Syst\u00e8me complet simple pour chanteurs et animateurs. <\/span><span style=\"display: inline !important; float: none; background-color: transparent; color: #333333; cursor: text; font-family: Georgia,'Times New Roman','Bitstream Charter',Times,serif; font-size: 16px; font-style: normal; font-variant: normal; font-weight: 400; letter-spacing: normal; orphans: 2; text-align: left; text-decoration: none; text-indent: 0px; text-transform: none; -webkit-text-stroke-width: 0px; white-space: normal; word-spacing: 0px;\">Compos\u00e9 d&rsquo;un r\u00e9cepteur BLX4E, d&rsquo;un \u00e9metteur main BLX2 \u00e9quip\u00e9 d\u2019une capsule dynamique cardio\u00efde SM58 et d\u2019une pince micro WA371.<\/span><\/p>\n","protected":false},"featured_media":561,"template":"","meta":{"ngg_post_thumbnail":0},"product_cat":[46],"product_tag":[],"_links":{"self":[{"href":"https:\/\/www.capson.fr\/index.php?rest_route=\/wp\/v2\/product\/559"}],"collection":[{"href":"https:\/\/www.capson.fr\/index.php?rest_route=\/wp\/v2\/product"}],"about":[{"href":"https:\/\/www.capson.fr\/index.php?rest_route=\/wp\/v2\/types\/product"}],"version-history":[{"count":1,"href":"https:\/\/www.capson.fr\/index.php?rest_route=\/wp\/v2\/product\/559\/revisions"}],"predecessor-version":[{"id":562,"href":"https:\/\/www.capson.fr\/index.php?rest_route=\/wp\/v2\/product\/559\/revisions\/562"}],"wp:featuredmedia":[{"embeddable":true,"href":"https:\/\/www.capson.fr\/index.php?rest_route=\/wp\/v2\/media\/561"}],"wp:attachment":[{"href":"https:\/\/www.capson.fr\/index.php?rest_route=%2Fwp%2Fv2%2Fmedia&parent=559"}],"wp:term":[{"taxonomy":"product_cat","embeddable":true,"href":"https:\/\/www.capson.fr\/index.php?rest_route=%2Fwp%2Fv2%2Fproduct_cat&post=559"},{"taxonomy":"product_tag","embeddable":true,"href":"https:\/\/www.capson.fr\/index.php?rest_route=%2Fwp%2Fv2%2Fproduct_tag&post=559"}],"curies":[{"name":"wp","href":"https:\/\/api.w.org\/{rel}","templated":true}]}}