{"id":546,"date":"2018-02-23T15:14:38","date_gmt":"2018-02-23T14:14:38","guid":{"rendered":"https:\/\/www.capson.fr\/?post_type=product&#038;p=546"},"modified":"2018-03-14T10:38:22","modified_gmt":"2018-03-14T09:38:22","slug":"stealth-wl","status":"publish","type":"product","link":"https:\/\/www.capson.fr\/?product=stealth-wl","title":{"rendered":"STEALTH WL"},"content":{"rendered":"<p>Les \u00e9metteurs r\u00e9cepteurs STEALTH vous permettent d&rsquo;ajouter une connectivit\u00e9 audio sans fil \u00e0 vos enceintes actives. D\u00e9veloppez votre syst\u00e8me sans fil gr\u00e2ce au pack STEALTH Wireless Alto Professionnal incluant 1 \u00e9metteur et 2 r\u00e9cepteurs. Connectez 2 enceintes suppl\u00e9mentaires avec le pack d&rsquo;extension contenant 2 r\u00e9cepteurs monocanal additionnels.<\/p>\n","protected":false},"excerpt":{"rendered":"<p>Pack Emetteur avec deux r\u00e9cepteurs sans fil.<\/p>\n","protected":false},"featured_media":547,"template":"","meta":{"ngg_post_thumbnail":0},"product_cat":[44],"product_tag":[],"_links":{"self":[{"href":"https:\/\/www.capson.fr\/index.php?rest_route=\/wp\/v2\/product\/546"}],"collection":[{"href":"https:\/\/www.capson.fr\/index.php?rest_route=\/wp\/v2\/product"}],"about":[{"href":"https:\/\/www.capson.fr\/index.php?rest_route=\/wp\/v2\/types\/product"}],"version-history":[{"count":1,"href":"https:\/\/www.capson.fr\/index.php?rest_route=\/wp\/v2\/product\/546\/revisions"}],"predecessor-version":[{"id":549,"href":"https:\/\/www.capson.fr\/index.php?rest_route=\/wp\/v2\/product\/546\/revisions\/549"}],"wp:featuredmedia":[{"embeddable":true,"href":"https:\/\/www.capson.fr\/index.php?rest_route=\/wp\/v2\/media\/547"}],"wp:attachment":[{"href":"https:\/\/www.capson.fr\/index.php?rest_route=%2Fwp%2Fv2%2Fmedia&parent=546"}],"wp:term":[{"taxonomy":"product_cat","embeddable":true,"href":"https:\/\/www.capson.fr\/index.php?rest_route=%2Fwp%2Fv2%2Fproduct_cat&post=546"},{"taxonomy":"product_tag","embeddable":true,"href":"https:\/\/www.capson.fr\/index.php?rest_route=%2Fwp%2Fv2%2Fproduct_tag&post=546"}],"curies":[{"name":"wp","href":"https:\/\/api.w.org\/{rel}","templated":true}]}}