{"id":490,"date":"2018-02-21T19:13:58","date_gmt":"2018-02-21T18:13:58","guid":{"rendered":"https:\/\/www.capson.fr\/?post_type=product&#038;p=490"},"modified":"2018-02-21T19:25:37","modified_gmt":"2018-02-21T18:25:37","slug":"amh1205ec","status":"publish","type":"product","link":"https:\/\/www.capson.fr\/?product=amh1205ec","title":{"rendered":"AMH1205EC"},"content":{"rendered":"<p>Amplificateur 120W en ligne 100V, 5 entr\u00e9es commutables.<\/p>\n<p><span class=\"fontstyle0\">\u2022 <\/span><span class=\"fontstyle0\">5 entr\u00e9es avec un contr\u00f4le de volume ind\u00e9pendant pour<br \/>\nchacune<br \/>\n<\/span><span class=\"fontstyle0\">\u2022 <\/span><span class=\"fontstyle0\">Entr\u00e9es en mode mixte ou en cascade<br \/>\n<\/span><span class=\"fontstyle0\">\u2022 <\/span><span class=\"fontstyle0\">Entr\u00e9e 1 prioritaire par t\u00e9l\u00e9commande sur toutes les autres<br \/>\n<\/span><span class=\"fontstyle0\">\u2022 <\/span><span class=\"fontstyle0\">Entr\u00e9e 2 prioritaire par vox ou t\u00e9l\u00e9commande sur E3, 4 et 5<br \/>\n<\/span><span class=\"fontstyle0\">\u2022 <\/span><span class=\"fontstyle0\">Niveaux entr\u00e9es Aux 2,3, 4 et 5 r\u00e9glables<br \/>\n<\/span><span class=\"fontstyle0\">\u2022 <\/span><span class=\"fontstyle0\">Tonalit\u00e9 graves et aigus s\u00e9par\u00e9ment<br \/>\n<\/span><span class=\"fontstyle0\">\u2022 <\/span><span class=\"fontstyle0\">Alimentation fant\u00f4me pour micro et 24VCC pour pupitre<br \/>\n<\/span><span class=\"fontstyle0\">\u2022 <\/span><span class=\"fontstyle0\">Inverseur micro \/aux sur panneau arri\u00e8re<br \/>\n<\/span><span class=\"fontstyle0\">\u2022 <\/span><span class=\"fontstyle0\">Prises XLR , RCA et connecteurs \u00e0 vis enfichable pour les<br \/>\nentr\u00e9es<br \/>\n<\/span><span class=\"fontstyle0\">\u2022 <\/span><span class=\"fontstyle0\">Sortie 0dB sur la prise RCA<br \/>\n<\/span><span class=\"fontstyle0\">\u2022 <\/span><span class=\"fontstyle0\">Sorties ligne HP sur bornes \u00e0 pression 50V- 70V -100V<\/span><\/p>\n","protected":false},"excerpt":{"rendered":"<p>Amplificateur 120W en ligne 100V, 5 entr\u00e9es commutables.<\/p>\n","protected":false},"featured_media":496,"template":"","meta":{"ngg_post_thumbnail":0},"product_cat":[19],"product_tag":[],"_links":{"self":[{"href":"https:\/\/www.capson.fr\/index.php?rest_route=\/wp\/v2\/product\/490"}],"collection":[{"href":"https:\/\/www.capson.fr\/index.php?rest_route=\/wp\/v2\/product"}],"about":[{"href":"https:\/\/www.capson.fr\/index.php?rest_route=\/wp\/v2\/types\/product"}],"version-history":[{"count":1,"href":"https:\/\/www.capson.fr\/index.php?rest_route=\/wp\/v2\/product\/490\/revisions"}],"predecessor-version":[{"id":492,"href":"https:\/\/www.capson.fr\/index.php?rest_route=\/wp\/v2\/product\/490\/revisions\/492"}],"wp:featuredmedia":[{"embeddable":true,"href":"https:\/\/www.capson.fr\/index.php?rest_route=\/wp\/v2\/media\/496"}],"wp:attachment":[{"href":"https:\/\/www.capson.fr\/index.php?rest_route=%2Fwp%2Fv2%2Fmedia&parent=490"}],"wp:term":[{"taxonomy":"product_cat","embeddable":true,"href":"https:\/\/www.capson.fr\/index.php?rest_route=%2Fwp%2Fv2%2Fproduct_cat&post=490"},{"taxonomy":"product_tag","embeddable":true,"href":"https:\/\/www.capson.fr\/index.php?rest_route=%2Fwp%2Fv2%2Fproduct_tag&post=490"}],"curies":[{"name":"wp","href":"https:\/\/api.w.org\/{rel}","templated":true}]}}