{"id":486,"date":"2018-02-21T19:08:57","date_gmt":"2018-02-21T18:08:57","guid":{"rendered":"https:\/\/www.capson.fr\/?post_type=product&#038;p=486"},"modified":"2018-02-21T19:08:57","modified_gmt":"2018-02-21T18:08:57","slug":"dpafour125","status":"publish","type":"product","link":"https:\/\/www.capson.fr\/?product=dpafour125","title":{"rendered":"DPAFOUR125"},"content":{"rendered":"<p>Le DPAfour125 est un amplificateur de s\u00e9curit\u00e9 conforme EN 54-16 dot\u00e9 de 4 canaux de puissance classe-D et d\u2019un transformateur isol\u00e9 pour la distribution de lignes 100 V, 70 V, 50 V et 4 Ohms. Il int\u00e8gre 4 canaux de 125 Watt pouvant \u00eatre utilis\u00e9s s\u00e9par\u00e9ment ou bridg\u00e9s en 2 x 250 Watt.<\/p>\n","protected":false},"excerpt":{"rendered":"<p>Amplificateur 4&#215;125 W EN54<\/p>\n","protected":false},"featured_media":487,"template":"","meta":{"ngg_post_thumbnail":0},"product_cat":[19],"product_tag":[],"_links":{"self":[{"href":"https:\/\/www.capson.fr\/index.php?rest_route=\/wp\/v2\/product\/486"}],"collection":[{"href":"https:\/\/www.capson.fr\/index.php?rest_route=\/wp\/v2\/product"}],"about":[{"href":"https:\/\/www.capson.fr\/index.php?rest_route=\/wp\/v2\/types\/product"}],"version-history":[{"count":1,"href":"https:\/\/www.capson.fr\/index.php?rest_route=\/wp\/v2\/product\/486\/revisions"}],"predecessor-version":[{"id":489,"href":"https:\/\/www.capson.fr\/index.php?rest_route=\/wp\/v2\/product\/486\/revisions\/489"}],"wp:featuredmedia":[{"embeddable":true,"href":"https:\/\/www.capson.fr\/index.php?rest_route=\/wp\/v2\/media\/487"}],"wp:attachment":[{"href":"https:\/\/www.capson.fr\/index.php?rest_route=%2Fwp%2Fv2%2Fmedia&parent=486"}],"wp:term":[{"taxonomy":"product_cat","embeddable":true,"href":"https:\/\/www.capson.fr\/index.php?rest_route=%2Fwp%2Fv2%2Fproduct_cat&post=486"},{"taxonomy":"product_tag","embeddable":true,"href":"https:\/\/www.capson.fr\/index.php?rest_route=%2Fwp%2Fv2%2Fproduct_tag&post=486"}],"curies":[{"name":"wp","href":"https:\/\/api.w.org\/{rel}","templated":true}]}}