{"id":482,"date":"2018-02-21T19:04:56","date_gmt":"2018-02-21T18:04:56","guid":{"rendered":"https:\/\/www.capson.fr\/?post_type=product&#038;p=482"},"modified":"2018-02-21T19:04:56","modified_gmt":"2018-02-21T18:04:56","slug":"dpafour250","status":"publish","type":"product","link":"https:\/\/www.capson.fr\/?product=dpafour250","title":{"rendered":"DPAFOUR250"},"content":{"rendered":"<p>Le DPAfour250 est un amplificateur de s\u00e9curit\u00e9 conforme EN 54-16 dot\u00e9 de 4 canaux de puissance classe-D et d\u2019un transformateur isol\u00e9 pour la distribution de lignes 100 V, 70 V, 50 V et 4 Ohms. Il int\u00e8gre 4 canaux de 250 Watt pouvant \u00eatre utilis\u00e9s s\u00e9par\u00e9ment ou bridg\u00e9s en 2 x 500 Watt.<\/p>\n","protected":false},"excerpt":{"rendered":"<p>Amplificateur 4x250W EN 54<\/p>\n","protected":false},"featured_media":483,"template":"","meta":{"ngg_post_thumbnail":0},"product_cat":[19],"product_tag":[],"_links":{"self":[{"href":"https:\/\/www.capson.fr\/index.php?rest_route=\/wp\/v2\/product\/482"}],"collection":[{"href":"https:\/\/www.capson.fr\/index.php?rest_route=\/wp\/v2\/product"}],"about":[{"href":"https:\/\/www.capson.fr\/index.php?rest_route=\/wp\/v2\/types\/product"}],"version-history":[{"count":1,"href":"https:\/\/www.capson.fr\/index.php?rest_route=\/wp\/v2\/product\/482\/revisions"}],"predecessor-version":[{"id":485,"href":"https:\/\/www.capson.fr\/index.php?rest_route=\/wp\/v2\/product\/482\/revisions\/485"}],"wp:featuredmedia":[{"embeddable":true,"href":"https:\/\/www.capson.fr\/index.php?rest_route=\/wp\/v2\/media\/483"}],"wp:attachment":[{"href":"https:\/\/www.capson.fr\/index.php?rest_route=%2Fwp%2Fv2%2Fmedia&parent=482"}],"wp:term":[{"taxonomy":"product_cat","embeddable":true,"href":"https:\/\/www.capson.fr\/index.php?rest_route=%2Fwp%2Fv2%2Fproduct_cat&post=482"},{"taxonomy":"product_tag","embeddable":true,"href":"https:\/\/www.capson.fr\/index.php?rest_route=%2Fwp%2Fv2%2Fproduct_tag&post=482"}],"curies":[{"name":"wp","href":"https:\/\/api.w.org\/{rel}","templated":true}]}}