{"id":478,"date":"2018-02-21T18:59:52","date_gmt":"2018-02-21T17:59:52","guid":{"rendered":"https:\/\/www.capson.fr\/?post_type=product&#038;p=478"},"modified":"2018-02-21T19:05:28","modified_gmt":"2018-02-21T18:05:28","slug":"uma240","status":"publish","type":"product","link":"https:\/\/www.capson.fr\/?product=uma240","title":{"rendered":"UMA240"},"content":{"rendered":"<p>L&rsquo;ampli m\u00e9langeur UMA 240 est un syst\u00e8me de sonorisation de confort compact id\u00e9al pour les applications de type commerciales, pour la diffusion de musique d&rsquo;ambiance ou d&rsquo;annonces en live. Ce syst\u00e8me permet de couvrir 5 zones de diffusion pour une puissance totale de 240 Watt.<\/p>\n","protected":false},"excerpt":{"rendered":"<p>Amplificateur m\u00e9langeur avec tuner et lecteur cl\u00e9 USB 240W<\/p>\n","protected":false},"featured_media":479,"template":"","meta":{"ngg_post_thumbnail":0},"product_cat":[19],"product_tag":[],"_links":{"self":[{"href":"https:\/\/www.capson.fr\/index.php?rest_route=\/wp\/v2\/product\/478"}],"collection":[{"href":"https:\/\/www.capson.fr\/index.php?rest_route=\/wp\/v2\/product"}],"about":[{"href":"https:\/\/www.capson.fr\/index.php?rest_route=\/wp\/v2\/types\/product"}],"version-history":[{"count":1,"href":"https:\/\/www.capson.fr\/index.php?rest_route=\/wp\/v2\/product\/478\/revisions"}],"predecessor-version":[{"id":481,"href":"https:\/\/www.capson.fr\/index.php?rest_route=\/wp\/v2\/product\/478\/revisions\/481"}],"wp:featuredmedia":[{"embeddable":true,"href":"https:\/\/www.capson.fr\/index.php?rest_route=\/wp\/v2\/media\/479"}],"wp:attachment":[{"href":"https:\/\/www.capson.fr\/index.php?rest_route=%2Fwp%2Fv2%2Fmedia&parent=478"}],"wp:term":[{"taxonomy":"product_cat","embeddable":true,"href":"https:\/\/www.capson.fr\/index.php?rest_route=%2Fwp%2Fv2%2Fproduct_cat&post=478"},{"taxonomy":"product_tag","embeddable":true,"href":"https:\/\/www.capson.fr\/index.php?rest_route=%2Fwp%2Fv2%2Fproduct_tag&post=478"}],"curies":[{"name":"wp","href":"https:\/\/api.w.org\/{rel}","templated":true}]}}