{"id":454,"date":"2018-02-20T15:21:25","date_gmt":"2018-02-20T14:21:25","guid":{"rendered":"https:\/\/www.capson.fr\/?post_type=product&#038;p=454"},"modified":"2018-02-20T15:25:33","modified_gmt":"2018-02-20T14:25:33","slug":"la90set","status":"publish","type":"product","link":"https:\/\/www.capson.fr\/?product=la90set","title":{"rendered":"LA90SET"},"content":{"rendered":"<p style=\"margin: 0px 0px 0.5cm; padding: 0px; box-sizing: border-box; outline: none; color: #1e2832; cursor: inherit; font-weight: 300; font-style: normal; font-family: 'Open Sans'; font-size: 15.1181px; line-height: inherit; font-variant-ligatures: normal; font-variant-caps: normal; letter-spacing: normal; orphans: 2; text-align: start; text-indent: 0px; text-transform: none; white-space: normal; widows: 2; word-spacing: 0px; -webkit-text-stroke-width: 0px; background-color: #ffffff; text-decoration-style: initial; text-decoration-color: initial;\">Le&nbsp;LA-90&nbsp;SET contient tous les \u00e9l\u00e9ments n\u00e9cessaires pour une utilisation professionnelle : Un microphone de table et un \u00e9couteur avec accroche sp\u00e9ciale \u2013 id\u00e9al pour un entretien discret \u2013 \u00e9galement pour personnes qui entendent normalement.<\/p>\n<p style=\"margin: 0px 0px 0.5cm; padding: 0px; box-sizing: border-box; outline: none; color: #1e2832; cursor: inherit; font-weight: 300; font-style: normal; font-family: 'Open Sans'; font-size: 15.1181px; line-height: inherit; font-variant-ligatures: normal; font-variant-caps: normal; letter-spacing: normal; orphans: 2; text-align: start; text-indent: 0px; text-transform: none; white-space: normal; widows: 2; word-spacing: 0px; -webkit-text-stroke-width: 0px; background-color: #ffffff; text-decoration-style: initial; text-decoration-color: initial;\">Un microphone de table et un \u00e9couteur avec accroche sp\u00e9ciale \u2013 id\u00e9al pour un entretien discret \u2013 \u00e9galement pour personnes qui entendent normalement.<\/p>\n<p style=\"margin: 0px 0px 0.5cm; padding: 0px; box-sizing: border-box; outline: none; color: #1e2832; cursor: inherit; font-weight: 300; font-style: normal; font-family: 'Open Sans'; font-size: 15.1181px; line-height: inherit; font-variant-ligatures: normal; font-variant-caps: normal; letter-spacing: normal; orphans: 2; text-align: start; text-indent: 0px; text-transform: none; white-space: normal; widows: 2; word-spacing: 0px; -webkit-text-stroke-width: 0px; background-color: #ffffff; text-decoration-style: initial; text-decoration-color: initial;\">L\u2019alimentation \u00e9lectrique du&nbsp;LA-90&nbsp;a lieu au choix par un bloc-secteur enfichable ou par un accu int\u00e9gr\u00e9 (tous deux compris dans la livraison).<\/p>\n","protected":false},"excerpt":{"rendered":"<p>Kit de boucle magn\u00e9tique portable<\/p>\n","protected":false},"featured_media":456,"template":"","meta":{"ngg_post_thumbnail":0},"product_cat":[29],"product_tag":[],"_links":{"self":[{"href":"https:\/\/www.capson.fr\/index.php?rest_route=\/wp\/v2\/product\/454"}],"collection":[{"href":"https:\/\/www.capson.fr\/index.php?rest_route=\/wp\/v2\/product"}],"about":[{"href":"https:\/\/www.capson.fr\/index.php?rest_route=\/wp\/v2\/types\/product"}],"version-history":[{"count":1,"href":"https:\/\/www.capson.fr\/index.php?rest_route=\/wp\/v2\/product\/454\/revisions"}],"predecessor-version":[{"id":457,"href":"https:\/\/www.capson.fr\/index.php?rest_route=\/wp\/v2\/product\/454\/revisions\/457"}],"wp:featuredmedia":[{"embeddable":true,"href":"https:\/\/www.capson.fr\/index.php?rest_route=\/wp\/v2\/media\/456"}],"wp:attachment":[{"href":"https:\/\/www.capson.fr\/index.php?rest_route=%2Fwp%2Fv2%2Fmedia&parent=454"}],"wp:term":[{"taxonomy":"product_cat","embeddable":true,"href":"https:\/\/www.capson.fr\/index.php?rest_route=%2Fwp%2Fv2%2Fproduct_cat&post=454"},{"taxonomy":"product_tag","embeddable":true,"href":"https:\/\/www.capson.fr\/index.php?rest_route=%2Fwp%2Fv2%2Fproduct_tag&post=454"}],"curies":[{"name":"wp","href":"https:\/\/api.w.org\/{rel}","templated":true}]}}