{"id":415,"date":"2018-02-20T11:08:30","date_gmt":"2018-02-20T10:08:30","guid":{"rendered":"http:\/\/www.capson.fr\/?post_type=product&#038;p=415"},"modified":"2018-02-20T14:40:43","modified_gmt":"2018-02-20T13:40:43","slug":"jd20t","status":"publish","type":"product","link":"https:\/\/www.capson.fr\/?product=jd20t","title":{"rendered":"JD20T"},"content":{"rendered":"<p>La&nbsp;JD20\/T&nbsp;est une&nbsp;enceinte murale&nbsp;100 Volt&nbsp;de couleur noir ou blanc, poss\u00e9dant de bonnes qualit\u00e9s musicales, livr\u00e9e avec ferrures de fixation murale.<\/p>\n<p>Puissance :&nbsp;20 Watt&nbsp;\/ 100 Volt.<\/p>\n","protected":false},"excerpt":{"rendered":"<p>Enceinte murale 20W<\/p>\n","protected":false},"featured_media":416,"template":"","meta":{"ngg_post_thumbnail":0},"product_cat":[38],"product_tag":[],"_links":{"self":[{"href":"https:\/\/www.capson.fr\/index.php?rest_route=\/wp\/v2\/product\/415"}],"collection":[{"href":"https:\/\/www.capson.fr\/index.php?rest_route=\/wp\/v2\/product"}],"about":[{"href":"https:\/\/www.capson.fr\/index.php?rest_route=\/wp\/v2\/types\/product"}],"version-history":[{"count":2,"href":"https:\/\/www.capson.fr\/index.php?rest_route=\/wp\/v2\/product\/415\/revisions"}],"predecessor-version":[{"id":448,"href":"https:\/\/www.capson.fr\/index.php?rest_route=\/wp\/v2\/product\/415\/revisions\/448"}],"wp:featuredmedia":[{"embeddable":true,"href":"https:\/\/www.capson.fr\/index.php?rest_route=\/wp\/v2\/media\/416"}],"wp:attachment":[{"href":"https:\/\/www.capson.fr\/index.php?rest_route=%2Fwp%2Fv2%2Fmedia&parent=415"}],"wp:term":[{"taxonomy":"product_cat","embeddable":true,"href":"https:\/\/www.capson.fr\/index.php?rest_route=%2Fwp%2Fv2%2Fproduct_cat&post=415"},{"taxonomy":"product_tag","embeddable":true,"href":"https:\/\/www.capson.fr\/index.php?rest_route=%2Fwp%2Fv2%2Fproduct_tag&post=415"}],"curies":[{"name":"wp","href":"https:\/\/api.w.org\/{rel}","templated":true}]}}