{"id":413,"date":"2018-02-20T11:05:49","date_gmt":"2018-02-20T10:05:49","guid":{"rendered":"http:\/\/www.capson.fr\/?post_type=product&#038;p=413"},"modified":"2018-02-20T14:11:17","modified_gmt":"2018-02-20T13:11:17","slug":"mcs80t-en","status":"publish","type":"product","link":"https:\/\/www.capson.fr\/?product=mcs80t-en","title":{"rendered":"MCS80T\/EN"},"content":{"rendered":"<p>La&nbsp;MCS80T\/EN&nbsp;est une&nbsp;enceinte Colonne&nbsp;IP55&nbsp;pour une utilisation en int\u00e9rieur et en ext\u00e9rieur. Line Array miniature \u00e0&nbsp;haute pr\u00e9cision&nbsp;id\u00e9ale pour les applications o\u00f9 il est demand\u00e9 moins de basses.<br \/>\nPuissance :&nbsp;80 Watt&nbsp;\/ 100 Volt.<\/p>\n<p>Haut-parleur conforme&nbsp;EN 54-24, pour les sonorisations de s\u00e9curit\u00e9 \u00ab\u00a0Voice Alarm\u00a0\u00bb.<\/p>\n","protected":false},"excerpt":{"rendered":"<p>Colonne line array 80W EN54<\/p>\n","protected":false},"featured_media":414,"template":"","meta":{"ngg_post_thumbnail":0},"product_cat":[36],"product_tag":[],"_links":{"self":[{"href":"https:\/\/www.capson.fr\/index.php?rest_route=\/wp\/v2\/product\/413"}],"collection":[{"href":"https:\/\/www.capson.fr\/index.php?rest_route=\/wp\/v2\/product"}],"about":[{"href":"https:\/\/www.capson.fr\/index.php?rest_route=\/wp\/v2\/types\/product"}],"version-history":[{"count":1,"href":"https:\/\/www.capson.fr\/index.php?rest_route=\/wp\/v2\/product\/413\/revisions"}],"predecessor-version":[{"id":443,"href":"https:\/\/www.capson.fr\/index.php?rest_route=\/wp\/v2\/product\/413\/revisions\/443"}],"wp:featuredmedia":[{"embeddable":true,"href":"https:\/\/www.capson.fr\/index.php?rest_route=\/wp\/v2\/media\/414"}],"wp:attachment":[{"href":"https:\/\/www.capson.fr\/index.php?rest_route=%2Fwp%2Fv2%2Fmedia&parent=413"}],"wp:term":[{"taxonomy":"product_cat","embeddable":true,"href":"https:\/\/www.capson.fr\/index.php?rest_route=%2Fwp%2Fv2%2Fproduct_cat&post=413"},{"taxonomy":"product_tag","embeddable":true,"href":"https:\/\/www.capson.fr\/index.php?rest_route=%2Fwp%2Fv2%2Fproduct_tag&post=413"}],"curies":[{"name":"wp","href":"https:\/\/api.w.org\/{rel}","templated":true}]}}