{"id":407,"date":"2018-02-20T11:02:55","date_gmt":"2018-02-20T10:02:55","guid":{"rendered":"http:\/\/www.capson.fr\/?post_type=product&#038;p=407"},"modified":"2018-02-20T11:02:55","modified_gmt":"2018-02-20T10:02:55","slug":"gb20t-en","status":"publish","type":"product","link":"https:\/\/www.capson.fr\/?product=gb20t-en","title":{"rendered":"GB20T\/EN"},"content":{"rendered":"<p>La&nbsp;GB20T\/EN&nbsp;est une&nbsp;enceinte Enceinte Sph\u00e9rique Omnidirectionnelle&nbsp;pour une large couverture sonore. Id\u00e9ale pour les grands espaces : entrep\u00f4ts, points de vente, halls, usines, etc.&nbsp;<\/p>\n<p>Puissance :&nbsp;20 Watt&nbsp;\/ 100 Volt.<\/p>\n<p>Haut-parleur conforme&nbsp;EN 54-24, pour les sonorisations de s\u00e9curit\u00e9 \u00ab\u00a0Voice Alarm\u00a0\u00bb.<\/p>\n","protected":false},"excerpt":{"rendered":"<p>Sph\u00e8re supendue 20W EN54<\/p>\n","protected":false},"featured_media":409,"template":"","meta":{"ngg_post_thumbnail":0},"product_cat":[40],"product_tag":[],"_links":{"self":[{"href":"https:\/\/www.capson.fr\/index.php?rest_route=\/wp\/v2\/product\/407"}],"collection":[{"href":"https:\/\/www.capson.fr\/index.php?rest_route=\/wp\/v2\/product"}],"about":[{"href":"https:\/\/www.capson.fr\/index.php?rest_route=\/wp\/v2\/types\/product"}],"version-history":[{"count":0,"href":"https:\/\/www.capson.fr\/index.php?rest_route=\/wp\/v2\/product\/407\/revisions"}],"wp:featuredmedia":[{"embeddable":true,"href":"https:\/\/www.capson.fr\/index.php?rest_route=\/wp\/v2\/media\/409"}],"wp:attachment":[{"href":"https:\/\/www.capson.fr\/index.php?rest_route=%2Fwp%2Fv2%2Fmedia&parent=407"}],"wp:term":[{"taxonomy":"product_cat","embeddable":true,"href":"https:\/\/www.capson.fr\/index.php?rest_route=%2Fwp%2Fv2%2Fproduct_cat&post=407"},{"taxonomy":"product_tag","embeddable":true,"href":"https:\/\/www.capson.fr\/index.php?rest_route=%2Fwp%2Fv2%2Fproduct_tag&post=407"}],"curies":[{"name":"wp","href":"https:\/\/api.w.org\/{rel}","templated":true}]}}