{"id":400,"date":"2018-02-20T10:55:51","date_gmt":"2018-02-20T09:55:51","guid":{"rendered":"http:\/\/www.capson.fr\/?post_type=product&#038;p=400"},"modified":"2021-03-31T14:43:50","modified_gmt":"2021-03-31T12:43:50","slug":"pwc6t-en","status":"publish","type":"product","link":"https:\/\/www.capson.fr\/?product=pwc6t-en","title":{"rendered":"PWC6T\/EN"},"content":{"rendered":"<p>Le&nbsp;PWC6T\/EN est une enceinte Applique Rectangulaire en ABS&nbsp;pour une utilisation en int\u00e9rieur. Cette enceinte est id\u00e9ale pour les discours&nbsp; de haute qualit\u00e9 et la diffusion de musique d&rsquo;ambiance. Leur mode de fixation permet un montage rapide et facile.<br \/>\nPuissance : 6 Watt \/ 100 Volt.<br \/>\nHaut-parleur&nbsp;conforme EN 54-24, pour les sonorisations de s\u00e9curit\u00e9 \u00ab\u00a0Voice Alarm\u00a0\u00bb.<\/p>\n","protected":false},"excerpt":{"rendered":"<p>Enceinte murale ABS 6W EN54<\/p>\n","protected":false},"featured_media":402,"template":"","meta":{"ngg_post_thumbnail":0},"product_cat":[38],"product_tag":[],"_links":{"self":[{"href":"https:\/\/www.capson.fr\/index.php?rest_route=\/wp\/v2\/product\/400"}],"collection":[{"href":"https:\/\/www.capson.fr\/index.php?rest_route=\/wp\/v2\/product"}],"about":[{"href":"https:\/\/www.capson.fr\/index.php?rest_route=\/wp\/v2\/types\/product"}],"version-history":[{"count":1,"href":"https:\/\/www.capson.fr\/index.php?rest_route=\/wp\/v2\/product\/400\/revisions"}],"predecessor-version":[{"id":15350,"href":"https:\/\/www.capson.fr\/index.php?rest_route=\/wp\/v2\/product\/400\/revisions\/15350"}],"wp:featuredmedia":[{"embeddable":true,"href":"https:\/\/www.capson.fr\/index.php?rest_route=\/wp\/v2\/media\/402"}],"wp:attachment":[{"href":"https:\/\/www.capson.fr\/index.php?rest_route=%2Fwp%2Fv2%2Fmedia&parent=400"}],"wp:term":[{"taxonomy":"product_cat","embeddable":true,"href":"https:\/\/www.capson.fr\/index.php?rest_route=%2Fwp%2Fv2%2Fproduct_cat&post=400"},{"taxonomy":"product_tag","embeddable":true,"href":"https:\/\/www.capson.fr\/index.php?rest_route=%2Fwp%2Fv2%2Fproduct_tag&post=400"}],"curies":[{"name":"wp","href":"https:\/\/api.w.org\/{rel}","templated":true}]}}