{"id":393,"date":"2018-02-20T10:45:38","date_gmt":"2018-02-20T09:45:38","guid":{"rendered":"http:\/\/www.capson.fr\/?post_type=product&#038;p=393"},"modified":"2018-02-20T10:45:38","modified_gmt":"2018-02-20T09:45:38","slug":"aph20t-en","status":"publish","type":"product","link":"https:\/\/www.capson.fr\/?product=aph20t-en","title":{"rendered":"APH20T\/EN"},"content":{"rendered":"<p>L&rsquo;APH20T\/EN&nbsp;est une&nbsp;chambre de compression&nbsp;en plastique, l\u00e9g\u00e8re et \u00e9tanche. Offrant une&nbsp;qualit\u00e9 de parole et un haut rendement, ces chambres de compression sont&nbsp;id\u00e9ales pour la parole et les avertissements sonores. Pour une utilisation en int\u00e9rieur et ext\u00e9rieur.&nbsp;<br \/>\nPuissance :&nbsp;20 Watt&nbsp;\/ 100 Volt.<\/p>\n<p>Haut-parleur conforme&nbsp;EN 54-24, pour les sonorisations de s\u00e9curit\u00e9 \u00ab\u00a0Voice Alarm\u00a0\u00bb.<\/p>\n","protected":false},"excerpt":{"rendered":"<p>Chambre de compression 20W EN54<\/p>\n","protected":false},"featured_media":394,"template":"","meta":{"ngg_post_thumbnail":0},"product_cat":[37],"product_tag":[],"_links":{"self":[{"href":"https:\/\/www.capson.fr\/index.php?rest_route=\/wp\/v2\/product\/393"}],"collection":[{"href":"https:\/\/www.capson.fr\/index.php?rest_route=\/wp\/v2\/product"}],"about":[{"href":"https:\/\/www.capson.fr\/index.php?rest_route=\/wp\/v2\/types\/product"}],"version-history":[{"count":0,"href":"https:\/\/www.capson.fr\/index.php?rest_route=\/wp\/v2\/product\/393\/revisions"}],"wp:featuredmedia":[{"embeddable":true,"href":"https:\/\/www.capson.fr\/index.php?rest_route=\/wp\/v2\/media\/394"}],"wp:attachment":[{"href":"https:\/\/www.capson.fr\/index.php?rest_route=%2Fwp%2Fv2%2Fmedia&parent=393"}],"wp:term":[{"taxonomy":"product_cat","embeddable":true,"href":"https:\/\/www.capson.fr\/index.php?rest_route=%2Fwp%2Fv2%2Fproduct_cat&post=393"},{"taxonomy":"product_tag","embeddable":true,"href":"https:\/\/www.capson.fr\/index.php?rest_route=%2Fwp%2Fv2%2Fproduct_tag&post=393"}],"curies":[{"name":"wp","href":"https:\/\/api.w.org\/{rel}","templated":true}]}}