{"id":388,"date":"2018-02-20T10:42:16","date_gmt":"2018-02-20T09:42:16","guid":{"rendered":"http:\/\/www.capson.fr\/?post_type=product&#038;p=388"},"modified":"2021-03-31T14:15:37","modified_gmt":"2021-03-31T12:15:37","slug":"pbc10cx-en","status":"publish","type":"product","link":"https:\/\/www.capson.fr\/?product=pbc10cx-en","title":{"rendered":"PBC10CX\/EN"},"content":{"rendered":"<p>Le PBC10TCX\/EN&nbsp;est une&nbsp;Enceinte Applique Coaxiale&nbsp;en PBC pour une utilisation en int\u00e9rieur. Cette enceinte allie&nbsp;design et performance&nbsp;et est id\u00e9ale pour les&nbsp;discours de haute qualit\u00e9&nbsp;et la diffusion de&nbsp;musique d&rsquo;ambiance.<\/p>\n<p>Puissance :&nbsp;10 Watt&nbsp;\/ 100 Volt.<\/p>\n<p>Haut-parleur conforme&nbsp;EN 54-24, pour les sonorisations de s\u00e9curit\u00e9 \u00ab\u00a0Voice Alarm\u00a0\u00bb.<\/p>\n","protected":false},"excerpt":{"rendered":"<p>Enceinte murale ABS 10W coaxiale EN 54<\/p>\n","protected":false},"featured_media":389,"template":"","meta":{"ngg_post_thumbnail":0},"product_cat":[38],"product_tag":[],"_links":{"self":[{"href":"https:\/\/www.capson.fr\/index.php?rest_route=\/wp\/v2\/product\/388"}],"collection":[{"href":"https:\/\/www.capson.fr\/index.php?rest_route=\/wp\/v2\/product"}],"about":[{"href":"https:\/\/www.capson.fr\/index.php?rest_route=\/wp\/v2\/types\/product"}],"version-history":[{"count":1,"href":"https:\/\/www.capson.fr\/index.php?rest_route=\/wp\/v2\/product\/388\/revisions"}],"predecessor-version":[{"id":15346,"href":"https:\/\/www.capson.fr\/index.php?rest_route=\/wp\/v2\/product\/388\/revisions\/15346"}],"wp:featuredmedia":[{"embeddable":true,"href":"https:\/\/www.capson.fr\/index.php?rest_route=\/wp\/v2\/media\/389"}],"wp:attachment":[{"href":"https:\/\/www.capson.fr\/index.php?rest_route=%2Fwp%2Fv2%2Fmedia&parent=388"}],"wp:term":[{"taxonomy":"product_cat","embeddable":true,"href":"https:\/\/www.capson.fr\/index.php?rest_route=%2Fwp%2Fv2%2Fproduct_cat&post=388"},{"taxonomy":"product_tag","embeddable":true,"href":"https:\/\/www.capson.fr\/index.php?rest_route=%2Fwp%2Fv2%2Fproduct_tag&post=388"}],"curies":[{"name":"wp","href":"https:\/\/api.w.org\/{rel}","templated":true}]}}