{"id":386,"date":"2018-02-20T10:39:34","date_gmt":"2018-02-20T09:39:34","guid":{"rendered":"http:\/\/www.capson.fr\/?post_type=product&#038;p=386"},"modified":"2021-03-31T14:13:59","modified_gmt":"2021-03-31T12:13:59","slug":"pbc-6t-en","status":"publish","type":"product","link":"https:\/\/www.capson.fr\/?product=pbc-6t-en","title":{"rendered":"PBC 6T\/EN"},"content":{"rendered":"<p>Le PBC6T\/EN&nbsp;est une enceinte Applique en PBC pour une utilisation en int\u00e9rieur. Cette enceinte&nbsp;allie design et performance&nbsp;et est id\u00e9ale pour les&nbsp;discours de haute qualit\u00e9et la diffusion de&nbsp;musique d&rsquo;ambiance.<br \/>\nPuissance :&nbsp;6 Watt&nbsp;\/ 100 Volt.<\/p>\n<p>Haut-parleur conforme&nbsp;EN 54-24, pour les sonorisations de s\u00e9curit\u00e9 \u00ab\u00a0Voice Alarm\u00a0\u00bb.<\/p>\n","protected":false},"excerpt":{"rendered":"<p>Enceinte murale ABS EN 54 6W<\/p>\n","protected":false},"featured_media":387,"template":"","meta":{"ngg_post_thumbnail":0},"product_cat":[38],"product_tag":[],"_links":{"self":[{"href":"https:\/\/www.capson.fr\/index.php?rest_route=\/wp\/v2\/product\/386"}],"collection":[{"href":"https:\/\/www.capson.fr\/index.php?rest_route=\/wp\/v2\/product"}],"about":[{"href":"https:\/\/www.capson.fr\/index.php?rest_route=\/wp\/v2\/types\/product"}],"version-history":[{"count":1,"href":"https:\/\/www.capson.fr\/index.php?rest_route=\/wp\/v2\/product\/386\/revisions"}],"predecessor-version":[{"id":15344,"href":"https:\/\/www.capson.fr\/index.php?rest_route=\/wp\/v2\/product\/386\/revisions\/15344"}],"wp:featuredmedia":[{"embeddable":true,"href":"https:\/\/www.capson.fr\/index.php?rest_route=\/wp\/v2\/media\/387"}],"wp:attachment":[{"href":"https:\/\/www.capson.fr\/index.php?rest_route=%2Fwp%2Fv2%2Fmedia&parent=386"}],"wp:term":[{"taxonomy":"product_cat","embeddable":true,"href":"https:\/\/www.capson.fr\/index.php?rest_route=%2Fwp%2Fv2%2Fproduct_cat&post=386"},{"taxonomy":"product_tag","embeddable":true,"href":"https:\/\/www.capson.fr\/index.php?rest_route=%2Fwp%2Fv2%2Fproduct_tag&post=386"}],"curies":[{"name":"wp","href":"https:\/\/api.w.org\/{rel}","templated":true}]}}