{"id":384,"date":"2018-02-20T10:37:30","date_gmt":"2018-02-20T09:37:30","guid":{"rendered":"http:\/\/www.capson.fr\/?post_type=product&#038;p=384"},"modified":"2021-03-31T14:42:07","modified_gmt":"2021-03-31T12:42:07","slug":"pmc4ten","status":"publish","type":"product","link":"https:\/\/www.capson.fr\/?product=pmc4ten","title":{"rendered":"PMC4TEN"},"content":{"rendered":"<p>Le PMC4T\/EN&nbsp;est un&nbsp;haut-parleur \u00e9tanche&nbsp;id\u00e9al pour la reproduction de voix de haute qualit\u00e9. Ce boitier haut-parleur discret, de couleur blanche et resistant \u00e0 l&rsquo;eau convient pour les espaces humides o\u00f9 la parole est requise.<br \/>\nPuissance :&nbsp;4 Watt&nbsp;\/ 100 Volt.<\/p>\n<p>Haut-parleur conforme&nbsp;EN 54-24, pour les sonorisations de s\u00e9curit\u00e9 \u00ab\u00a0Voice Alarm\u00a0\u00bb.<\/p>\n","protected":false},"excerpt":{"rendered":"<p>Haut-parleur mural \u00e9tanche EN 54<\/p>\n","protected":false},"featured_media":385,"template":"","meta":{"ngg_post_thumbnail":0},"product_cat":[38],"product_tag":[],"_links":{"self":[{"href":"https:\/\/www.capson.fr\/index.php?rest_route=\/wp\/v2\/product\/384"}],"collection":[{"href":"https:\/\/www.capson.fr\/index.php?rest_route=\/wp\/v2\/product"}],"about":[{"href":"https:\/\/www.capson.fr\/index.php?rest_route=\/wp\/v2\/types\/product"}],"version-history":[{"count":1,"href":"https:\/\/www.capson.fr\/index.php?rest_route=\/wp\/v2\/product\/384\/revisions"}],"predecessor-version":[{"id":15348,"href":"https:\/\/www.capson.fr\/index.php?rest_route=\/wp\/v2\/product\/384\/revisions\/15348"}],"wp:featuredmedia":[{"embeddable":true,"href":"https:\/\/www.capson.fr\/index.php?rest_route=\/wp\/v2\/media\/385"}],"wp:attachment":[{"href":"https:\/\/www.capson.fr\/index.php?rest_route=%2Fwp%2Fv2%2Fmedia&parent=384"}],"wp:term":[{"taxonomy":"product_cat","embeddable":true,"href":"https:\/\/www.capson.fr\/index.php?rest_route=%2Fwp%2Fv2%2Fproduct_cat&post=384"},{"taxonomy":"product_tag","embeddable":true,"href":"https:\/\/www.capson.fr\/index.php?rest_route=%2Fwp%2Fv2%2Fproduct_tag&post=384"}],"curies":[{"name":"wp","href":"https:\/\/api.w.org\/{rel}","templated":true}]}}