{"id":381,"date":"2018-02-20T10:33:47","date_gmt":"2018-02-20T09:33:47","guid":{"rendered":"http:\/\/www.capson.fr\/?post_type=product&#038;p=381"},"modified":"2018-02-20T10:33:47","modified_gmt":"2018-02-20T09:33:47","slug":"rcs-5ft","status":"publish","type":"product","link":"https:\/\/www.capson.fr\/?product=rcs-5ft","title":{"rendered":"RCS 5FT"},"content":{"rendered":"<p>Le RCS5FT est un plafonnier&nbsp;blanc en m\u00e9tal pour une utilisation en int\u00e9rieur. Ce haut-parleur \u00e9l\u00e9gant et discret convient&nbsp;pour la diffusion de musique d&rsquo;ambiance.<br \/>\nPuissance :&nbsp;6 Watt&nbsp;\/ 100 Volt.<\/p>\n","protected":false},"excerpt":{"rendered":"<p>Haut-parleur de plafond encastr\u00e9 6W<\/p>\n","protected":false},"featured_media":350,"template":"","meta":{"ngg_post_thumbnail":0},"product_cat":[35],"product_tag":[],"_links":{"self":[{"href":"https:\/\/www.capson.fr\/index.php?rest_route=\/wp\/v2\/product\/381"}],"collection":[{"href":"https:\/\/www.capson.fr\/index.php?rest_route=\/wp\/v2\/product"}],"about":[{"href":"https:\/\/www.capson.fr\/index.php?rest_route=\/wp\/v2\/types\/product"}],"version-history":[{"count":1,"href":"https:\/\/www.capson.fr\/index.php?rest_route=\/wp\/v2\/product\/381\/revisions"}],"predecessor-version":[{"id":7865,"href":"https:\/\/www.capson.fr\/index.php?rest_route=\/wp\/v2\/product\/381\/revisions\/7865"}],"wp:featuredmedia":[{"embeddable":true,"href":"https:\/\/www.capson.fr\/index.php?rest_route=\/wp\/v2\/media\/350"}],"wp:attachment":[{"href":"https:\/\/www.capson.fr\/index.php?rest_route=%2Fwp%2Fv2%2Fmedia&parent=381"}],"wp:term":[{"taxonomy":"product_cat","embeddable":true,"href":"https:\/\/www.capson.fr\/index.php?rest_route=%2Fwp%2Fv2%2Fproduct_cat&post=381"},{"taxonomy":"product_tag","embeddable":true,"href":"https:\/\/www.capson.fr\/index.php?rest_route=%2Fwp%2Fv2%2Fproduct_tag&post=381"}],"curies":[{"name":"wp","href":"https:\/\/api.w.org\/{rel}","templated":true}]}}