{"id":380,"date":"2018-02-20T10:28:13","date_gmt":"2018-02-20T09:28:13","guid":{"rendered":"http:\/\/www.capson.fr\/?post_type=product&#038;p=380"},"modified":"2018-02-20T10:28:13","modified_gmt":"2018-02-20T09:28:13","slug":"cad-10t-en","status":"publish","type":"product","link":"https:\/\/www.capson.fr\/?product=cad-10t-en","title":{"rendered":"CAD 10T\/EN"},"content":{"rendered":"<p>Le CAD10T\/EN est un projecteur de Son&nbsp;en ABS moul\u00e9, trait\u00e9 anti-UV pour une utilisation en int\u00e9rieur et en ext\u00e9rieur.&nbsp;Ce haut-parleur&nbsp;\u00e9tanche, \u00e0 la fois compact et \u00e9l\u00e9gant est id\u00e9al pour la diffusion de parole et de musique.&nbsp;<br \/>\nPuissance :&nbsp;10 Watt&nbsp;\/ 100 Volt<br \/>\nHaut-parleur conforme&nbsp;EN 54-24, pour les sonorisations de s\u00e9curit\u00e9 \u00ab\u00a0Voice Alarm\u00a0\u00bb.<\/p>\n","protected":false},"excerpt":{"rendered":"<p>Projecteur de son 10W EN 54<\/p>\n","protected":false},"featured_media":375,"template":"","meta":{"ngg_post_thumbnail":0},"product_cat":[34],"product_tag":[],"_links":{"self":[{"href":"https:\/\/www.capson.fr\/index.php?rest_route=\/wp\/v2\/product\/380"}],"collection":[{"href":"https:\/\/www.capson.fr\/index.php?rest_route=\/wp\/v2\/product"}],"about":[{"href":"https:\/\/www.capson.fr\/index.php?rest_route=\/wp\/v2\/types\/product"}],"version-history":[{"count":0,"href":"https:\/\/www.capson.fr\/index.php?rest_route=\/wp\/v2\/product\/380\/revisions"}],"wp:featuredmedia":[{"embeddable":true,"href":"https:\/\/www.capson.fr\/index.php?rest_route=\/wp\/v2\/media\/375"}],"wp:attachment":[{"href":"https:\/\/www.capson.fr\/index.php?rest_route=%2Fwp%2Fv2%2Fmedia&parent=380"}],"wp:term":[{"taxonomy":"product_cat","embeddable":true,"href":"https:\/\/www.capson.fr\/index.php?rest_route=%2Fwp%2Fv2%2Fproduct_cat&post=380"},{"taxonomy":"product_tag","embeddable":true,"href":"https:\/\/www.capson.fr\/index.php?rest_route=%2Fwp%2Fv2%2Fproduct_tag&post=380"}],"curies":[{"name":"wp","href":"https:\/\/api.w.org\/{rel}","templated":true}]}}