{"id":378,"date":"2018-02-20T10:25:27","date_gmt":"2018-02-20T09:25:27","guid":{"rendered":"http:\/\/www.capson.fr\/?post_type=product&#038;p=378"},"modified":"2018-02-20T10:26:19","modified_gmt":"2018-02-20T09:26:19","slug":"cad-20t-en","status":"publish","type":"product","link":"https:\/\/www.capson.fr\/?product=cad-20t-en","title":{"rendered":"CAD 20T\/EN"},"content":{"rendered":"<p>Le CAD02T\/EN est un projecteur de Son&nbsp;en ABS moul\u00e9, trait\u00e9 anti-UV pour une utilisation en int\u00e9rieur et en ext\u00e9rieur.&nbsp;Ce haut-parleur&nbsp;\u00e9tanche, \u00e0 la fois compact et \u00e9l\u00e9gant est id\u00e9al pour la diffusion de parole et de musique.<br \/>\nPuissance :&nbsp;20 Watt&nbsp;\/ 100 Volt.<br \/>\nHaut-parleur conforme&nbsp;EN 54-24, pour les sonorisations de s\u00e9curit\u00e9 \u00ab\u00a0Voice Alarm\u00a0\u00bb.<\/p>\n","protected":false},"excerpt":{"rendered":"<p>Projecteur de son 20W EN 54<\/p>\n","protected":false},"featured_media":377,"template":"","meta":{"ngg_post_thumbnail":0},"product_cat":[34,15],"product_tag":[],"_links":{"self":[{"href":"https:\/\/www.capson.fr\/index.php?rest_route=\/wp\/v2\/product\/378"}],"collection":[{"href":"https:\/\/www.capson.fr\/index.php?rest_route=\/wp\/v2\/product"}],"about":[{"href":"https:\/\/www.capson.fr\/index.php?rest_route=\/wp\/v2\/types\/product"}],"version-history":[{"count":0,"href":"https:\/\/www.capson.fr\/index.php?rest_route=\/wp\/v2\/product\/378\/revisions"}],"wp:featuredmedia":[{"embeddable":true,"href":"https:\/\/www.capson.fr\/index.php?rest_route=\/wp\/v2\/media\/377"}],"wp:attachment":[{"href":"https:\/\/www.capson.fr\/index.php?rest_route=%2Fwp%2Fv2%2Fmedia&parent=378"}],"wp:term":[{"taxonomy":"product_cat","embeddable":true,"href":"https:\/\/www.capson.fr\/index.php?rest_route=%2Fwp%2Fv2%2Fproduct_cat&post=378"},{"taxonomy":"product_tag","embeddable":true,"href":"https:\/\/www.capson.fr\/index.php?rest_route=%2Fwp%2Fv2%2Fproduct_tag&post=378"}],"curies":[{"name":"wp","href":"https:\/\/api.w.org\/{rel}","templated":true}]}}