{"id":376,"date":"2018-02-20T10:23:25","date_gmt":"2018-02-20T09:23:25","guid":{"rendered":"http:\/\/www.capson.fr\/?post_type=product&#038;p=376"},"modified":"2018-02-20T10:26:39","modified_gmt":"2018-02-20T09:26:39","slug":"cad-20t","status":"publish","type":"product","link":"https:\/\/www.capson.fr\/?product=cad-20t","title":{"rendered":"CAD 20T"},"content":{"rendered":"<p>Le CAD20\/T est un projecteur de Son&nbsp;en ABS moul\u00e9, trait\u00e9 anti-UV pour une utilisation en int\u00e9rieur et en ext\u00e9rieur.&nbsp;Ce haut-parleur&nbsp;\u00e9tanche, \u00e0 la fois compact et \u00e9l\u00e9gant est id\u00e9al pour la diffusion de parole et de musique.<br \/>\nPuissance :&nbsp;20 Watt&nbsp;\/ 100 Volt<\/p>\n","protected":false},"excerpt":{"rendered":"<p>Projecteur de son CAD 20T<\/p>\n","protected":false},"featured_media":377,"template":"","meta":{"ngg_post_thumbnail":0},"product_cat":[34,15],"product_tag":[],"_links":{"self":[{"href":"https:\/\/www.capson.fr\/index.php?rest_route=\/wp\/v2\/product\/376"}],"collection":[{"href":"https:\/\/www.capson.fr\/index.php?rest_route=\/wp\/v2\/product"}],"about":[{"href":"https:\/\/www.capson.fr\/index.php?rest_route=\/wp\/v2\/types\/product"}],"version-history":[{"count":0,"href":"https:\/\/www.capson.fr\/index.php?rest_route=\/wp\/v2\/product\/376\/revisions"}],"wp:featuredmedia":[{"embeddable":true,"href":"https:\/\/www.capson.fr\/index.php?rest_route=\/wp\/v2\/media\/377"}],"wp:attachment":[{"href":"https:\/\/www.capson.fr\/index.php?rest_route=%2Fwp%2Fv2%2Fmedia&parent=376"}],"wp:term":[{"taxonomy":"product_cat","embeddable":true,"href":"https:\/\/www.capson.fr\/index.php?rest_route=%2Fwp%2Fv2%2Fproduct_cat&post=376"},{"taxonomy":"product_tag","embeddable":true,"href":"https:\/\/www.capson.fr\/index.php?rest_route=%2Fwp%2Fv2%2Fproduct_tag&post=376"}],"curies":[{"name":"wp","href":"https:\/\/api.w.org\/{rel}","templated":true}]}}