{"id":23,"date":"2018-02-12T15:43:42","date_gmt":"2018-02-12T14:43:42","guid":{"rendered":"http:\/\/www.capson.fr\/?post_type=product&#038;p=23"},"modified":"2018-03-13T11:17:22","modified_gmt":"2018-03-13T10:17:22","slug":"cad10t","status":"publish","type":"product","link":"https:\/\/www.capson.fr\/?product=cad10t","title":{"rendered":"CAD10T"},"content":{"rendered":"<p>Le CAD10\/T est un projecteur de Son&nbsp;en ABS moul\u00e9, trait\u00e9 anti-UV pour une utilisation en int\u00e9rieur et en ext\u00e9rieur. Ce haut-parleur&nbsp;\u00e9tanche, \u00e0 la fois compact et \u00e9l\u00e9gant est id\u00e9al pour la diffusion de parole et de musique.<br \/>\nPuissance :&nbsp;10 Watt&nbsp;\/ 100 Volt<\/p>\n","protected":false},"excerpt":{"rendered":"<p>Projecteur de son 10W<\/p>\n","protected":false},"featured_media":375,"template":"","meta":{"ngg_post_thumbnail":0},"product_cat":[34,15],"product_tag":[],"_links":{"self":[{"href":"https:\/\/www.capson.fr\/index.php?rest_route=\/wp\/v2\/product\/23"}],"collection":[{"href":"https:\/\/www.capson.fr\/index.php?rest_route=\/wp\/v2\/product"}],"about":[{"href":"https:\/\/www.capson.fr\/index.php?rest_route=\/wp\/v2\/types\/product"}],"version-history":[{"count":3,"href":"https:\/\/www.capson.fr\/index.php?rest_route=\/wp\/v2\/product\/23\/revisions"}],"predecessor-version":[{"id":615,"href":"https:\/\/www.capson.fr\/index.php?rest_route=\/wp\/v2\/product\/23\/revisions\/615"}],"wp:featuredmedia":[{"embeddable":true,"href":"https:\/\/www.capson.fr\/index.php?rest_route=\/wp\/v2\/media\/375"}],"wp:attachment":[{"href":"https:\/\/www.capson.fr\/index.php?rest_route=%2Fwp%2Fv2%2Fmedia&parent=23"}],"wp:term":[{"taxonomy":"product_cat","embeddable":true,"href":"https:\/\/www.capson.fr\/index.php?rest_route=%2Fwp%2Fv2%2Fproduct_cat&post=23"},{"taxonomy":"product_tag","embeddable":true,"href":"https:\/\/www.capson.fr\/index.php?rest_route=%2Fwp%2Fv2%2Fproduct_tag&post=23"}],"curies":[{"name":"wp","href":"https:\/\/api.w.org\/{rel}","templated":true}]}}