{"id":15192,"date":"2020-06-10T14:56:07","date_gmt":"2020-06-10T12:56:07","guid":{"rendered":"https:\/\/www.capson.fr\/?post_type=product&#038;p=15192"},"modified":"2020-06-10T16:42:09","modified_gmt":"2020-06-10T14:42:09","slug":"systeme-de-conference","status":"publish","type":"product","link":"https:\/\/www.capson.fr\/?product=systeme-de-conference","title":{"rendered":"Syst\u00e8me de conf\u00e9rence"},"content":{"rendered":"<p>Nous vous proposons \u00e0 la location un syst\u00e8me de conf\u00e9rence sans fil Confidea de la marque Televic.<\/p>\n<p>L&rsquo;autonomie de ce syst\u00e8me est de 18h en fonctionnement.<\/p>\n<p>Contactez nous pour plus de renseignements.<\/p>\n<p>&nbsp;<\/p>\n<p>&nbsp;<\/p>\n","protected":false},"excerpt":{"rendered":"<p>Nous vous proposons \u00e0 la location un syst\u00e8me de conf\u00e9rence sans fil Confidea de la marque Televic. L&rsquo;autonomie de ce syst\u00e8me est de 18h en fonctionnement. Contactez nous pour plus de renseignements. &nbsp; &nbsp;<\/p>\n","protected":false},"featured_media":15202,"template":"","meta":{"ngg_post_thumbnail":0},"product_cat":[48],"product_tag":[],"_links":{"self":[{"href":"https:\/\/www.capson.fr\/index.php?rest_route=\/wp\/v2\/product\/15192"}],"collection":[{"href":"https:\/\/www.capson.fr\/index.php?rest_route=\/wp\/v2\/product"}],"about":[{"href":"https:\/\/www.capson.fr\/index.php?rest_route=\/wp\/v2\/types\/product"}],"version-history":[{"count":4,"href":"https:\/\/www.capson.fr\/index.php?rest_route=\/wp\/v2\/product\/15192\/revisions"}],"predecessor-version":[{"id":15197,"href":"https:\/\/www.capson.fr\/index.php?rest_route=\/wp\/v2\/product\/15192\/revisions\/15197"}],"wp:featuredmedia":[{"embeddable":true,"href":"https:\/\/www.capson.fr\/index.php?rest_route=\/wp\/v2\/media\/15202"}],"wp:attachment":[{"href":"https:\/\/www.capson.fr\/index.php?rest_route=%2Fwp%2Fv2%2Fmedia&parent=15192"}],"wp:term":[{"taxonomy":"product_cat","embeddable":true,"href":"https:\/\/www.capson.fr\/index.php?rest_route=%2Fwp%2Fv2%2Fproduct_cat&post=15192"},{"taxonomy":"product_tag","embeddable":true,"href":"https:\/\/www.capson.fr\/index.php?rest_route=%2Fwp%2Fv2%2Fproduct_tag&post=15192"}],"curies":[{"name":"wp","href":"https:\/\/api.w.org\/{rel}","templated":true}]}}