{"id":283,"date":"2018-02-18T17:17:16","date_gmt":"2018-02-18T16:17:16","guid":{"rendered":"http:\/\/www.capson.fr\/?page_id=283"},"modified":"2018-03-14T11:16:19","modified_gmt":"2018-03-14T10:16:19","slug":"venir-nous-voir","status":"publish","type":"page","link":"https:\/\/www.capson.fr\/?page_id=283","title":{"rendered":"Nous trouver"},"content":{"rendered":"\t\t<div data-elementor-type=\"wp-post\" data-elementor-id=\"283\" class=\"elementor elementor-283 elementor-bc-flex-widget\">\n\t\t\t\t\t\t<section class=\"has_eae_slider elementor-section elementor-top-section elementor-element elementor-element-f38a035 elementor-section-boxed elementor-section-height-default elementor-section-height-default\" data-id=\"f38a035\" data-element_type=\"section\">\n\t\t\t\t\t\t<div class=\"elementor-container elementor-column-gap-default\">\n\t\t\t\t\t<div class=\"has_eae_slider elementor-column elementor-col-33 elementor-top-column elementor-element elementor-element-00d91ae\" data-id=\"00d91ae\" data-element_type=\"column\">\n\t\t\t<div class=\"elementor-widget-wrap elementor-element-populated\">\n\t\t\t\t\t\t<div class=\"elementor-element elementor-element-b7768de elementor-widget elementor-widget-text-editor\" data-id=\"b7768de\" data-element_type=\"widget\" data-widget_type=\"text-editor.default\">\n\t\t\t\t<div class=\"elementor-widget-container\">\n\t\t\t\t\t\t\t<p>Pour venir de Toulouse par l&rsquo;A61, Prendre la sortie 10, direction Paris, A20. Contourner Montauban par l&rsquo;A20 puis prendre la sortie 61A, direction Saint Antonin noble val-Negrepelisse. Au rond point de Saint Etienne de Tulmont, prendre la 2\u00e8me sortie, direction Albias par la D66 puis la 2\u00e8me \u00e0 droite Rue des ch\u00eanes.<\/p>\t\t\t\t\t\t<\/div>\n\t\t\t\t<\/div>\n\t\t\t\t\t<\/div>\n\t\t<\/div>\n\t\t\t\t<div class=\"has_eae_slider elementor-column elementor-col-66 elementor-top-column elementor-element elementor-element-2b6d132\" data-id=\"2b6d132\" data-element_type=\"column\">\n\t\t\t<div class=\"elementor-widget-wrap elementor-element-populated\">\n\t\t\t\t\t\t<div class=\"elementor-element elementor-element-a05c284 elementor-widget elementor-widget-google_maps\" data-id=\"a05c284\" data-element_type=\"widget\" data-widget_type=\"google_maps.default\">\n\t\t\t\t<div class=\"elementor-widget-container\">\n\t\t\t\t\t<div class=\"elementor-custom-embed\">\n\t\t\t<iframe loading=\"lazy\"\n\t\t\t\t\tsrc=\"https:\/\/maps.google.com\/maps?q=313%20rue%20des%20ch%C3%AAnes%2082410%20Saint%20Etienne%20de%20Tulmont&#038;t=m&#038;z=12&#038;output=embed&#038;iwloc=near\"\n\t\t\t\t\ttitle=\"313 rue des ch\u00eanes 82410 Saint Etienne de Tulmont\"\n\t\t\t\t\taria-label=\"313 rue des ch\u00eanes 82410 Saint Etienne de Tulmont\"\n\t\t\t><\/iframe>\n\t\t<\/div>\n\t\t\t\t<\/div>\n\t\t\t\t<\/div>\n\t\t\t\t\t<\/div>\n\t\t<\/div>\n\t\t\t\t\t<\/div>\n\t\t<\/section>\n\t\t\t\t<\/div>\n\t\t","protected":false},"excerpt":{"rendered":"<p>Pour venir de Toulouse par l&rsquo;A61, Prendre la sortie 10, direction Paris, A20. Contourner Montauban par l&rsquo;A20 puis prendre la sortie 61A, direction Saint Antonin noble val-Negrepelisse. Au rond point de Saint Etienne de Tulmont, prendre la 2\u00e8me sortie, direction Albias par la D66 puis la 2\u00e8me \u00e0 droite Rue des ch\u00eanes.<\/p>\n","protected":false},"author":2,"featured_media":0,"parent":0,"menu_order":0,"comment_status":"closed","ping_status":"closed","template":"","meta":{"ngg_post_thumbnail":0,"footnotes":""},"_links":{"self":[{"href":"https:\/\/www.capson.fr\/index.php?rest_route=\/wp\/v2\/pages\/283"}],"collection":[{"href":"https:\/\/www.capson.fr\/index.php?rest_route=\/wp\/v2\/pages"}],"about":[{"href":"https:\/\/www.capson.fr\/index.php?rest_route=\/wp\/v2\/types\/page"}],"author":[{"embeddable":true,"href":"https:\/\/www.capson.fr\/index.php?rest_route=\/wp\/v2\/users\/2"}],"replies":[{"embeddable":true,"href":"https:\/\/www.capson.fr\/index.php?rest_route=%2Fwp%2Fv2%2Fcomments&post=283"}],"version-history":[{"count":6,"href":"https:\/\/www.capson.fr\/index.php?rest_route=\/wp\/v2\/pages\/283\/revisions"}],"predecessor-version":[{"id":657,"href":"https:\/\/www.capson.fr\/index.php?rest_route=\/wp\/v2\/pages\/283\/revisions\/657"}],"wp:attachment":[{"href":"https:\/\/www.capson.fr\/index.php?rest_route=%2Fwp%2Fv2%2Fmedia&parent=283"}],"curies":[{"name":"wp","href":"https:\/\/api.w.org\/{rel}","templated":true}]}}