{"id":15278,"date":"2021-03-01T09:38:43","date_gmt":"2021-03-01T08:38:43","guid":{"rendered":"https:\/\/www.capson.fr\/?page_id=15278"},"modified":"2021-03-08T10:37:51","modified_gmt":"2021-03-08T09:37:51","slug":"projecteur-interactif-benq","status":"publish","type":"page","link":"https:\/\/www.capson.fr\/?page_id=15278","title":{"rendered":"Projecteur interactif BenQ"},"content":{"rendered":"\t\t<div data-elementor-type=\"wp-page\" data-elementor-id=\"15278\" class=\"elementor elementor-15278\">\n\t\t\t\t\t\t<section class=\"has_eae_slider elementor-section elementor-top-section elementor-element elementor-element-5f0092c elementor-section-boxed elementor-section-height-default elementor-section-height-default\" data-id=\"5f0092c\" data-element_type=\"section\">\n\t\t\t\t\t\t<div class=\"elementor-container elementor-column-gap-default\">\n\t\t\t\t\t<div class=\"has_eae_slider elementor-column elementor-col-100 elementor-top-column elementor-element elementor-element-3e10d39\" data-id=\"3e10d39\" data-element_type=\"column\">\n\t\t\t<div class=\"elementor-widget-wrap elementor-element-populated\">\n\t\t\t\t\t\t<div class=\"elementor-element elementor-element-e48d984 elementor-widget elementor-widget-image\" data-id=\"e48d984\" data-element_type=\"widget\" data-widget_type=\"image.default\">\n\t\t\t\t<div class=\"elementor-widget-container\">\n\t\t\t\t\t\t\t\t\t\t\t\t\t\t<a href=\"https:\/\/www.capson.fr\/wp-content\/uploads\/Tableau.png\" data-elementor-open-lightbox=\"yes\" data-elementor-lightbox-title=\"Tableau\" data-e-action-hash=\"#elementor-action%3Aaction%3Dlightbox%26settings%3DeyJpZCI6MTUyODEsInVybCI6Imh0dHBzOlwvXC93d3cuY2Fwc29uLmZyXC93cC1jb250ZW50XC91cGxvYWRzXC9UYWJsZWF1LnBuZyJ9\">\n\t\t\t\t\t\t\t<img fetchpriority=\"high\" decoding=\"async\" width=\"900\" height=\"400\" src=\"https:\/\/www.capson.fr\/wp-content\/uploads\/Tableau-1024x455.png\" class=\"attachment-large size-large wp-image-15281\" alt=\"\" srcset=\"https:\/\/www.capson.fr\/wp-content\/uploads\/Tableau-1024x455.png 1024w, https:\/\/www.capson.fr\/wp-content\/uploads\/Tableau-300x133.png 300w, https:\/\/www.capson.fr\/wp-content\/uploads\/Tableau-768x341.png 768w, https:\/\/www.capson.fr\/wp-content\/uploads\/Tableau-1536x683.png 1536w, https:\/\/www.capson.fr\/wp-content\/uploads\/Tableau-2048x910.png 2048w, https:\/\/www.capson.fr\/wp-content\/uploads\/Tableau-400x178.png 400w\" sizes=\"(max-width: 900px) 100vw, 900px\" \/>\t\t\t\t\t\t\t\t<\/a>\n\t\t\t\t\t\t\t\t\t\t\t\t\t<\/div>\n\t\t\t\t<\/div>\n\t\t\t\t\t<\/div>\n\t\t<\/div>\n\t\t\t\t\t<\/div>\n\t\t<\/section>\n\t\t\t\t<section class=\"has_eae_slider elementor-section elementor-top-section elementor-element elementor-element-8f0e746 elementor-section-boxed elementor-section-height-default elementor-section-height-default\" data-id=\"8f0e746\" data-element_type=\"section\">\n\t\t\t\t\t\t<div class=\"elementor-container elementor-column-gap-default\">\n\t\t\t\t\t<div class=\"has_eae_slider elementor-column elementor-col-50 elementor-top-column elementor-element elementor-element-c65d0b2\" data-id=\"c65d0b2\" data-element_type=\"column\">\n\t\t\t<div class=\"elementor-widget-wrap elementor-element-populated\">\n\t\t\t\t\t\t<div class=\"elementor-element elementor-element-8491e49 elementor-widget elementor-widget-text-editor\" data-id=\"8491e49\" data-element_type=\"widget\" data-widget_type=\"text-editor.default\">\n\t\t\t\t<div class=\"elementor-widget-container\">\n\t\t\t\t\t\t\t<p>Votre classe comprend un projecteur interactif et un syst\u00e8me son actif. Sur un cot\u00e9 du tableau se trouvent les prises HDMI et USB.<\/p><p>La prise HDMI permet de connecter l&rsquo;image et l&rsquo;audio de votre ordinateur. La prise USB permet elle d&rsquo;utiliser l&rsquo;interactivit\u00e9 avec les stylets.<\/p><p>Pour l&rsquo;utiliser, il vous faut donc raccorder un c\u00e2ble HDMI et un c\u00e2ble USB A &#8211; USB A.<\/p><p>Attention, pensez \u00e0 baisser le volume g\u00e9n\u00e9ral de votre ordinateur avant d&rsquo;utiliser un fichier audio ou vid\u00e9o.<\/p>\t\t\t\t\t\t<\/div>\n\t\t\t\t<\/div>\n\t\t\t\t\t<\/div>\n\t\t<\/div>\n\t\t\t\t<div class=\"has_eae_slider elementor-column elementor-col-50 elementor-top-column elementor-element elementor-element-341f3fe\" data-id=\"341f3fe\" data-element_type=\"column\">\n\t\t\t<div class=\"elementor-widget-wrap elementor-element-populated\">\n\t\t\t\t\t\t<div class=\"elementor-element elementor-element-4cfaa25 elementor-widget elementor-widget-image\" data-id=\"4cfaa25\" data-element_type=\"widget\" data-widget_type=\"image.default\">\n\t\t\t\t<div class=\"elementor-widget-container\">\n\t\t\t\t\t\t\t\t\t\t\t\t\t\t<a href=\"https:\/\/www.capson.fr\/wp-content\/uploads\/Prises.png\" data-elementor-open-lightbox=\"yes\" data-elementor-lightbox-title=\"Prises\" data-e-action-hash=\"#elementor-action%3Aaction%3Dlightbox%26settings%3DeyJpZCI6MTUyODYsInVybCI6Imh0dHBzOlwvXC93d3cuY2Fwc29uLmZyXC93cC1jb250ZW50XC91cGxvYWRzXC9QcmlzZXMucG5nIn0%3D\">\n\t\t\t\t\t\t\t<img decoding=\"async\" width=\"200\" height=\"200\" src=\"https:\/\/www.capson.fr\/wp-content\/uploads\/Prises-200x200.png\" class=\"attachment-fpw_square size-fpw_square wp-image-15286\" alt=\"\" srcset=\"https:\/\/www.capson.fr\/wp-content\/uploads\/Prises-200x200.png 200w, https:\/\/www.capson.fr\/wp-content\/uploads\/Prises-150x150.png 150w, https:\/\/www.capson.fr\/wp-content\/uploads\/Prises-100x100.png 100w\" sizes=\"(max-width: 200px) 100vw, 200px\" \/>\t\t\t\t\t\t\t\t<\/a>\n\t\t\t\t\t\t\t\t\t\t\t\t\t<\/div>\n\t\t\t\t<\/div>\n\t\t\t\t\t<\/div>\n\t\t<\/div>\n\t\t\t\t\t<\/div>\n\t\t<\/section>\n\t\t\t\t<section class=\"has_eae_slider elementor-section elementor-top-section elementor-element elementor-element-fb7b73d elementor-section-boxed elementor-section-height-default elementor-section-height-default\" data-id=\"fb7b73d\" data-element_type=\"section\">\n\t\t\t\t\t\t<div class=\"elementor-container elementor-column-gap-default\">\n\t\t\t\t\t<div class=\"has_eae_slider elementor-column elementor-col-50 elementor-top-column elementor-element elementor-element-2f7711b\" data-id=\"2f7711b\" data-element_type=\"column\">\n\t\t\t<div class=\"elementor-widget-wrap elementor-element-populated\">\n\t\t\t\t\t\t<div class=\"elementor-element elementor-element-1c0c108 elementor-widget elementor-widget-text-editor\" data-id=\"1c0c108\" data-element_type=\"widget\" data-widget_type=\"text-editor.default\">\n\t\t\t\t<div class=\"elementor-widget-container\">\n\t\t\t\t\t\t\t<p>Pour utiliser l&rsquo;interactivit\u00e9, vous devez installer le driver PointWrite pour pouvoir naviguer dans Windows (ou Mac) et le logiciel QWrite pour utiliser le mode tableau.<\/p><p>T\u00e9l\u00e9chargez le driver et le logiciel puis suivez les instructions d&rsquo;installation.<\/p>\t\t\t\t\t\t<\/div>\n\t\t\t\t<\/div>\n\t\t\t\t\t<\/div>\n\t\t<\/div>\n\t\t\t\t<div class=\"has_eae_slider elementor-column elementor-col-50 elementor-top-column elementor-element elementor-element-4e8434d\" data-id=\"4e8434d\" data-element_type=\"column\">\n\t\t\t<div class=\"elementor-widget-wrap elementor-element-populated\">\n\t\t\t\t\t\t<div class=\"elementor-element elementor-element-983dc59 elementor-widget elementor-widget-text-editor\" data-id=\"983dc59\" data-element_type=\"widget\" data-widget_type=\"text-editor.default\">\n\t\t\t\t<div class=\"elementor-widget-container\">\n\t\t\t\t\t\t\t<p style=\"text-align: center;\"><a href=\"https:\/\/www.capson.fr\/wp-content\/uploads\/POINTWRITE-PW30U_PointWrite-2.0-Calibration-Tool-Win_1.0.0.10_Windows10_Windows7_Windows8.zip\">Driver PointWrite Windows<\/a><\/p><p style=\"text-align: center;\"><a href=\"https:\/\/www.capson.fr\/wp-content\/uploads\/Ver5-QWrite-for-Win_5.0.0.32_Windows10_Windows7_Windows81.zip\">Logiciel QWrite Windows<\/a><\/p><p style=\"text-align: center;\"><a href=\"https:\/\/www.capson.fr\/wp-content\/uploads\/POINTWRITE-PW30U_PointWrite-2.0-Calibration-Tool-Mac_1.0.0.11_Mac.zip\">Driver PointWrite Mac<\/a><\/p><p style=\"text-align: center;\"><a href=\"https:\/\/www.capson.fr\/wp-content\/uploads\/Ver5-QWrite-for-Mac_5.0.0.34_Mac.zip\">Logiciel QWrite Mac<\/a><\/p>\t\t\t\t\t\t<\/div>\n\t\t\t\t<\/div>\n\t\t\t\t\t<\/div>\n\t\t<\/div>\n\t\t\t\t\t<\/div>\n\t\t<\/section>\n\t\t\t\t<section class=\"has_eae_slider elementor-section elementor-top-section elementor-element elementor-element-1b31f86 elementor-section-boxed elementor-section-height-default elementor-section-height-default\" data-id=\"1b31f86\" data-element_type=\"section\">\n\t\t\t\t\t\t<div class=\"elementor-container elementor-column-gap-default\">\n\t\t\t\t\t<div class=\"has_eae_slider elementor-column elementor-col-50 elementor-top-column elementor-element elementor-element-8620ef5\" data-id=\"8620ef5\" data-element_type=\"column\">\n\t\t\t<div class=\"elementor-widget-wrap elementor-element-populated\">\n\t\t\t\t\t\t<div class=\"elementor-element elementor-element-dc90720 elementor-widget elementor-widget-text-editor\" data-id=\"dc90720\" data-element_type=\"widget\" data-widget_type=\"text-editor.default\">\n\t\t\t\t<div class=\"elementor-widget-container\">\n\t\t\t\t\t\t\t<p>Lors d&rsquo;une utilisation (surtout la premi\u00e8re fois), il se peut que vos stylets ne soient pas correctement calibr\u00e9s. Lors d&rsquo;un appui avec un stylet, le clic se fait d\u00e9cal\u00e9 par rapport \u00e0 l&rsquo;endroit ou vous cliquez.<\/p><p>Pour calibrer correctement, lancez le logiciel PointWrite et cliquez sur le bouton \u00ab\u00a0Manuel\u00a0\u00bb dans l&rsquo;onglet Calibrage, puis suivez la proc\u00e9dure.<\/p><p>Si votre fen\u00eatre et les boutons de PointWrite sont gris\u00e9s, cela signifie que votre liaison USB ne fonctionne pas.<\/p><p>Une fois la calibration termin\u00e9e, refermez la fen\u00eatre PointWrite pour pouvoir utiliser les stylets.<\/p>\t\t\t\t\t\t<\/div>\n\t\t\t\t<\/div>\n\t\t\t\t\t<\/div>\n\t\t<\/div>\n\t\t\t\t<div class=\"has_eae_slider elementor-column elementor-col-50 elementor-top-column elementor-element elementor-element-0f8c926\" data-id=\"0f8c926\" data-element_type=\"column\">\n\t\t\t<div class=\"elementor-widget-wrap elementor-element-populated\">\n\t\t\t\t\t\t<div class=\"elementor-element elementor-element-aff51ff elementor-widget elementor-widget-image\" data-id=\"aff51ff\" data-element_type=\"widget\" data-widget_type=\"image.default\">\n\t\t\t\t<div class=\"elementor-widget-container\">\n\t\t\t\t\t\t\t\t\t\t\t\t\t\t<a href=\"https:\/\/www.capson.fr\/wp-content\/uploads\/01.png\" data-elementor-open-lightbox=\"yes\" data-elementor-lightbox-title=\"01\" data-e-action-hash=\"#elementor-action%3Aaction%3Dlightbox%26settings%3DeyJpZCI6MTUyOTksInVybCI6Imh0dHBzOlwvXC93d3cuY2Fwc29uLmZyXC93cC1jb250ZW50XC91cGxvYWRzXC8wMS5wbmcifQ%3D%3D\">\n\t\t\t\t\t\t\t<img decoding=\"async\" width=\"226\" height=\"300\" src=\"https:\/\/www.capson.fr\/wp-content\/uploads\/01-226x300.png\" class=\"attachment-medium size-medium wp-image-15299\" alt=\"\" srcset=\"https:\/\/www.capson.fr\/wp-content\/uploads\/01-226x300.png 226w, https:\/\/www.capson.fr\/wp-content\/uploads\/01-400x530.png 400w, https:\/\/www.capson.fr\/wp-content\/uploads\/01.png 559w\" sizes=\"(max-width: 226px) 100vw, 226px\" \/>\t\t\t\t\t\t\t\t<\/a>\n\t\t\t\t\t\t\t\t\t\t\t\t\t<\/div>\n\t\t\t\t<\/div>\n\t\t\t\t\t<\/div>\n\t\t<\/div>\n\t\t\t\t\t<\/div>\n\t\t<\/section>\n\t\t\t\t<section class=\"has_eae_slider elementor-section elementor-top-section elementor-element elementor-element-256482a elementor-section-boxed elementor-section-height-default elementor-section-height-default\" data-id=\"256482a\" data-element_type=\"section\">\n\t\t\t\t\t\t<div class=\"elementor-container elementor-column-gap-default\">\n\t\t\t\t\t<div class=\"has_eae_slider elementor-column elementor-col-100 elementor-top-column elementor-element elementor-element-4ba3715\" data-id=\"4ba3715\" data-element_type=\"column\">\n\t\t\t<div class=\"elementor-widget-wrap elementor-element-populated\">\n\t\t\t\t\t\t<div class=\"elementor-element elementor-element-363b541 elementor-widget elementor-widget-text-editor\" data-id=\"363b541\" data-element_type=\"widget\" data-widget_type=\"text-editor.default\">\n\t\t\t\t<div class=\"elementor-widget-container\">\n\t\t\t\t\t\t\t<p>Le logiciel QWrite vous permet de pouvoir interagir sur un quadrillage, une image de fond ou un fichier pdf &#8230;<\/p>\t\t\t\t\t\t<\/div>\n\t\t\t\t<\/div>\n\t\t\t\t\t<\/div>\n\t\t<\/div>\n\t\t\t\t\t<\/div>\n\t\t<\/section>\n\t\t\t\t<section class=\"has_eae_slider elementor-section elementor-top-section elementor-element elementor-element-0202747 elementor-section-boxed elementor-section-height-default elementor-section-height-default\" data-id=\"0202747\" data-element_type=\"section\">\n\t\t\t\t\t\t<div class=\"elementor-container elementor-column-gap-default\">\n\t\t\t\t\t<div class=\"has_eae_slider elementor-column elementor-col-100 elementor-top-column elementor-element elementor-element-5a1e035\" data-id=\"5a1e035\" data-element_type=\"column\">\n\t\t\t<div class=\"elementor-widget-wrap elementor-element-populated\">\n\t\t\t\t\t\t<div class=\"elementor-element elementor-element-7ea05e0 elementor-widget elementor-widget-image\" data-id=\"7ea05e0\" data-element_type=\"widget\" data-widget_type=\"image.default\">\n\t\t\t\t<div class=\"elementor-widget-container\">\n\t\t\t\t\t\t\t\t\t\t\t\t\t\t<a href=\"https:\/\/www.capson.fr\/wp-content\/uploads\/QWrite-Images.png\" data-elementor-open-lightbox=\"yes\" data-elementor-lightbox-title=\"QWrite Images\" data-e-action-hash=\"#elementor-action%3Aaction%3Dlightbox%26settings%3DeyJpZCI6MTUzMDYsInVybCI6Imh0dHBzOlwvXC93d3cuY2Fwc29uLmZyXC93cC1jb250ZW50XC91cGxvYWRzXC9RV3JpdGUtSW1hZ2VzLnBuZyJ9\">\n\t\t\t\t\t\t\t<img loading=\"lazy\" decoding=\"async\" width=\"900\" height=\"506\" src=\"https:\/\/www.capson.fr\/wp-content\/uploads\/QWrite-Images-1024x576.png\" class=\"attachment-large size-large wp-image-15306\" alt=\"\" srcset=\"https:\/\/www.capson.fr\/wp-content\/uploads\/QWrite-Images-1024x576.png 1024w, https:\/\/www.capson.fr\/wp-content\/uploads\/QWrite-Images-300x169.png 300w, https:\/\/www.capson.fr\/wp-content\/uploads\/QWrite-Images-768x432.png 768w, https:\/\/www.capson.fr\/wp-content\/uploads\/QWrite-Images-1536x864.png 1536w, https:\/\/www.capson.fr\/wp-content\/uploads\/QWrite-Images-400x225.png 400w, https:\/\/www.capson.fr\/wp-content\/uploads\/QWrite-Images.png 1920w\" sizes=\"(max-width: 900px) 100vw, 900px\" \/>\t\t\t\t\t\t\t\t<\/a>\n\t\t\t\t\t\t\t\t\t\t\t\t\t<\/div>\n\t\t\t\t<\/div>\n\t\t\t\t\t<\/div>\n\t\t<\/div>\n\t\t\t\t\t<\/div>\n\t\t<\/section>\n\t\t\t\t<section class=\"has_eae_slider elementor-section elementor-top-section elementor-element elementor-element-263a4a1 elementor-section-boxed elementor-section-height-default elementor-section-height-default\" data-id=\"263a4a1\" data-element_type=\"section\">\n\t\t\t\t\t\t<div class=\"elementor-container elementor-column-gap-default\">\n\t\t\t\t\t<div class=\"has_eae_slider elementor-column elementor-col-100 elementor-top-column elementor-element elementor-element-86e3feb\" data-id=\"86e3feb\" data-element_type=\"column\">\n\t\t\t<div class=\"elementor-widget-wrap elementor-element-populated\">\n\t\t\t\t\t\t<div class=\"elementor-element elementor-element-546d77d elementor-widget elementor-widget-text-editor\" data-id=\"546d77d\" data-element_type=\"widget\" data-widget_type=\"text-editor.default\">\n\t\t\t\t<div class=\"elementor-widget-container\">\n\t\t\t\t\t\t\t<p>Quelques options peuvent \u00eatre utiles pour les \u00e9l\u00e8ves, comme par exemple le fait de pouvoir d\u00e9placer la position de la barre d&rsquo;outils pour qu&rsquo;elle soit plus facile d&rsquo;acc\u00e8s.<\/p>\t\t\t\t\t\t<\/div>\n\t\t\t\t<\/div>\n\t\t\t\t\t<\/div>\n\t\t<\/div>\n\t\t\t\t\t<\/div>\n\t\t<\/section>\n\t\t\t\t<section class=\"has_eae_slider elementor-section elementor-top-section elementor-element elementor-element-6d9d70f elementor-section-boxed elementor-section-height-default elementor-section-height-default\" data-id=\"6d9d70f\" data-element_type=\"section\">\n\t\t\t\t\t\t<div class=\"elementor-container elementor-column-gap-default\">\n\t\t\t\t\t<div class=\"has_eae_slider elementor-column elementor-col-100 elementor-top-column elementor-element elementor-element-abf1f53\" data-id=\"abf1f53\" data-element_type=\"column\">\n\t\t\t<div class=\"elementor-widget-wrap elementor-element-populated\">\n\t\t\t\t\t\t<div class=\"elementor-element elementor-element-0ce4a5f elementor-widget elementor-widget-image\" data-id=\"0ce4a5f\" data-element_type=\"widget\" data-widget_type=\"image.default\">\n\t\t\t\t<div class=\"elementor-widget-container\">\n\t\t\t\t\t\t\t\t\t\t\t\t\t\t<a href=\"https:\/\/www.capson.fr\/wp-content\/uploads\/QWrite-Position.png\" data-elementor-open-lightbox=\"yes\" data-elementor-lightbox-title=\"QWrite Position\" data-e-action-hash=\"#elementor-action%3Aaction%3Dlightbox%26settings%3DeyJpZCI6MTUzMDcsInVybCI6Imh0dHBzOlwvXC93d3cuY2Fwc29uLmZyXC93cC1jb250ZW50XC91cGxvYWRzXC9RV3JpdGUtUG9zaXRpb24ucG5nIn0%3D\">\n\t\t\t\t\t\t\t<img loading=\"lazy\" decoding=\"async\" width=\"900\" height=\"173\" src=\"https:\/\/www.capson.fr\/wp-content\/uploads\/QWrite-Position-1024x197.png\" class=\"attachment-large size-large wp-image-15307\" alt=\"\" srcset=\"https:\/\/www.capson.fr\/wp-content\/uploads\/QWrite-Position-1024x197.png 1024w, https:\/\/www.capson.fr\/wp-content\/uploads\/QWrite-Position-300x58.png 300w, https:\/\/www.capson.fr\/wp-content\/uploads\/QWrite-Position-768x148.png 768w, https:\/\/www.capson.fr\/wp-content\/uploads\/QWrite-Position-1536x296.png 1536w, https:\/\/www.capson.fr\/wp-content\/uploads\/QWrite-Position-400x77.png 400w, https:\/\/www.capson.fr\/wp-content\/uploads\/QWrite-Position.png 1920w\" sizes=\"(max-width: 900px) 100vw, 900px\" \/>\t\t\t\t\t\t\t\t<\/a>\n\t\t\t\t\t\t\t\t\t\t\t\t\t<\/div>\n\t\t\t\t<\/div>\n\t\t\t\t\t<\/div>\n\t\t<\/div>\n\t\t\t\t\t<\/div>\n\t\t<\/section>\n\t\t\t\t<section class=\"has_eae_slider elementor-section elementor-top-section elementor-element elementor-element-b68b602 elementor-section-boxed elementor-section-height-default elementor-section-height-default\" data-id=\"b68b602\" data-element_type=\"section\">\n\t\t\t\t\t\t<div class=\"elementor-container elementor-column-gap-default\">\n\t\t\t\t\t<div class=\"has_eae_slider elementor-column elementor-col-50 elementor-top-column elementor-element elementor-element-ee21915\" data-id=\"ee21915\" data-element_type=\"column\">\n\t\t\t<div class=\"elementor-widget-wrap elementor-element-populated\">\n\t\t\t\t\t\t<div class=\"elementor-element elementor-element-7580c75 elementor-widget elementor-widget-text-editor\" data-id=\"7580c75\" data-element_type=\"widget\" data-widget_type=\"text-editor.default\">\n\t\t\t\t<div class=\"elementor-widget-container\">\n\t\t\t\t\t\t\t<p>Vous pouvez t\u00e9l\u00e9charger le manuel QWrite en fran\u00e7ais sur le lien \u00e0 droite afin de d\u00e9couvrir tout le potentiel du logiciel.<\/p>\t\t\t\t\t\t<\/div>\n\t\t\t\t<\/div>\n\t\t\t\t\t<\/div>\n\t\t<\/div>\n\t\t\t\t<div class=\"has_eae_slider elementor-column elementor-col-50 elementor-top-column elementor-element elementor-element-d0be644\" data-id=\"d0be644\" data-element_type=\"column\">\n\t\t\t<div class=\"elementor-widget-wrap elementor-element-populated\">\n\t\t\t\t\t\t<div class=\"elementor-element elementor-element-87df039 elementor-widget elementor-widget-text-editor\" data-id=\"87df039\" data-element_type=\"widget\" data-widget_type=\"text-editor.default\">\n\t\t\t\t<div class=\"elementor-widget-container\">\n\t\t\t\t\t\t\t<p style=\"text-align: center;\"><a href=\"https:\/\/benqesupport.blob.core.windows.net\/esupport\/Projector\/UserManual\/Projector_um_User%20Manual_20160527_170805QWrite_EF.pdf\">Manuel QWrite<\/a><\/p>\t\t\t\t\t\t<\/div>\n\t\t\t\t<\/div>\n\t\t\t\t\t<\/div>\n\t\t<\/div>\n\t\t\t\t\t<\/div>\n\t\t<\/section>\n\t\t\t\t<section class=\"has_eae_slider elementor-section elementor-top-section elementor-element elementor-element-bda9b2d elementor-section-boxed elementor-section-height-default elementor-section-height-default\" data-id=\"bda9b2d\" data-element_type=\"section\">\n\t\t\t\t\t\t<div class=\"elementor-container elementor-column-gap-default\">\n\t\t\t\t\t<div class=\"has_eae_slider elementor-column elementor-col-100 elementor-top-column elementor-element elementor-element-f0f1723\" data-id=\"f0f1723\" data-element_type=\"column\">\n\t\t\t<div class=\"elementor-widget-wrap elementor-element-populated\">\n\t\t\t\t\t\t<div class=\"elementor-element elementor-element-7f0ceec elementor-widget elementor-widget-text-editor\" data-id=\"7f0ceec\" data-element_type=\"widget\" data-widget_type=\"text-editor.default\">\n\t\t\t\t<div class=\"elementor-widget-container\">\n\t\t\t\t\t\t\t<p style=\"text-align: center;\">La soci\u00e9t\u00e9 CAP SON vous souhaite une agr\u00e9able utilisation.<\/p>\t\t\t\t\t\t<\/div>\n\t\t\t\t<\/div>\n\t\t\t\t\t<\/div>\n\t\t<\/div>\n\t\t\t\t\t<\/div>\n\t\t<\/section>\n\t\t\t\t<\/div>\n\t\t","protected":false},"excerpt":{"rendered":"<p>Votre classe comprend un projecteur interactif et un syst\u00e8me son actif. Sur un cot\u00e9 du tableau se trouvent les prises HDMI et USB. La prise HDMI permet de connecter l&rsquo;image et l&rsquo;audio de votre ordinateur. La prise USB permet elle d&rsquo;utiliser l&rsquo;interactivit\u00e9 avec les stylets. Pour l&rsquo;utiliser, il vous faut donc raccorder un c\u00e2ble HDMI [&hellip;]<\/p>\n","protected":false},"author":1,"featured_media":0,"parent":0,"menu_order":0,"comment_status":"closed","ping_status":"closed","template":"","meta":{"ngg_post_thumbnail":0,"footnotes":""},"_links":{"self":[{"href":"https:\/\/www.capson.fr\/index.php?rest_route=\/wp\/v2\/pages\/15278"}],"collection":[{"href":"https:\/\/www.capson.fr\/index.php?rest_route=\/wp\/v2\/pages"}],"about":[{"href":"https:\/\/www.capson.fr\/index.php?rest_route=\/wp\/v2\/types\/page"}],"author":[{"embeddable":true,"href":"https:\/\/www.capson.fr\/index.php?rest_route=\/wp\/v2\/users\/1"}],"replies":[{"embeddable":true,"href":"https:\/\/www.capson.fr\/index.php?rest_route=%2Fwp%2Fv2%2Fcomments&post=15278"}],"version-history":[{"count":51,"href":"https:\/\/www.capson.fr\/index.php?rest_route=\/wp\/v2\/pages\/15278\/revisions"}],"predecessor-version":[{"id":15341,"href":"https:\/\/www.capson.fr\/index.php?rest_route=\/wp\/v2\/pages\/15278\/revisions\/15341"}],"wp:attachment":[{"href":"https:\/\/www.capson.fr\/index.php?rest_route=%2Fwp%2Fv2%2Fmedia&parent=15278"}],"curies":[{"name":"wp","href":"https:\/\/api.w.org\/{rel}","templated":true}]}}